{"id":16277,"date":"2020-07-28T20:38:47","date_gmt":"2020-07-28T20:38:47","guid":{"rendered":"https:\/\/basakcilastik.com.tr\/?post_type=product&#038;p=16277"},"modified":"2020-07-28T20:38:48","modified_gmt":"2020-07-28T20:38:48","slug":"torx-bits-uc-h-10x30mm-oto","status":"publish","type":"product","link":"http:\/\/basakcilastik.com.tr\/?product=torx-bits-uc-h-10x30mm-oto","title":{"rendered":"TORX B\u0130TS U\u00c7 H. 10X30MM (OTO)"},"content":{"rendered":"<p>TORX B\u0130TS U\u00c7 H. 10X30MM (OTO)<\/p>\n<table width=\"540\">\n<thead>\n<tr>\n<td><strong>Kod<\/strong><\/td>\n<td><strong>\u00dcr\u00fcn Ad\u0131<\/strong><\/td>\n<td><strong>Koli<\/strong><\/td>\n<td><strong>Paket<\/strong><\/td>\n<\/tr>\n<\/thead>\n<tbody>\n<tr>\n<td>005-RC2050<\/td>\n<td>T20<\/td>\n<td>20<\/td>\n<td>400<\/td>\n<\/tr>\n<tr>\n<td>005-RC2051<\/td>\n<td>T25<\/td>\n<td>20<\/td>\n<td>400<\/td>\n<\/tr>\n<tr>\n<td>005-RC2052<\/td>\n<td>T27<\/td>\n<td>20<\/td>\n<td>400<\/td>\n<\/tr>\n<tr>\n<td>005-RC2053<\/td>\n<td>T30<\/td>\n<td>20<\/td>\n<td>400<\/td>\n<\/tr>\n<tr>\n<td>005-RC2054<\/td>\n<td>T40<\/td>\n<td>20<\/td>\n<td>400<\/td>\n<\/tr>\n<tr>\n<td>005-KK1073<\/td>\n<td>T45<\/td>\n<td>20<\/td>\n<td>400<\/td>\n<\/tr>\n<tr>\n<td>005-RC2055<\/td>\n<td>T50<\/td>\n<td>20<\/td>\n<td>400<\/td>\n<\/tr>\n<tr>\n<td>005-KK1074<\/td>\n<td>T55<\/td>\n<td>20<\/td>\n<td>400<\/td>\n<\/tr>\n<tr>\n<td>005-RC2056<\/td>\n<td>T60<\/td>\n<td>20<\/td>\n<td>400<\/td>\n<\/tr>\n<\/tbody>\n<\/table>\n<p>&nbsp;<\/p>\n","protected":false},"excerpt":{"rendered":"<p>TORX B\u0130TS U\u00c7 H. 10X30MM (OTO) Kod \u00dcr\u00fcn Ad\u0131 Koli Paket 005-RC2050 T20 20 400 005-RC2051 T25 20 400 005-RC2052 T27 20 400 005-RC2053 T30 20 400 005-RC2054 T40 20 400 005-KK1073 T45 20 400 005-RC2055 T50 20 400 005-KK1074 T55 20 400 005-RC2056 T60 20 400 &nbsp;<\/p>\n","protected":false},"featured_media":16280,"comment_status":"open","ping_status":"closed","template":"","meta":[],"product_brand":[],"product_cat":[15,185,76,72],"product_tag":[],"class_list":{"0":"post-16277","1":"product","2":"type-product","3":"status-publish","4":"has-post-thumbnail","6":"product_cat-genel","7":"product_cat-bits","8":"product_cat-bits-uclar-ve-matkap-uclari","9":"product_cat-hirdavat","11":"first","12":"instock","13":"shipping-taxable","14":"product-type-simple"},"_links":{"self":[{"href":"http:\/\/basakcilastik.com.tr\/index.php?rest_route=\/wp\/v2\/product\/16277","targetHints":{"allow":["GET"]}}],"collection":[{"href":"http:\/\/basakcilastik.com.tr\/index.php?rest_route=\/wp\/v2\/product"}],"about":[{"href":"http:\/\/basakcilastik.com.tr\/index.php?rest_route=\/wp\/v2\/types\/product"}],"replies":[{"embeddable":true,"href":"http:\/\/basakcilastik.com.tr\/index.php?rest_route=%2Fwp%2Fv2%2Fcomments&post=16277"}],"wp:featuredmedia":[{"embeddable":true,"href":"http:\/\/basakcilastik.com.tr\/index.php?rest_route=\/wp\/v2\/media\/16280"}],"wp:attachment":[{"href":"http:\/\/basakcilastik.com.tr\/index.php?rest_route=%2Fwp%2Fv2%2Fmedia&parent=16277"}],"wp:term":[{"taxonomy":"product_brand","embeddable":true,"href":"http:\/\/basakcilastik.com.tr\/index.php?rest_route=%2Fwp%2Fv2%2Fproduct_brand&post=16277"},{"taxonomy":"product_cat","embeddable":true,"href":"http:\/\/basakcilastik.com.tr\/index.php?rest_route=%2Fwp%2Fv2%2Fproduct_cat&post=16277"},{"taxonomy":"product_tag","embeddable":true,"href":"http:\/\/basakcilastik.com.tr\/index.php?rest_route=%2Fwp%2Fv2%2Fproduct_tag&post=16277"}],"curies":[{"name":"wp","href":"https:\/\/api.w.org\/{rel}","templated":true}]}}