{"id":16273,"date":"2020-07-28T20:37:24","date_gmt":"2020-07-28T20:37:24","guid":{"rendered":"https:\/\/basakcilastik.com.tr\/?post_type=product&#038;p=16273"},"modified":"2020-07-28T20:37:25","modified_gmt":"2020-07-28T20:37:25","slug":"sc-233-bits-uc-takimi","status":"publish","type":"product","link":"http:\/\/basakcilastik.com.tr\/?product=sc-233-bits-uc-takimi","title":{"rendered":"SC-233 B\u0130TS U\u00c7 TAKIMI"},"content":{"rendered":"<p>SC-233 B\u0130TS U\u00c7 TAKIMI<\/p>\n","protected":false},"excerpt":{"rendered":"<p>SC-233 B\u0130TS U\u00c7 TAKIMI<\/p>\n","protected":false},"featured_media":16276,"comment_status":"open","ping_status":"closed","template":"","meta":[],"product_brand":[],"product_cat":[15,185,76,72],"product_tag":[],"class_list":{"0":"post-16273","1":"product","2":"type-product","3":"status-publish","4":"has-post-thumbnail","6":"product_cat-genel","7":"product_cat-bits","8":"product_cat-bits-uclar-ve-matkap-uclari","9":"product_cat-hirdavat","11":"first","12":"instock","13":"shipping-taxable","14":"product-type-simple"},"_links":{"self":[{"href":"http:\/\/basakcilastik.com.tr\/index.php?rest_route=\/wp\/v2\/product\/16273","targetHints":{"allow":["GET"]}}],"collection":[{"href":"http:\/\/basakcilastik.com.tr\/index.php?rest_route=\/wp\/v2\/product"}],"about":[{"href":"http:\/\/basakcilastik.com.tr\/index.php?rest_route=\/wp\/v2\/types\/product"}],"replies":[{"embeddable":true,"href":"http:\/\/basakcilastik.com.tr\/index.php?rest_route=%2Fwp%2Fv2%2Fcomments&post=16273"}],"wp:featuredmedia":[{"embeddable":true,"href":"http:\/\/basakcilastik.com.tr\/index.php?rest_route=\/wp\/v2\/media\/16276"}],"wp:attachment":[{"href":"http:\/\/basakcilastik.com.tr\/index.php?rest_route=%2Fwp%2Fv2%2Fmedia&parent=16273"}],"wp:term":[{"taxonomy":"product_brand","embeddable":true,"href":"http:\/\/basakcilastik.com.tr\/index.php?rest_route=%2Fwp%2Fv2%2Fproduct_brand&post=16273"},{"taxonomy":"product_cat","embeddable":true,"href":"http:\/\/basakcilastik.com.tr\/index.php?rest_route=%2Fwp%2Fv2%2Fproduct_cat&post=16273"},{"taxonomy":"product_tag","embeddable":true,"href":"http:\/\/basakcilastik.com.tr\/index.php?rest_route=%2Fwp%2Fv2%2Fproduct_tag&post=16273"}],"curies":[{"name":"wp","href":"https:\/\/api.w.org\/{rel}","templated":true}]}}