{"id":16267,"date":"2020-07-28T20:34:34","date_gmt":"2020-07-28T20:34:34","guid":{"rendered":"https:\/\/basakcilastik.com.tr\/?post_type=product&#038;p=16267"},"modified":"2020-07-28T20:34:35","modified_gmt":"2020-07-28T20:34:35","slug":"rbs6030-titanyum-bits-set","status":"publish","type":"product","link":"http:\/\/basakcilastik.com.tr\/?product=rbs6030-titanyum-bits-set","title":{"rendered":"RBS6030 Titanyum Bits Set"},"content":{"rendered":"<ul>\n<li>Tamam\u0131 sertle\u015ftirilmi\u015f chrome vanadium \u00e7eli\u011finden\u00a0mam\u00fcl.<\/li>\n<li>\u0130nd\u00fcksiyonla sertle\u015ftirilmi\u015f ve hassas i\u015flenmi\u015f u\u00e7lar.<\/li>\n<li>Yayl\u0131 fonksiyonel plastik ambalaj.<\/li>\n<\/ul>\n<table width=\"100%\">\n<tbody>\n<tr>\n<td width=\"148\"><strong>\u00a0\u00dcr\u00fcn Kodu<\/strong><\/td>\n<td width=\"159\"><strong>\u00a0\u00d6l\u00e7\u00fc<\/strong><\/td>\n<td width=\"173\"><strong>\u00a0Paket \/ Koli<\/strong><\/td>\n<\/tr>\n<tr>\n<td width=\"148\">\u00a0RBS6030<\/td>\n<td width=\"159\">\u00a010 pcs<\/td>\n<td width=\"173\">\u00a025 \/ 60 Adet<\/td>\n<\/tr>\n<\/tbody>\n<\/table>\n<p>&nbsp;<\/p>\n","protected":false},"excerpt":{"rendered":"<p>Tamam\u0131 sertle\u015ftirilmi\u015f chrome vanadium \u00e7eli\u011finden\u00a0mam\u00fcl. \u0130nd\u00fcksiyonla sertle\u015ftirilmi\u015f ve hassas i\u015flenmi\u015f u\u00e7lar. Yayl\u0131 fonksiyonel plastik ambalaj. \u00a0\u00dcr\u00fcn Kodu \u00a0\u00d6l\u00e7\u00fc \u00a0Paket \/ Koli \u00a0RBS6030 \u00a010 pcs \u00a025 \/ 60 Adet &nbsp;<\/p>\n","protected":false},"featured_media":16270,"comment_status":"open","ping_status":"closed","template":"","meta":[],"product_brand":[],"product_cat":[15,185,76,72],"product_tag":[],"class_list":{"0":"post-16267","1":"product","2":"type-product","3":"status-publish","4":"has-post-thumbnail","6":"product_cat-genel","7":"product_cat-bits","8":"product_cat-bits-uclar-ve-matkap-uclari","9":"product_cat-hirdavat","11":"first","12":"instock","13":"shipping-taxable","14":"product-type-simple"},"_links":{"self":[{"href":"http:\/\/basakcilastik.com.tr\/index.php?rest_route=\/wp\/v2\/product\/16267","targetHints":{"allow":["GET"]}}],"collection":[{"href":"http:\/\/basakcilastik.com.tr\/index.php?rest_route=\/wp\/v2\/product"}],"about":[{"href":"http:\/\/basakcilastik.com.tr\/index.php?rest_route=\/wp\/v2\/types\/product"}],"replies":[{"embeddable":true,"href":"http:\/\/basakcilastik.com.tr\/index.php?rest_route=%2Fwp%2Fv2%2Fcomments&post=16267"}],"wp:featuredmedia":[{"embeddable":true,"href":"http:\/\/basakcilastik.com.tr\/index.php?rest_route=\/wp\/v2\/media\/16270"}],"wp:attachment":[{"href":"http:\/\/basakcilastik.com.tr\/index.php?rest_route=%2Fwp%2Fv2%2Fmedia&parent=16267"}],"wp:term":[{"taxonomy":"product_brand","embeddable":true,"href":"http:\/\/basakcilastik.com.tr\/index.php?rest_route=%2Fwp%2Fv2%2Fproduct_brand&post=16267"},{"taxonomy":"product_cat","embeddable":true,"href":"http:\/\/basakcilastik.com.tr\/index.php?rest_route=%2Fwp%2Fv2%2Fproduct_cat&post=16267"},{"taxonomy":"product_tag","embeddable":true,"href":"http:\/\/basakcilastik.com.tr\/index.php?rest_route=%2Fwp%2Fv2%2Fproduct_tag&post=16267"}],"curies":[{"name":"wp","href":"https:\/\/api.w.org\/{rel}","templated":true}]}}