{"id":16253,"date":"2020-07-28T20:29:22","date_gmt":"2020-07-28T20:29:22","guid":{"rendered":"https:\/\/basakcilastik.com.tr\/?post_type=product&#038;p=16253"},"modified":"2020-07-28T20:29:23","modified_gmt":"2020-07-28T20:29:23","slug":"master-manyetik-somun-adaptorleri","status":"publish","type":"product","link":"http:\/\/basakcilastik.com.tr\/?product=master-manyetik-somun-adaptorleri","title":{"rendered":"&#8221;Master&#8221; Manyetik Somun Adapt\u00f6rleri"},"content":{"rendered":"<p>Alt\u0131gen ba\u015fl\u0131 somunlar\u0131 s\u0131kmak i\u00e7in somun ve matkap aras\u0131nda kullan\u0131lan aksesuard\u0131r.<\/p>\n<table width=\"100%\">\n<thead>\n<tr>\n<td><strong>\u00dcR\u00dcN KODU<\/strong><\/td>\n<td><strong>B\u0130R\u0130M<\/strong><\/td>\n<td><strong>\u00c7ap (mm)<\/strong><\/td>\n<td><strong>Boy (mm)<\/strong><\/td>\n<td><strong>Paketleme Bilgisi Miktar<\/strong><\/td>\n<td><strong>En<\/strong><\/td>\n<td><strong>Boy<\/strong><\/td>\n<td><strong>Y\u00fckseklik<\/strong><\/td>\n<td><strong>Net A\u011f\u0131rl\u0131k<\/strong><\/td>\n<td><strong>Br\u00fct A\u011f\u0131rl\u0131k<\/strong><\/td>\n<\/tr>\n<\/thead>\n<tbody>\n<tr>\n<td>02.05.01.00.07045<\/td>\n<td>AD<\/td>\n<td>7<\/td>\n<td>45<\/td>\n<td>1<\/td>\n<td>0<\/td>\n<td>0<\/td>\n<td>0<\/td>\n<td>0<\/td>\n<td>0<\/td>\n<\/tr>\n<tr>\n<td>02.05.01.00.07045<\/td>\n<td>PK<\/td>\n<td>7<\/td>\n<td>45<\/td>\n<td>10<\/td>\n<td>0<\/td>\n<td>0<\/td>\n<td>0<\/td>\n<td>0<\/td>\n<td>0<\/td>\n<\/tr>\n<tr>\n<td>02.05.01.00.07045<\/td>\n<td>KL<\/td>\n<td>7<\/td>\n<td>45<\/td>\n<td>600<\/td>\n<td>0<\/td>\n<td>0<\/td>\n<td>0<\/td>\n<td>0<\/td>\n<td>0<\/td>\n<\/tr>\n<tr>\n<td>02.05.01.00.08045<\/td>\n<td>AD<\/td>\n<td>8<\/td>\n<td>45<\/td>\n<td>1<\/td>\n<td>0<\/td>\n<td>0<\/td>\n<td>0<\/td>\n<td>0<\/td>\n<td>0<\/td>\n<\/tr>\n<tr>\n<td>02.05.01.00.08045<\/td>\n<td>PK<\/td>\n<td>8<\/td>\n<td>45<\/td>\n<td>10<\/td>\n<td>0<\/td>\n<td>0<\/td>\n<td>0<\/td>\n<td>0<\/td>\n<td>0<\/td>\n<\/tr>\n<tr>\n<td>02.05.01.00.08045<\/td>\n<td>KL<\/td>\n<td>8<\/td>\n<td>45<\/td>\n<td>600<\/td>\n<td>0<\/td>\n<td>0<\/td>\n<td>0<\/td>\n<td>0<\/td>\n<td>0<\/td>\n<\/tr>\n<tr>\n<td>02.05.01.00.08065<\/td>\n<td>AD<\/td>\n<td>8<\/td>\n<td>65<\/td>\n<td>1<\/td>\n<td>0<\/td>\n<td>0<\/td>\n<td>0<\/td>\n<td>0<\/td>\n<td>0<\/td>\n<\/tr>\n<tr>\n<td>02.05.01.00.08065<\/td>\n<td>PK<\/td>\n<td>8<\/td>\n<td>65<\/td>\n<td>10<\/td>\n<td>0<\/td>\n<td>0<\/td>\n<td>0<\/td>\n<td>0<\/td>\n<td>0<\/td>\n<\/tr>\n<tr>\n<td>02.05.01.00.08065<\/td>\n<td>KL<\/td>\n<td>8<\/td>\n<td>65<\/td>\n<td>500<\/td>\n<td>0<\/td>\n<td>0<\/td>\n<td>0<\/td>\n<td>0<\/td>\n<td>0<\/td>\n<\/tr>\n<tr>\n<td>02.05.01.00.10045<\/td>\n<td>AD<\/td>\n<td>10<\/td>\n<td>45<\/td>\n<td>1<\/td>\n<td>0<\/td>\n<td>0<\/td>\n<td>0<\/td>\n<td>0<\/td>\n<td>0<\/td>\n<\/tr>\n<tr>\n<td>02.05.01.00.10045<\/td>\n<td>PK<\/td>\n<td>10<\/td>\n<td>45<\/td>\n<td>10<\/td>\n<td>0<\/td>\n<td>0<\/td>\n<td>0<\/td>\n<td>0<\/td>\n<td>0<\/td>\n<\/tr>\n<tr>\n<td>02.05.01.00.10045<\/td>\n<td>KL<\/td>\n<td>10<\/td>\n<td>45<\/td>\n<td>600<\/td>\n<td>0<\/td>\n<td>0<\/td>\n<td>0<\/td>\n<td>0<\/td>\n<td>0<\/td>\n<\/tr>\n<tr>\n<td>02.05.01.00.10065<\/td>\n<td>AD<\/td>\n<td>10<\/td>\n<td>65<\/td>\n<td>1<\/td>\n<td>0<\/td>\n<td>0<\/td>\n<td>0<\/td>\n<td>0<\/td>\n<td>0<\/td>\n<\/tr>\n<tr>\n<td>02.05.01.00.10065<\/td>\n<td>PK<\/td>\n<td>10<\/td>\n<td>65<\/td>\n<td>8<\/td>\n<td>0<\/td>\n<td>0<\/td>\n<td>0<\/td>\n<td>0<\/td>\n<td>0<\/td>\n<\/tr>\n<tr>\n<td>02.05.01.00.10065<\/td>\n<td>KL<\/td>\n<td>10<\/td>\n<td>65<\/td>\n<td>400<\/td>\n<td>0<\/td>\n<td>0<\/td>\n<td>0<\/td>\n<td>0<\/td>\n<td>0<\/td>\n<\/tr>\n<tr>\n<td>02.05.01.00.11065<\/td>\n<td>AD<\/td>\n<td>11<\/td>\n<td>65<\/td>\n<td>1<\/td>\n<td>0<\/td>\n<td>0<\/td>\n<td>0<\/td>\n<td>0<\/td>\n<td>0<\/td>\n<\/tr>\n<tr>\n<td>02.05.01.00.11065<\/td>\n<td>PK<\/td>\n<td>11<\/td>\n<td>65<\/td>\n<td>8<\/td>\n<td>0<\/td>\n<td>0<\/td>\n<td>0<\/td>\n<td>0<\/td>\n<td>0<\/td>\n<\/tr>\n<tr>\n<td>02.05.01.00.11065<\/td>\n<td>KL<\/td>\n<td>11<\/td>\n<td>65<\/td>\n<td>480<\/td>\n<td>0<\/td>\n<td>0<\/td>\n<td>0<\/td>\n<td>0<\/td>\n<td>0<\/td>\n<\/tr>\n<tr>\n<td>02.05.01.00.12065<\/td>\n<td>AD<\/td>\n<td>12<\/td>\n<td>65<\/td>\n<td>1<\/td>\n<td>0<\/td>\n<td>0<\/td>\n<td>0<\/td>\n<td>0<\/td>\n<td>0<\/td>\n<\/tr>\n<tr>\n<td>02.05.01.00.12065<\/td>\n<td>PK<\/td>\n<td>12<\/td>\n<td>65<\/td>\n<td>6<\/td>\n<td>0<\/td>\n<td>0<\/td>\n<td>0<\/td>\n<td>0<\/td>\n<td>0<\/td>\n<\/tr>\n<tr>\n<td>02.05.01.00.12065<\/td>\n<td>KL<\/td>\n<td>12<\/td>\n<td>65<\/td>\n<td>300<\/td>\n<td>0<\/td>\n<td>0<\/td>\n<td>0<\/td>\n<td>0<\/td>\n<td>0<\/td>\n<\/tr>\n<tr>\n<td>02.05.01.00.13065<\/td>\n<td>AD<\/td>\n<td>13<\/td>\n<td>65<\/td>\n<td>1<\/td>\n<td>0<\/td>\n<td>0<\/td>\n<td>0<\/td>\n<td>0<\/td>\n<td>0<\/td>\n<\/tr>\n<tr>\n<td>02.05.01.00.13065<\/td>\n<td>PK<\/td>\n<td>13<\/td>\n<td>65<\/td>\n<td>6<\/td>\n<td>0<\/td>\n<td>0<\/td>\n<td>0<\/td>\n<td>0<\/td>\n<td>0<\/td>\n<\/tr>\n<tr>\n<td>02.05.01.00.13065<\/td>\n<td>KL<\/td>\n<td>13<\/td>\n<td>65<\/td>\n<td>300<\/td>\n<td>0<\/td>\n<td>0<\/td>\n<td>0<\/td>\n<td>0<\/td>\n<td>0<\/td>\n<\/tr>\n<tr>\n<td>02.05.01.00.14065<\/td>\n<td>AD<\/td>\n<td>14<\/td>\n<td>65<\/td>\n<td>1<\/td>\n<td>0<\/td>\n<td>0<\/td>\n<td>0<\/td>\n<td>0<\/td>\n<td>0<\/td>\n<\/tr>\n<tr>\n<td>02.05.01.00.14065<\/td>\n<td>PK<\/td>\n<td>14<\/td>\n<td>65<\/td>\n<td>5<\/td>\n<td>0<\/td>\n<td>0<\/td>\n<td>0<\/td>\n<td>0<\/td>\n<td>0<\/td>\n<\/tr>\n<tr>\n<td>02.05.01.00.14065<\/td>\n<td>KL<\/td>\n<td>14<\/td>\n<td>65<\/td>\n<td>250<\/td>\n<td>0<\/td>\n<td>0<\/td>\n<td>0<\/td>\n<td>0<\/td>\n<td>0<\/td>\n<\/tr>\n<tr>\n<td>02.05.01.00.15065<\/td>\n<td>AD<\/td>\n<td>15<\/td>\n<td>65<\/td>\n<td>1<\/td>\n<td>0<\/td>\n<td>0<\/td>\n<td>0<\/td>\n<td>0<\/td>\n<td>0<\/td>\n<\/tr>\n<tr>\n<td>02.05.01.00.15065<\/td>\n<td>PK<\/td>\n<td>15<\/td>\n<td>65<\/td>\n<td>5<\/td>\n<td>0<\/td>\n<td>0<\/td>\n<td>0<\/td>\n<td>0<\/td>\n<td>0<\/td>\n<\/tr>\n<tr>\n<td>02.05.01.00.15065<\/td>\n<td>KL<\/td>\n<td>15<\/td>\n<td>65<\/td>\n<td>250<\/td>\n<td>0<\/td>\n<td>0<\/td>\n<td>0<\/td>\n<td>0<\/td>\n<td>0<\/td>\n<\/tr>\n<tr>\n<td>02.05.01.00.17065<\/td>\n<td>AD<\/td>\n<td>17<\/td>\n<td>65<\/td>\n<td>1<\/td>\n<td>0<\/td>\n<td>0<\/td>\n<td>0<\/td>\n<td>0<\/td>\n<td>0<\/td>\n<\/tr>\n<tr>\n<td>02.05.01.00.17065<\/td>\n<td>PK<\/td>\n<td>17<\/td>\n<td>65<\/td>\n<td>5<\/td>\n<td>0<\/td>\n<td>0<\/td>\n<td>0<\/td>\n<td>0<\/td>\n<td>0<\/td>\n<\/tr>\n<tr>\n<td>02.05.01.00.17065<\/td>\n<td>KL<\/td>\n<td>17<\/td>\n<td>65<\/td>\n<td>250<\/td>\n<td>0<\/td>\n<td>0<\/td>\n<td>0<\/td>\n<td>0<\/td>\n<td>0<\/td>\n<\/tr>\n<\/tbody>\n<\/table>\n<p>&nbsp;<\/p>\n","protected":false},"excerpt":{"rendered":"<p>Alt\u0131gen ba\u015fl\u0131 somunlar\u0131 s\u0131kmak i\u00e7in somun ve matkap aras\u0131nda kullan\u0131lan aksesuard\u0131r. \u00dcR\u00dcN KODU B\u0130R\u0130M \u00c7ap (mm) Boy (mm) Paketleme Bilgisi Miktar En Boy Y\u00fckseklik Net A\u011f\u0131rl\u0131k Br\u00fct A\u011f\u0131rl\u0131k 02.05.01.00.07045 AD 7 45 1 0 0 0 0 0 02.05.01.00.07045 PK 7 45 10 0 0 0 0 0 02.05.01.00.07045 KL 7 45 600 0 0 0 0 0 02.05.01.00.08045 AD [&hellip;]<\/p>\n","protected":false},"featured_media":16256,"comment_status":"open","ping_status":"closed","template":"","meta":[],"product_brand":[],"product_cat":[15,185,76,72],"product_tag":[],"class_list":{"0":"post-16253","1":"product","2":"type-product","3":"status-publish","4":"has-post-thumbnail","6":"product_cat-genel","7":"product_cat-bits","8":"product_cat-bits-uclar-ve-matkap-uclari","9":"product_cat-hirdavat","11":"first","12":"instock","13":"shipping-taxable","14":"product-type-simple"},"_links":{"self":[{"href":"http:\/\/basakcilastik.com.tr\/index.php?rest_route=\/wp\/v2\/product\/16253","targetHints":{"allow":["GET"]}}],"collection":[{"href":"http:\/\/basakcilastik.com.tr\/index.php?rest_route=\/wp\/v2\/product"}],"about":[{"href":"http:\/\/basakcilastik.com.tr\/index.php?rest_route=\/wp\/v2\/types\/product"}],"replies":[{"embeddable":true,"href":"http:\/\/basakcilastik.com.tr\/index.php?rest_route=%2Fwp%2Fv2%2Fcomments&post=16253"}],"wp:featuredmedia":[{"embeddable":true,"href":"http:\/\/basakcilastik.com.tr\/index.php?rest_route=\/wp\/v2\/media\/16256"}],"wp:attachment":[{"href":"http:\/\/basakcilastik.com.tr\/index.php?rest_route=%2Fwp%2Fv2%2Fmedia&parent=16253"}],"wp:term":[{"taxonomy":"product_brand","embeddable":true,"href":"http:\/\/basakcilastik.com.tr\/index.php?rest_route=%2Fwp%2Fv2%2Fproduct_brand&post=16253"},{"taxonomy":"product_cat","embeddable":true,"href":"http:\/\/basakcilastik.com.tr\/index.php?rest_route=%2Fwp%2Fv2%2Fproduct_cat&post=16253"},{"taxonomy":"product_tag","embeddable":true,"href":"http:\/\/basakcilastik.com.tr\/index.php?rest_route=%2Fwp%2Fv2%2Fproduct_tag&post=16253"}],"curies":[{"name":"wp","href":"https:\/\/api.w.org\/{rel}","templated":true}]}}