{"id":15985,"date":"2020-07-27T23:18:04","date_gmt":"2020-07-27T23:18:04","guid":{"rendered":"https:\/\/basakcilastik.com.tr\/?post_type=product&#038;p=15985"},"modified":"2020-07-27T23:18:05","modified_gmt":"2020-07-27T23:18:05","slug":"wert-4191-katlanir-kurek-25-58cm","status":"publish","type":"product","link":"http:\/\/basakcilastik.com.tr\/?product=wert-4191-katlanir-kurek-25-58cm","title":{"rendered":"WERT 4191 Katlan\u0131r K\u00fcrek (25-58cm)"},"content":{"rendered":"<p>WERT 4191 Katlan\u0131r K\u00fcrek (25-58cm)<\/p>\n<p>&nbsp;<\/p>\n<ul>\n<li>Yerden tasarruf sa\u011flayan \u00fc\u00e7e katlanan k\u00fcrek<br \/>\n\u25cf Bah\u00e7e,kamp vb. uygulamalar i\u00e7in ideal<br \/>\n\u25cf Katland\u0131\u011f\u0131ndaki ebatlar: 25&#215;15 cm<br \/>\n\u25cf Kal\u0131n kesitli a\u011f\u0131r \u00e7elikten mamul<br \/>\n\u25cf G\u00fc\u00e7l\u00fc mafsal ve sabitleyici elemanlar<br \/>\n\u25cf Saklama \u00e7antas\u0131 ile birlikte<br \/>\n\u25cf A\u00e7\u0131ld\u0131\u011f\u0131ndaki uzunluk: 58cm<\/li>\n<\/ul>\n<p>&nbsp;<\/p>\n","protected":false},"excerpt":{"rendered":"<p>WERT 4191 Katlan\u0131r K\u00fcrek (25-58cm) &nbsp; Yerden tasarruf sa\u011flayan \u00fc\u00e7e katlanan k\u00fcrek \u25cf Bah\u00e7e,kamp vb. uygulamalar i\u00e7in ideal \u25cf Katland\u0131\u011f\u0131ndaki ebatlar: 25&#215;15 cm \u25cf Kal\u0131n kesitli a\u011f\u0131r \u00e7elikten mamul \u25cf G\u00fc\u00e7l\u00fc mafsal ve sabitleyici elemanlar \u25cf Saklama \u00e7antas\u0131 ile birlikte \u25cf A\u00e7\u0131ld\u0131\u011f\u0131ndaki uzunluk: 58cm &nbsp;<\/p>\n","protected":false},"featured_media":15988,"comment_status":"open","ping_status":"closed","template":"","meta":[],"product_brand":[],"product_cat":[15,75,72],"product_tag":[],"class_list":{"0":"post-15985","1":"product","2":"type-product","3":"status-publish","4":"has-post-thumbnail","6":"product_cat-genel","7":"product_cat-bahce-aletleri","8":"product_cat-hirdavat","10":"first","11":"instock","12":"shipping-taxable","13":"product-type-simple"},"_links":{"self":[{"href":"http:\/\/basakcilastik.com.tr\/index.php?rest_route=\/wp\/v2\/product\/15985","targetHints":{"allow":["GET"]}}],"collection":[{"href":"http:\/\/basakcilastik.com.tr\/index.php?rest_route=\/wp\/v2\/product"}],"about":[{"href":"http:\/\/basakcilastik.com.tr\/index.php?rest_route=\/wp\/v2\/types\/product"}],"replies":[{"embeddable":true,"href":"http:\/\/basakcilastik.com.tr\/index.php?rest_route=%2Fwp%2Fv2%2Fcomments&post=15985"}],"wp:featuredmedia":[{"embeddable":true,"href":"http:\/\/basakcilastik.com.tr\/index.php?rest_route=\/wp\/v2\/media\/15988"}],"wp:attachment":[{"href":"http:\/\/basakcilastik.com.tr\/index.php?rest_route=%2Fwp%2Fv2%2Fmedia&parent=15985"}],"wp:term":[{"taxonomy":"product_brand","embeddable":true,"href":"http:\/\/basakcilastik.com.tr\/index.php?rest_route=%2Fwp%2Fv2%2Fproduct_brand&post=15985"},{"taxonomy":"product_cat","embeddable":true,"href":"http:\/\/basakcilastik.com.tr\/index.php?rest_route=%2Fwp%2Fv2%2Fproduct_cat&post=15985"},{"taxonomy":"product_tag","embeddable":true,"href":"http:\/\/basakcilastik.com.tr\/index.php?rest_route=%2Fwp%2Fv2%2Fproduct_tag&post=15985"}],"curies":[{"name":"wp","href":"https:\/\/api.w.org\/{rel}","templated":true}]}}