{"id":15963,"date":"2020-07-27T23:07:40","date_gmt":"2020-07-27T23:07:40","guid":{"rendered":"https:\/\/basakcilastik.com.tr\/?post_type=product&#038;p=15963"},"modified":"2020-07-27T23:07:40","modified_gmt":"2020-07-27T23:07:40","slug":"troy-41104-budama-testeresi-kabzali-150mm","status":"publish","type":"product","link":"http:\/\/basakcilastik.com.tr\/?product=troy-41104-budama-testeresi-kabzali-150mm","title":{"rendered":"TROY 41104 Budama Testeresi &#8211; Kabzal\u0131 (150mm)"},"content":{"rendered":"<p>TROY 41104 Budama Testeresi &#8211; Kabzal\u0131 (150mm)<\/p>\n<p>&nbsp;<\/p>\n<ul>\n<li>Kolay kesim i\u00e7in \u00fc\u00e7 a\u00e7\u0131l\u0131 testere di\u015fleri<br \/>\n\u25cf Sertle\u015ftirilmi\u015f y\u00fcksek kalite testere<br \/>\n\u25cf Dayan\u0131kl\u0131 plastik g\u00f6vde<br \/>\n\u25cf Kaymaz yumu\u015fak tutacakl\u0131 sap<br \/>\n\u25cf Plastik testere k\u0131l\u0131f\u0131<br \/>\n\u25cf 150mm testere a\u011fz\u0131<\/li>\n<\/ul>\n<p><strong>A\u011f\u0131rl\u0131k(Kg)<\/strong><\/p>\n<p><strong>:<\/strong><\/p>\n<p>0.43<\/p>\n<p>&nbsp;<\/p>\n","protected":false},"excerpt":{"rendered":"<p>TROY 41104 Budama Testeresi &#8211; Kabzal\u0131 (150mm) &nbsp; Kolay kesim i\u00e7in \u00fc\u00e7 a\u00e7\u0131l\u0131 testere di\u015fleri \u25cf Sertle\u015ftirilmi\u015f y\u00fcksek kalite testere \u25cf Dayan\u0131kl\u0131 plastik g\u00f6vde \u25cf Kaymaz yumu\u015fak tutacakl\u0131 sap \u25cf Plastik testere k\u0131l\u0131f\u0131 \u25cf 150mm testere a\u011fz\u0131 A\u011f\u0131rl\u0131k(Kg) : 0.43 &nbsp;<\/p>\n","protected":false},"featured_media":15966,"comment_status":"open","ping_status":"closed","template":"","meta":[],"product_brand":[],"product_cat":[15,75,72],"product_tag":[],"class_list":{"0":"post-15963","1":"product","2":"type-product","3":"status-publish","4":"has-post-thumbnail","6":"product_cat-genel","7":"product_cat-bahce-aletleri","8":"product_cat-hirdavat","10":"first","11":"instock","12":"shipping-taxable","13":"product-type-simple"},"_links":{"self":[{"href":"http:\/\/basakcilastik.com.tr\/index.php?rest_route=\/wp\/v2\/product\/15963","targetHints":{"allow":["GET"]}}],"collection":[{"href":"http:\/\/basakcilastik.com.tr\/index.php?rest_route=\/wp\/v2\/product"}],"about":[{"href":"http:\/\/basakcilastik.com.tr\/index.php?rest_route=\/wp\/v2\/types\/product"}],"replies":[{"embeddable":true,"href":"http:\/\/basakcilastik.com.tr\/index.php?rest_route=%2Fwp%2Fv2%2Fcomments&post=15963"}],"wp:featuredmedia":[{"embeddable":true,"href":"http:\/\/basakcilastik.com.tr\/index.php?rest_route=\/wp\/v2\/media\/15966"}],"wp:attachment":[{"href":"http:\/\/basakcilastik.com.tr\/index.php?rest_route=%2Fwp%2Fv2%2Fmedia&parent=15963"}],"wp:term":[{"taxonomy":"product_brand","embeddable":true,"href":"http:\/\/basakcilastik.com.tr\/index.php?rest_route=%2Fwp%2Fv2%2Fproduct_brand&post=15963"},{"taxonomy":"product_cat","embeddable":true,"href":"http:\/\/basakcilastik.com.tr\/index.php?rest_route=%2Fwp%2Fv2%2Fproduct_cat&post=15963"},{"taxonomy":"product_tag","embeddable":true,"href":"http:\/\/basakcilastik.com.tr\/index.php?rest_route=%2Fwp%2Fv2%2Fproduct_tag&post=15963"}],"curies":[{"name":"wp","href":"https:\/\/api.w.org\/{rel}","templated":true}]}}