{"id":15889,"date":"2020-07-27T22:28:31","date_gmt":"2020-07-27T22:28:31","guid":{"rendered":"https:\/\/basakcilastik.com.tr\/?post_type=product&#038;p=15889"},"modified":"2020-07-27T22:28:31","modified_gmt":"2020-07-27T22:28:31","slug":"bag-makasi-izoleli-8-yhy55","status":"publish","type":"product","link":"http:\/\/basakcilastik.com.tr\/?product=bag-makasi-izoleli-8-yhy55","title":{"rendered":"BA\u011e MAKASI \u0130ZOLEL\u0130 8&#8221; YHY55"},"content":{"rendered":"<p>BA\u011e MAKASI \u0130ZOLEL\u0130 8&#8221; YHY55<\/p>\n","protected":false},"excerpt":{"rendered":"<p>BA\u011e MAKASI \u0130ZOLEL\u0130 8&#8221; YHY55<\/p>\n","protected":false},"featured_media":15892,"comment_status":"open","ping_status":"closed","template":"","meta":[],"product_brand":[],"product_cat":[15,75,72],"product_tag":[],"class_list":{"0":"post-15889","1":"product","2":"type-product","3":"status-publish","4":"has-post-thumbnail","6":"product_cat-genel","7":"product_cat-bahce-aletleri","8":"product_cat-hirdavat","10":"first","11":"instock","12":"shipping-taxable","13":"product-type-simple"},"_links":{"self":[{"href":"http:\/\/basakcilastik.com.tr\/index.php?rest_route=\/wp\/v2\/product\/15889","targetHints":{"allow":["GET"]}}],"collection":[{"href":"http:\/\/basakcilastik.com.tr\/index.php?rest_route=\/wp\/v2\/product"}],"about":[{"href":"http:\/\/basakcilastik.com.tr\/index.php?rest_route=\/wp\/v2\/types\/product"}],"replies":[{"embeddable":true,"href":"http:\/\/basakcilastik.com.tr\/index.php?rest_route=%2Fwp%2Fv2%2Fcomments&post=15889"}],"wp:featuredmedia":[{"embeddable":true,"href":"http:\/\/basakcilastik.com.tr\/index.php?rest_route=\/wp\/v2\/media\/15892"}],"wp:attachment":[{"href":"http:\/\/basakcilastik.com.tr\/index.php?rest_route=%2Fwp%2Fv2%2Fmedia&parent=15889"}],"wp:term":[{"taxonomy":"product_brand","embeddable":true,"href":"http:\/\/basakcilastik.com.tr\/index.php?rest_route=%2Fwp%2Fv2%2Fproduct_brand&post=15889"},{"taxonomy":"product_cat","embeddable":true,"href":"http:\/\/basakcilastik.com.tr\/index.php?rest_route=%2Fwp%2Fv2%2Fproduct_cat&post=15889"},{"taxonomy":"product_tag","embeddable":true,"href":"http:\/\/basakcilastik.com.tr\/index.php?rest_route=%2Fwp%2Fv2%2Fproduct_tag&post=15889"}],"curies":[{"name":"wp","href":"https:\/\/api.w.org\/{rel}","templated":true}]}}