{"id":15879,"date":"2020-07-27T22:25:26","date_gmt":"2020-07-27T22:25:26","guid":{"rendered":"https:\/\/basakcilastik.com.tr\/?post_type=product&#038;p=15879"},"modified":"2020-07-27T22:25:26","modified_gmt":"2020-07-27T22:25:26","slug":"bag-makasi-1001","status":"publish","type":"product","link":"http:\/\/basakcilastik.com.tr\/?product=bag-makasi-1001","title":{"rendered":"Ba\u011f Makas\u0131 1001"},"content":{"rendered":"<ul>\n<li>End\u00fcksiyonla sertle\u015ftirilmi\u015f hassas ve keski a\u011f\u0131zlar.<\/li>\n<li>S\u0131cak d\u00f6v\u00fclm\u00fc\u015f ve hassas sertle\u015ftirilmi\u015f \u00f6zel alet \u00e7eli\u011fi.<\/li>\n<li>Entegre yaylar sayesinde kolay kullan\u0131m.<\/li>\n<\/ul>\n<table width=\"100%\">\n<tbody>\n<tr>\n<td width=\"148\"><strong>\u00a0\u00dcr\u00fcn Kodu<\/strong><\/td>\n<td width=\"159\"><strong>\u00a0\u00d6l\u00e7\u00fc<\/strong><\/td>\n<td width=\"173\"><strong>\u00a0Paket \/ Koli<\/strong><\/td>\n<\/tr>\n<tr>\n<td width=\"148\">\u00a0RBM1001<\/td>\n<td width=\"159\">\u00a0225 mm<\/td>\n<td width=\"173\">\u00a010 \/ 60 Adet<\/td>\n<\/tr>\n<\/tbody>\n<\/table>\n<p>&nbsp;<\/p>\n","protected":false},"excerpt":{"rendered":"<p>End\u00fcksiyonla sertle\u015ftirilmi\u015f hassas ve keski a\u011f\u0131zlar. S\u0131cak d\u00f6v\u00fclm\u00fc\u015f ve hassas sertle\u015ftirilmi\u015f \u00f6zel alet \u00e7eli\u011fi. Entegre yaylar sayesinde kolay kullan\u0131m. \u00a0\u00dcr\u00fcn Kodu \u00a0\u00d6l\u00e7\u00fc \u00a0Paket \/ Koli \u00a0RBM1001 \u00a0225 mm \u00a010 \/ 60 Adet &nbsp;<\/p>\n","protected":false},"featured_media":15882,"comment_status":"open","ping_status":"closed","template":"","meta":[],"product_brand":[],"product_cat":[15,75,72],"product_tag":[],"class_list":{"0":"post-15879","1":"product","2":"type-product","3":"status-publish","4":"has-post-thumbnail","6":"product_cat-genel","7":"product_cat-bahce-aletleri","8":"product_cat-hirdavat","10":"first","11":"instock","12":"shipping-taxable","13":"product-type-simple"},"_links":{"self":[{"href":"http:\/\/basakcilastik.com.tr\/index.php?rest_route=\/wp\/v2\/product\/15879","targetHints":{"allow":["GET"]}}],"collection":[{"href":"http:\/\/basakcilastik.com.tr\/index.php?rest_route=\/wp\/v2\/product"}],"about":[{"href":"http:\/\/basakcilastik.com.tr\/index.php?rest_route=\/wp\/v2\/types\/product"}],"replies":[{"embeddable":true,"href":"http:\/\/basakcilastik.com.tr\/index.php?rest_route=%2Fwp%2Fv2%2Fcomments&post=15879"}],"wp:featuredmedia":[{"embeddable":true,"href":"http:\/\/basakcilastik.com.tr\/index.php?rest_route=\/wp\/v2\/media\/15882"}],"wp:attachment":[{"href":"http:\/\/basakcilastik.com.tr\/index.php?rest_route=%2Fwp%2Fv2%2Fmedia&parent=15879"}],"wp:term":[{"taxonomy":"product_brand","embeddable":true,"href":"http:\/\/basakcilastik.com.tr\/index.php?rest_route=%2Fwp%2Fv2%2Fproduct_brand&post=15879"},{"taxonomy":"product_cat","embeddable":true,"href":"http:\/\/basakcilastik.com.tr\/index.php?rest_route=%2Fwp%2Fv2%2Fproduct_cat&post=15879"},{"taxonomy":"product_tag","embeddable":true,"href":"http:\/\/basakcilastik.com.tr\/index.php?rest_route=%2Fwp%2Fv2%2Fproduct_tag&post=15879"}],"curies":[{"name":"wp","href":"https:\/\/api.w.org\/{rel}","templated":true}]}}