{"id":15715,"date":"2020-07-27T20:37:29","date_gmt":"2020-07-27T20:37:29","guid":{"rendered":"https:\/\/basakcilastik.com.tr\/?post_type=product&#038;p=15715"},"modified":"2020-07-27T20:37:30","modified_gmt":"2020-07-27T20:37:30","slug":"yildiz-iki-agiz-anahtarlar","status":"publish","type":"product","link":"http:\/\/basakcilastik.com.tr\/?product=yildiz-iki-agiz-anahtarlar","title":{"rendered":"Y\u0131ld\u0131z \u0130ki A\u011f\u0131z Anahtarlar"},"content":{"rendered":"<ul>\n<li>\u0130nd\u00fcksiyonla sertle\u015ftirilmi\u015f hassas a\u011f\u0131zlar.<\/li>\n<li>S\u0131cak d\u00f6v\u00fclm\u00fc\u015f,sertle\u015ftirilmi\u015f ve tavlanm\u0131\u015f chrome vanadium \u00e7elik.<\/li>\n<li>Parlat\u0131lm\u0131\u015f mat krom kaplama.<\/li>\n<li>D\u00fc\u015f\u00fck imalat toleranslar\u0131,anahtarlar\u0131n civata \u00fczerine kusursuz oturmas\u0131n\u0131 sa\u011flar.<\/li>\n<li>Civata ba\u015flar\u0131 kolay ge\u00e7en \u00f6zel profiller.<\/li>\n<li>72 di\u015f c\u0131rc\u0131r mekanizmas\u0131 sayesinde dar alanda seri \u00e7al\u0131\u015fma sa\u011flar.<\/li>\n<\/ul>\n<table width=\"100%\">\n<tbody>\n<tr>\n<td width=\"148\"><strong>\u00a0\u00dcr\u00fcn Kodu<\/strong><\/td>\n<td width=\"159\"><strong>\u00a0\u00d6l\u00e7\u00fc<\/strong><\/td>\n<td width=\"173\"><strong>\u00a0Paket \/ Koli<\/strong><\/td>\n<\/tr>\n<tr>\n<td width=\"148\">\u00a0RYA0607<\/td>\n<td width=\"159\">\u00a06 x 7 mm<\/td>\n<td width=\"173\">\u00a012 \/ 360 Adet<\/td>\n<\/tr>\n<tr>\n<td width=\"148\">\u00a0RYA0809<\/td>\n<td width=\"159\">\u00a08 x 9 mm<\/td>\n<td width=\"173\">\u00a012 \/ 360 Adet<\/td>\n<\/tr>\n<tr>\n<td width=\"148\">\u00a0RYA1011<\/td>\n<td width=\"159\">\u00a010 x 11 mm<\/td>\n<td width=\"173\">\u00a012 \/ 240 Adet<\/td>\n<\/tr>\n<tr>\n<td width=\"148\">\u00a0RYA1213<\/td>\n<td width=\"159\">\u00a012 x 13 mm<\/td>\n<td width=\"173\">\u00a012 \/ 180 Adet<\/td>\n<\/tr>\n<tr>\n<td width=\"148\">\u00a0RYA1415<\/td>\n<td width=\"159\">\u00a014 x 15 mm<\/td>\n<td width=\"173\">\u00a012 \/ 120 Adet<\/td>\n<\/tr>\n<tr>\n<td width=\"148\">\u00a0RYA1617<\/td>\n<td width=\"159\">\u00a016 x 17 mm<\/td>\n<td width=\"173\">\u00a012 \/ 120 Adet<\/td>\n<\/tr>\n<tr>\n<td width=\"148\">\u00a0RYA1819<\/td>\n<td width=\"159\">\u00a018 x 19 mm<\/td>\n<td width=\"173\">\u00a06 \/ 90 Adet<\/td>\n<\/tr>\n<tr>\n<td width=\"148\">\u00a0RYA2022<\/td>\n<td width=\"159\">\u00a020 x 22 mm<\/td>\n<td width=\"173\">\u00a06 \/ 90 Adet<\/td>\n<\/tr>\n<tr>\n<td width=\"148\">\u00a0RYA2123<\/td>\n<td width=\"159\">\u00a021 x 23 mm<\/td>\n<td width=\"173\">\u00a06 \/ 60 Adet<\/td>\n<\/tr>\n<tr>\n<td width=\"148\">\u00a0RYA2426<\/td>\n<td width=\"159\">\u00a024 x 26 mm<\/td>\n<td width=\"173\">\u00a06 \/ 60 Adet<\/td>\n<\/tr>\n<tr>\n<td width=\"148\">\u00a0RYA2427<\/td>\n<td width=\"159\">\u00a024 x 27 mm<\/td>\n<td width=\"173\">\u00a06 \/ 60 Adet<\/td>\n<\/tr>\n<tr>\n<td width=\"148\">\u00a0RYA2528<\/td>\n<td width=\"159\">\u00a025 x 28 mm<\/td>\n<td width=\"173\">\u00a06 \/ 30 Adet<\/td>\n<\/tr>\n<tr>\n<td width=\"148\">\u00a0RYA3032<\/td>\n<td width=\"159\">\u00a030 x 32 mm<\/td>\n<td width=\"173\">\u00a06 \/ 30 Adet<\/td>\n<\/tr>\n<tr>\n<td width=\"148\">\u00a0RYA3641<\/td>\n<td width=\"159\">\u00a036 x 41 mm<\/td>\n<td width=\"173\">\u00a05 \/ 25 Adet<\/td>\n<\/tr>\n<tr>\n<td width=\"148\">\u00a0RYA4146<\/td>\n<td width=\"159\">\u00a041 x 46 mm<\/td>\n<td width=\"173\">\u00a05 \/ 15 Adet<\/td>\n<\/tr>\n<\/tbody>\n<\/table>\n<p>&nbsp;<\/p>\n","protected":false},"excerpt":{"rendered":"<p>\u0130nd\u00fcksiyonla sertle\u015ftirilmi\u015f hassas a\u011f\u0131zlar. S\u0131cak d\u00f6v\u00fclm\u00fc\u015f,sertle\u015ftirilmi\u015f ve tavlanm\u0131\u015f chrome vanadium \u00e7elik. Parlat\u0131lm\u0131\u015f mat krom kaplama. D\u00fc\u015f\u00fck imalat toleranslar\u0131,anahtarlar\u0131n civata \u00fczerine kusursuz oturmas\u0131n\u0131 sa\u011flar. Civata ba\u015flar\u0131 kolay ge\u00e7en \u00f6zel profiller. 72 di\u015f c\u0131rc\u0131r mekanizmas\u0131 sayesinde dar alanda seri \u00e7al\u0131\u015fma sa\u011flar. \u00a0\u00dcr\u00fcn Kodu \u00a0\u00d6l\u00e7\u00fc \u00a0Paket \/ Koli \u00a0RYA0607 \u00a06 x 7 mm \u00a012 \/ 360 Adet \u00a0RYA0809 \u00a08 x 9 mm \u00a012 [&hellip;]<\/p>\n","protected":false},"featured_media":15719,"comment_status":"open","ping_status":"closed","template":"","meta":[],"product_brand":[],"product_cat":[15,73,72],"product_tag":[],"class_list":{"0":"post-15715","1":"product","2":"type-product","3":"status-publish","4":"has-post-thumbnail","6":"product_cat-genel","7":"product_cat-anahtarlar","8":"product_cat-hirdavat","10":"first","11":"instock","12":"shipping-taxable","13":"product-type-simple"},"_links":{"self":[{"href":"http:\/\/basakcilastik.com.tr\/index.php?rest_route=\/wp\/v2\/product\/15715","targetHints":{"allow":["GET"]}}],"collection":[{"href":"http:\/\/basakcilastik.com.tr\/index.php?rest_route=\/wp\/v2\/product"}],"about":[{"href":"http:\/\/basakcilastik.com.tr\/index.php?rest_route=\/wp\/v2\/types\/product"}],"replies":[{"embeddable":true,"href":"http:\/\/basakcilastik.com.tr\/index.php?rest_route=%2Fwp%2Fv2%2Fcomments&post=15715"}],"wp:featuredmedia":[{"embeddable":true,"href":"http:\/\/basakcilastik.com.tr\/index.php?rest_route=\/wp\/v2\/media\/15719"}],"wp:attachment":[{"href":"http:\/\/basakcilastik.com.tr\/index.php?rest_route=%2Fwp%2Fv2%2Fmedia&parent=15715"}],"wp:term":[{"taxonomy":"product_brand","embeddable":true,"href":"http:\/\/basakcilastik.com.tr\/index.php?rest_route=%2Fwp%2Fv2%2Fproduct_brand&post=15715"},{"taxonomy":"product_cat","embeddable":true,"href":"http:\/\/basakcilastik.com.tr\/index.php?rest_route=%2Fwp%2Fv2%2Fproduct_cat&post=15715"},{"taxonomy":"product_tag","embeddable":true,"href":"http:\/\/basakcilastik.com.tr\/index.php?rest_route=%2Fwp%2Fv2%2Fproduct_tag&post=15715"}],"curies":[{"name":"wp","href":"https:\/\/api.w.org\/{rel}","templated":true}]}}