{"id":15699,"date":"2020-07-27T20:29:09","date_gmt":"2020-07-27T20:29:09","guid":{"rendered":"https:\/\/basakcilastik.com.tr\/?post_type=product&#038;p=15699"},"modified":"2020-07-27T20:29:09","modified_gmt":"2020-07-27T20:29:09","slug":"vde-894-tek-agizli-anahtar","status":"publish","type":"product","link":"http:\/\/basakcilastik.com.tr\/?product=vde-894-tek-agizli-anahtar","title":{"rendered":"VDE 894 Tek A\u011f\u0131zl\u0131 Anahtar"},"content":{"rendered":"<p>VDE 894 Tek A\u011f\u0131zl\u0131 Anahtar<\/p>\n","protected":false},"excerpt":{"rendered":"<p>VDE 894 Tek A\u011f\u0131zl\u0131 Anahtar<\/p>\n","protected":false},"featured_media":15702,"comment_status":"open","ping_status":"closed","template":"","meta":[],"product_brand":[],"product_cat":[15,73,72],"product_tag":[],"class_list":{"0":"post-15699","1":"product","2":"type-product","3":"status-publish","4":"has-post-thumbnail","6":"product_cat-genel","7":"product_cat-anahtarlar","8":"product_cat-hirdavat","10":"first","11":"instock","12":"shipping-taxable","13":"product-type-simple"},"_links":{"self":[{"href":"http:\/\/basakcilastik.com.tr\/index.php?rest_route=\/wp\/v2\/product\/15699","targetHints":{"allow":["GET"]}}],"collection":[{"href":"http:\/\/basakcilastik.com.tr\/index.php?rest_route=\/wp\/v2\/product"}],"about":[{"href":"http:\/\/basakcilastik.com.tr\/index.php?rest_route=\/wp\/v2\/types\/product"}],"replies":[{"embeddable":true,"href":"http:\/\/basakcilastik.com.tr\/index.php?rest_route=%2Fwp%2Fv2%2Fcomments&post=15699"}],"wp:featuredmedia":[{"embeddable":true,"href":"http:\/\/basakcilastik.com.tr\/index.php?rest_route=\/wp\/v2\/media\/15702"}],"wp:attachment":[{"href":"http:\/\/basakcilastik.com.tr\/index.php?rest_route=%2Fwp%2Fv2%2Fmedia&parent=15699"}],"wp:term":[{"taxonomy":"product_brand","embeddable":true,"href":"http:\/\/basakcilastik.com.tr\/index.php?rest_route=%2Fwp%2Fv2%2Fproduct_brand&post=15699"},{"taxonomy":"product_cat","embeddable":true,"href":"http:\/\/basakcilastik.com.tr\/index.php?rest_route=%2Fwp%2Fv2%2Fproduct_cat&post=15699"},{"taxonomy":"product_tag","embeddable":true,"href":"http:\/\/basakcilastik.com.tr\/index.php?rest_route=%2Fwp%2Fv2%2Fproduct_tag&post=15699"}],"curies":[{"name":"wp","href":"https:\/\/api.w.org\/{rel}","templated":true}]}}