{"id":15671,"date":"2020-07-27T20:18:41","date_gmt":"2020-07-27T20:18:41","guid":{"rendered":"https:\/\/basakcilastik.com.tr\/?post_type=product&#038;p=15671"},"modified":"2020-07-27T20:18:41","modified_gmt":"2020-07-27T20:18:41","slug":"t-sapli-lokma-anahtar","status":"publish","type":"product","link":"http:\/\/basakcilastik.com.tr\/?product=t-sapli-lokma-anahtar","title":{"rendered":"T Sapl\u0131 Lokma Anahtar"},"content":{"rendered":"<ul>\n<li>\u00d6zel tasar\u0131m ergonomik sap.<\/li>\n<li>Korozyona kar\u015f\u0131 parlak chrome kaplama.<\/li>\n<li>Anahtarlar\u0131n kolay oturmas\u0131 i\u00e7in yuvarlat\u0131lm\u0131\u015f u\u00e7lar.<\/li>\n<li>S\u0131cak \u00e7ekilmi\u015f,sertle\u015ftirilmi\u015f ve tavlanm\u0131\u015f CR-V\u00a0malzeme.<\/li>\n<\/ul>\n<table width=\"100%\">\n<tbody>\n<tr>\n<td width=\"148\"><strong>\u00a0\u00dcr\u00fcn Kodu<\/strong><\/td>\n<td width=\"159\"><strong>\u00a0\u00d6l\u00e7\u00fc<\/strong><\/td>\n<td width=\"173\"><strong>\u00a0Paket \/ Koli<\/strong><\/td>\n<\/tr>\n<tr>\n<td width=\"148\">\u00a0RTS1006<\/td>\n<td width=\"159\">\u00a06 mm<\/td>\n<td width=\"173\">\u00a012 \/ 96 Adet<\/td>\n<\/tr>\n<tr>\n<td width=\"148\">\u00a0RTS1007<\/td>\n<td width=\"159\">\u00a07 mm<\/td>\n<td width=\"173\">\u00a012 \/ 96 Adet<\/td>\n<\/tr>\n<tr>\n<td width=\"148\">\u00a0RTS1008<\/td>\n<td width=\"159\">\u00a08 mm<\/td>\n<td width=\"173\">\u00a012 \/ 96 Adet<\/td>\n<\/tr>\n<tr>\n<td width=\"148\">\u00a0RTS1010<\/td>\n<td width=\"159\">\u00a010 mm<\/td>\n<td width=\"173\">\u00a012 \/ 96 Adet<\/td>\n<\/tr>\n<tr>\n<td width=\"148\">\u00a0RTS1011<\/td>\n<td width=\"159\">\u00a011 mm<\/td>\n<td width=\"173\">\u00a012 \/ 96 Adet<\/td>\n<\/tr>\n<tr>\n<td width=\"148\">\u00a0RTS1012<\/td>\n<td width=\"159\">\u00a012 mm<\/td>\n<td width=\"173\">\u00a012 \/ 96 Adet<\/td>\n<\/tr>\n<tr>\n<td width=\"148\">\u00a0RTS1013<\/td>\n<td width=\"159\">\u00a013 mm<\/td>\n<td width=\"173\">\u00a012 \/ 96 Adet<\/td>\n<\/tr>\n<\/tbody>\n<\/table>\n<p>&nbsp;<\/p>\n","protected":false},"excerpt":{"rendered":"<p>\u00d6zel tasar\u0131m ergonomik sap. Korozyona kar\u015f\u0131 parlak chrome kaplama. Anahtarlar\u0131n kolay oturmas\u0131 i\u00e7in yuvarlat\u0131lm\u0131\u015f u\u00e7lar. S\u0131cak \u00e7ekilmi\u015f,sertle\u015ftirilmi\u015f ve tavlanm\u0131\u015f CR-V\u00a0malzeme. \u00a0\u00dcr\u00fcn Kodu \u00a0\u00d6l\u00e7\u00fc \u00a0Paket \/ Koli \u00a0RTS1006 \u00a06 mm \u00a012 \/ 96 Adet \u00a0RTS1007 \u00a07 mm \u00a012 \/ 96 Adet \u00a0RTS1008 \u00a08 mm \u00a012 \/ 96 Adet \u00a0RTS1010 \u00a010 mm \u00a012 \/ 96 Adet \u00a0RTS1011 \u00a011 mm \u00a012 \/ 96 [&hellip;]<\/p>\n","protected":false},"featured_media":15674,"comment_status":"open","ping_status":"closed","template":"","meta":[],"product_brand":[],"product_cat":[15,73,72],"product_tag":[],"class_list":{"0":"post-15671","1":"product","2":"type-product","3":"status-publish","4":"has-post-thumbnail","6":"product_cat-genel","7":"product_cat-anahtarlar","8":"product_cat-hirdavat","10":"first","11":"instock","12":"shipping-taxable","13":"product-type-simple"},"_links":{"self":[{"href":"http:\/\/basakcilastik.com.tr\/index.php?rest_route=\/wp\/v2\/product\/15671","targetHints":{"allow":["GET"]}}],"collection":[{"href":"http:\/\/basakcilastik.com.tr\/index.php?rest_route=\/wp\/v2\/product"}],"about":[{"href":"http:\/\/basakcilastik.com.tr\/index.php?rest_route=\/wp\/v2\/types\/product"}],"replies":[{"embeddable":true,"href":"http:\/\/basakcilastik.com.tr\/index.php?rest_route=%2Fwp%2Fv2%2Fcomments&post=15671"}],"wp:featuredmedia":[{"embeddable":true,"href":"http:\/\/basakcilastik.com.tr\/index.php?rest_route=\/wp\/v2\/media\/15674"}],"wp:attachment":[{"href":"http:\/\/basakcilastik.com.tr\/index.php?rest_route=%2Fwp%2Fv2%2Fmedia&parent=15671"}],"wp:term":[{"taxonomy":"product_brand","embeddable":true,"href":"http:\/\/basakcilastik.com.tr\/index.php?rest_route=%2Fwp%2Fv2%2Fproduct_brand&post=15671"},{"taxonomy":"product_cat","embeddable":true,"href":"http:\/\/basakcilastik.com.tr\/index.php?rest_route=%2Fwp%2Fv2%2Fproduct_cat&post=15671"},{"taxonomy":"product_tag","embeddable":true,"href":"http:\/\/basakcilastik.com.tr\/index.php?rest_route=%2Fwp%2Fv2%2Fproduct_tag&post=15671"}],"curies":[{"name":"wp","href":"https:\/\/api.w.org\/{rel}","templated":true}]}}