{"id":15646,"date":"2020-07-27T20:07:14","date_gmt":"2020-07-27T20:07:14","guid":{"rendered":"https:\/\/basakcilastik.com.tr\/?post_type=product&#038;p=15646"},"modified":"2020-07-27T20:07:14","modified_gmt":"2020-07-27T20:07:14","slug":"plastik-kartli-acik-iki-agizli-anahtar","status":"publish","type":"product","link":"http:\/\/basakcilastik.com.tr\/?product=plastik-kartli-acik-iki-agizli-anahtar","title":{"rendered":"Plastik Kartl\u0131 A\u00e7\u0131k \u0130ki A\u011f\u0131zl\u0131 Anahtar"},"content":{"rendered":"<table>\n<tbody>\n<tr>\n<td rowspan=\"2\">ADO<br \/>\na\u00e7\u0131k iki a\u011f\u0131zl\u0131 anahtarlar<br \/>\nt\u00fcm \u00f6l\u00e7\u00fcler y\u00fcksek vas\u0131fl\u0131 krom-vanadium \u00e7eli\u011finden \u00fcretilir.<br \/>\nt\u00fcm \u00f6l\u00e7\u00fcler parlak krom kaplamad\u0131r.<br \/>\nt\u00fcm \u00f6l\u00e7\u00fcler so\u011fuk bask\u0131 y\u00f6ntemiyle olu\u015fturulan ALFATECH\u00ae \u00f6zel dizayn\u0131d\u0131r.<br \/>\ny\u00fcksek tork performans\u0131 sunar.<br \/>\npaketleme: barkodlu alfatech ambalaj\u0131<\/td>\n<td colspan=\"2\" width=\"17\">&nbsp;<\/td>\n<td width=\"0\"><\/td>\n<\/tr>\n<tr>\n<td width=\"10\"><\/td>\n<td width=\"10\"><\/td>\n<td width=\"0\">&nbsp;<\/td>\n<\/tr>\n<\/tbody>\n<\/table>\n<p>&nbsp;<\/p>\n<table width=\"633\">\n<thead>\n<tr>\n<td><strong>Stok Kodu<\/strong><\/td>\n<td><strong>mm<\/strong><\/td>\n<td><strong>Adet<\/strong><\/td>\n<td><strong>Stok Kodu<\/strong><\/td>\n<td><strong>mm<\/strong><\/td>\n<td><strong>Adet<\/strong><\/td>\n<\/tr>\n<\/thead>\n<tbody>\n<tr>\n<td>ADO-0607<\/td>\n<td>6&#215;7<\/td>\n<td>20<\/td>\n<td>ADO-2022<\/td>\n<td>20&#215;22<\/td>\n<td>10<\/td>\n<\/tr>\n<tr>\n<td>ADO-0809<\/td>\n<td>8&#215;9<\/td>\n<td>20<\/td>\n<td>ADO-2123<\/td>\n<td>21&#215;23<\/td>\n<td>10<\/td>\n<\/tr>\n<tr>\n<td>ADO-1011<\/td>\n<td>10&#215;11<\/td>\n<td>20<\/td>\n<td>ADO-2427<\/td>\n<td>24&#215;27<\/td>\n<td>10<\/td>\n<\/tr>\n<tr>\n<td>ADO-1213<\/td>\n<td>12&#215;13<\/td>\n<td>20<\/td>\n<td>ADO-2528<\/td>\n<td>25&#215;28<\/td>\n<td>10<\/td>\n<\/tr>\n<tr>\n<td>ADO-1415<\/td>\n<td>14&#215;15<\/td>\n<td>20<\/td>\n<td>ADO-3032<\/td>\n<td>30&#215;32<\/td>\n<td>10<\/td>\n<\/tr>\n<tr>\n<td>ADO-1617<\/td>\n<td>16&#215;17<\/td>\n<td>20<\/td>\n<td>ADO-3641<\/td>\n<td>36&#215;41<\/td>\n<td>5<\/td>\n<\/tr>\n<tr>\n<td>ADO-1819<\/td>\n<td>18&#215;19<\/td>\n<td>20<\/td>\n<td><\/td>\n<td><\/td>\n<td>&nbsp;<\/td>\n<\/tr>\n<\/tbody>\n<\/table>\n<p>&nbsp;<\/p>\n","protected":false},"excerpt":{"rendered":"<p>ADO a\u00e7\u0131k iki a\u011f\u0131zl\u0131 anahtarlar t\u00fcm \u00f6l\u00e7\u00fcler y\u00fcksek vas\u0131fl\u0131 krom-vanadium \u00e7eli\u011finden \u00fcretilir. t\u00fcm \u00f6l\u00e7\u00fcler parlak krom kaplamad\u0131r. t\u00fcm \u00f6l\u00e7\u00fcler so\u011fuk bask\u0131 y\u00f6ntemiyle olu\u015fturulan ALFATECH\u00ae \u00f6zel dizayn\u0131d\u0131r. y\u00fcksek tork performans\u0131 sunar. paketleme: barkodlu alfatech ambalaj\u0131 &nbsp; &nbsp; &nbsp; Stok Kodu mm Adet Stok Kodu mm Adet ADO-0607 6&#215;7 20 ADO-2022 20&#215;22 10 ADO-0809 8&#215;9 20 ADO-2123 21&#215;23 10 ADO-1011 10&#215;11 20 [&hellip;]<\/p>\n","protected":false},"featured_media":15649,"comment_status":"open","ping_status":"closed","template":"","meta":[],"product_brand":[],"product_cat":[15,73,72],"product_tag":[],"class_list":{"0":"post-15646","1":"product","2":"type-product","3":"status-publish","4":"has-post-thumbnail","6":"product_cat-genel","7":"product_cat-anahtarlar","8":"product_cat-hirdavat","10":"first","11":"instock","12":"shipping-taxable","13":"product-type-simple"},"_links":{"self":[{"href":"http:\/\/basakcilastik.com.tr\/index.php?rest_route=\/wp\/v2\/product\/15646","targetHints":{"allow":["GET"]}}],"collection":[{"href":"http:\/\/basakcilastik.com.tr\/index.php?rest_route=\/wp\/v2\/product"}],"about":[{"href":"http:\/\/basakcilastik.com.tr\/index.php?rest_route=\/wp\/v2\/types\/product"}],"replies":[{"embeddable":true,"href":"http:\/\/basakcilastik.com.tr\/index.php?rest_route=%2Fwp%2Fv2%2Fcomments&post=15646"}],"wp:featuredmedia":[{"embeddable":true,"href":"http:\/\/basakcilastik.com.tr\/index.php?rest_route=\/wp\/v2\/media\/15649"}],"wp:attachment":[{"href":"http:\/\/basakcilastik.com.tr\/index.php?rest_route=%2Fwp%2Fv2%2Fmedia&parent=15646"}],"wp:term":[{"taxonomy":"product_brand","embeddable":true,"href":"http:\/\/basakcilastik.com.tr\/index.php?rest_route=%2Fwp%2Fv2%2Fproduct_brand&post=15646"},{"taxonomy":"product_cat","embeddable":true,"href":"http:\/\/basakcilastik.com.tr\/index.php?rest_route=%2Fwp%2Fv2%2Fproduct_cat&post=15646"},{"taxonomy":"product_tag","embeddable":true,"href":"http:\/\/basakcilastik.com.tr\/index.php?rest_route=%2Fwp%2Fv2%2Fproduct_tag&post=15646"}],"curies":[{"name":"wp","href":"https:\/\/api.w.org\/{rel}","templated":true}]}}