{"id":15591,"date":"2020-07-27T19:46:35","date_gmt":"2020-07-27T19:46:35","guid":{"rendered":"https:\/\/basakcilastik.com.tr\/?post_type=product&#038;p=15591"},"modified":"2020-07-27T19:46:36","modified_gmt":"2020-07-27T19:46:36","slug":"l-allen-anahtar-takimi-uzun","status":"publish","type":"product","link":"http:\/\/basakcilastik.com.tr\/?product=l-allen-anahtar-takimi-uzun","title":{"rendered":"L Allen Anahtar Tak\u0131m\u0131 Uzun"},"content":{"rendered":"<ul>\n<li>Korozyona kar\u015f\u0131 nikel kaplama.<\/li>\n<li>Anahtarlar\u0131n kolay oturmas\u0131 i\u00e7in yuvarlat\u0131lm\u0131\u015f u\u00e7lar.<\/li>\n<li>\u0130stenilen boyun kolay se\u00e7imini sa\u011flayan klips.<\/li>\n<li>Sertle\u015ftirilmi\u015f kaliteli chrome vanadium malzeme.<\/li>\n<\/ul>\n<p>\u0130\u00e7eri\u011fi :<\/p>\n<p>1.5, 2, 2.5, 3, 4, 5, 6, 8, 10 mm<\/p>\n<table width=\"100%\">\n<tbody>\n<tr>\n<td width=\"148\"><strong>\u00a0\u00dcr\u00fcn Kodu<\/strong><\/td>\n<td width=\"159\"><strong>\u00a0\u00d6l\u00e7\u00fc<\/strong><\/td>\n<td width=\"173\"><strong>\u00a0Paket \/ Koli<\/strong><\/td>\n<\/tr>\n<tr>\n<td width=\"148\">\u00a0RAT4009<\/td>\n<td width=\"159\">\u00a09 Pcs<\/td>\n<td width=\"173\">\u00a012 \/ 48 Adet<\/td>\n<\/tr>\n<\/tbody>\n<\/table>\n<p>&nbsp;<\/p>\n","protected":false},"excerpt":{"rendered":"<p>Korozyona kar\u015f\u0131 nikel kaplama. Anahtarlar\u0131n kolay oturmas\u0131 i\u00e7in yuvarlat\u0131lm\u0131\u015f u\u00e7lar. \u0130stenilen boyun kolay se\u00e7imini sa\u011flayan klips. Sertle\u015ftirilmi\u015f kaliteli chrome vanadium malzeme. \u0130\u00e7eri\u011fi : 1.5, 2, 2.5, 3, 4, 5, 6, 8, 10 mm \u00a0\u00dcr\u00fcn Kodu \u00a0\u00d6l\u00e7\u00fc \u00a0Paket \/ Koli \u00a0RAT4009 \u00a09 Pcs \u00a012 \/ 48 Adet &nbsp;<\/p>\n","protected":false},"featured_media":15594,"comment_status":"open","ping_status":"closed","template":"","meta":[],"product_brand":[],"product_cat":[15,73,72],"product_tag":[],"class_list":{"0":"post-15591","1":"product","2":"type-product","3":"status-publish","4":"has-post-thumbnail","6":"product_cat-genel","7":"product_cat-anahtarlar","8":"product_cat-hirdavat","10":"first","11":"instock","12":"shipping-taxable","13":"product-type-simple"},"_links":{"self":[{"href":"http:\/\/basakcilastik.com.tr\/index.php?rest_route=\/wp\/v2\/product\/15591","targetHints":{"allow":["GET"]}}],"collection":[{"href":"http:\/\/basakcilastik.com.tr\/index.php?rest_route=\/wp\/v2\/product"}],"about":[{"href":"http:\/\/basakcilastik.com.tr\/index.php?rest_route=\/wp\/v2\/types\/product"}],"replies":[{"embeddable":true,"href":"http:\/\/basakcilastik.com.tr\/index.php?rest_route=%2Fwp%2Fv2%2Fcomments&post=15591"}],"wp:featuredmedia":[{"embeddable":true,"href":"http:\/\/basakcilastik.com.tr\/index.php?rest_route=\/wp\/v2\/media\/15594"}],"wp:attachment":[{"href":"http:\/\/basakcilastik.com.tr\/index.php?rest_route=%2Fwp%2Fv2%2Fmedia&parent=15591"}],"wp:term":[{"taxonomy":"product_brand","embeddable":true,"href":"http:\/\/basakcilastik.com.tr\/index.php?rest_route=%2Fwp%2Fv2%2Fproduct_brand&post=15591"},{"taxonomy":"product_cat","embeddable":true,"href":"http:\/\/basakcilastik.com.tr\/index.php?rest_route=%2Fwp%2Fv2%2Fproduct_cat&post=15591"},{"taxonomy":"product_tag","embeddable":true,"href":"http:\/\/basakcilastik.com.tr\/index.php?rest_route=%2Fwp%2Fv2%2Fproduct_tag&post=15591"}],"curies":[{"name":"wp","href":"https:\/\/api.w.org\/{rel}","templated":true}]}}