{"id":15551,"date":"2020-07-27T19:32:48","date_gmt":"2020-07-27T19:32:48","guid":{"rendered":"https:\/\/basakcilastik.com.tr\/?post_type=product&#038;p=15551"},"modified":"2020-07-27T19:32:49","modified_gmt":"2020-07-27T19:32:49","slug":"caki-allen-topbasli-anahtar-takimi","status":"publish","type":"product","link":"http:\/\/basakcilastik.com.tr\/?product=caki-allen-topbasli-anahtar-takimi","title":{"rendered":"\u00c7ak\u0131 Allen Topba\u015fl\u0131 Anahtar Tak\u0131m\u0131"},"content":{"rendered":"<ul>\n<li>Paslanmaya kar\u015f\u0131 parlak chrome kapl\u0131 sertle\u015ftirilmi\u015f chrome\u00a0vanadium\u00a0\u00a0\u00e7eli\u011fi.<\/li>\n<li>Ula\u015f\u0131lmas\u0131 zor yerlerdeki k\u00f6\u015fe vidalar i\u00e7in.<\/li>\n<li>30\u00b0 a\u00e7\u0131 ile \u00e7al\u0131\u015fabilme \u00f6zelli\u011fi.<\/li>\n<li>Katlan\u0131r yap\u0131s\u0131 ile cepte ta\u015f\u0131nabilir.<\/li>\n<\/ul>\n<p>\u0130\u00e7eri\u011fi<\/p>\n<p>2,5 mm, 3 mm, 4 mm, 5 mm, 6 mm, 8 mm, 10 mm<\/p>\n<table width=\"100%\">\n<tbody>\n<tr>\n<td width=\"148\"><strong>\u00a0\u00dcr\u00fcn Kodu<\/strong><\/td>\n<td width=\"159\"><strong>\u00a0\u00d6l\u00e7\u00fc<\/strong><\/td>\n<td width=\"173\"><strong>\u00a0Paket \/ Koli<\/strong><\/td>\n<\/tr>\n<tr>\n<td width=\"148\">\u00a0RCT0210<\/td>\n<td width=\"159\">\u00a07 Pcs<\/td>\n<td width=\"173\">\u00a0 12 \/ 48 Adet<\/td>\n<\/tr>\n<\/tbody>\n<\/table>\n<p>&nbsp;<\/p>\n","protected":false},"excerpt":{"rendered":"<p>Paslanmaya kar\u015f\u0131 parlak chrome kapl\u0131 sertle\u015ftirilmi\u015f chrome\u00a0vanadium\u00a0\u00a0\u00e7eli\u011fi. Ula\u015f\u0131lmas\u0131 zor yerlerdeki k\u00f6\u015fe vidalar i\u00e7in. 30\u00b0 a\u00e7\u0131 ile \u00e7al\u0131\u015fabilme \u00f6zelli\u011fi. Katlan\u0131r yap\u0131s\u0131 ile cepte ta\u015f\u0131nabilir. \u0130\u00e7eri\u011fi 2,5 mm, 3 mm, 4 mm, 5 mm, 6 mm, 8 mm, 10 mm \u00a0\u00dcr\u00fcn Kodu \u00a0\u00d6l\u00e7\u00fc \u00a0Paket \/ Koli \u00a0RCT0210 \u00a07 Pcs \u00a0 12 \/ 48 Adet &nbsp;<\/p>\n","protected":false},"featured_media":15554,"comment_status":"open","ping_status":"closed","template":"","meta":[],"product_brand":[],"product_cat":[15,73,72],"product_tag":[],"class_list":{"0":"post-15551","1":"product","2":"type-product","3":"status-publish","4":"has-post-thumbnail","6":"product_cat-genel","7":"product_cat-anahtarlar","8":"product_cat-hirdavat","10":"first","11":"instock","12":"shipping-taxable","13":"product-type-simple"},"_links":{"self":[{"href":"http:\/\/basakcilastik.com.tr\/index.php?rest_route=\/wp\/v2\/product\/15551","targetHints":{"allow":["GET"]}}],"collection":[{"href":"http:\/\/basakcilastik.com.tr\/index.php?rest_route=\/wp\/v2\/product"}],"about":[{"href":"http:\/\/basakcilastik.com.tr\/index.php?rest_route=\/wp\/v2\/types\/product"}],"replies":[{"embeddable":true,"href":"http:\/\/basakcilastik.com.tr\/index.php?rest_route=%2Fwp%2Fv2%2Fcomments&post=15551"}],"wp:featuredmedia":[{"embeddable":true,"href":"http:\/\/basakcilastik.com.tr\/index.php?rest_route=\/wp\/v2\/media\/15554"}],"wp:attachment":[{"href":"http:\/\/basakcilastik.com.tr\/index.php?rest_route=%2Fwp%2Fv2%2Fmedia&parent=15551"}],"wp:term":[{"taxonomy":"product_brand","embeddable":true,"href":"http:\/\/basakcilastik.com.tr\/index.php?rest_route=%2Fwp%2Fv2%2Fproduct_brand&post=15551"},{"taxonomy":"product_cat","embeddable":true,"href":"http:\/\/basakcilastik.com.tr\/index.php?rest_route=%2Fwp%2Fv2%2Fproduct_cat&post=15551"},{"taxonomy":"product_tag","embeddable":true,"href":"http:\/\/basakcilastik.com.tr\/index.php?rest_route=%2Fwp%2Fv2%2Fproduct_tag&post=15551"}],"curies":[{"name":"wp","href":"https:\/\/api.w.org\/{rel}","templated":true}]}}