{"id":15548,"date":"2020-07-27T19:31:49","date_gmt":"2020-07-27T19:31:49","guid":{"rendered":"https:\/\/basakcilastik.com.tr\/?post_type=product&#038;p=15548"},"modified":"2020-07-27T19:31:50","modified_gmt":"2020-07-27T19:31:50","slug":"caki-allen-anahtar-takimi","status":"publish","type":"product","link":"http:\/\/basakcilastik.com.tr\/?product=caki-allen-anahtar-takimi","title":{"rendered":"\u00c7ak\u0131 Allen Anahtar Tak\u0131m\u0131"},"content":{"rendered":"<ul>\n<li>Paslanmaya kar\u015f\u0131 parlak chrome kapl\u0131 sertle\u015ftirilmi\u015f chrome\u00a0vanadium\u00a0\u00a0\u00e7eli\u011fi.<\/li>\n<li>Katlan\u0131r yap\u0131s\u0131 ile cepte ta\u015f\u0131nabilir.<\/li>\n<\/ul>\n<p>\u0130\u00e7eri\u011fi<\/p>\n<p>2,5 mm, 3 mm, 4 mm, 5 mm, 6 mm, 8 mm, 10 mm<\/p>\n<table width=\"100%\">\n<tbody>\n<tr>\n<td width=\"148\"><strong>\u00a0\u00dcr\u00fcn Kodu<\/strong><\/td>\n<td width=\"159\"><strong>\u00a0\u00d6l\u00e7\u00fc<\/strong><\/td>\n<td width=\"173\"><strong>\u00a0Paket \/ Koli<\/strong><\/td>\n<\/tr>\n<tr>\n<td width=\"148\">\u00a0RCA0200<\/td>\n<td width=\"159\">\u00a07 Pcs<\/td>\n<td width=\"173\">\u00a012 \/ 48 Adet<\/td>\n<\/tr>\n<\/tbody>\n<\/table>\n<p>&nbsp;<\/p>\n","protected":false},"excerpt":{"rendered":"<p>Paslanmaya kar\u015f\u0131 parlak chrome kapl\u0131 sertle\u015ftirilmi\u015f chrome\u00a0vanadium\u00a0\u00a0\u00e7eli\u011fi. Katlan\u0131r yap\u0131s\u0131 ile cepte ta\u015f\u0131nabilir. \u0130\u00e7eri\u011fi 2,5 mm, 3 mm, 4 mm, 5 mm, 6 mm, 8 mm, 10 mm \u00a0\u00dcr\u00fcn Kodu \u00a0\u00d6l\u00e7\u00fc \u00a0Paket \/ Koli \u00a0RCA0200 \u00a07 Pcs \u00a012 \/ 48 Adet &nbsp;<\/p>\n","protected":false},"featured_media":15552,"comment_status":"open","ping_status":"closed","template":"","meta":[],"product_brand":[],"product_cat":[15,73,72],"product_tag":[],"class_list":{"0":"post-15548","1":"product","2":"type-product","3":"status-publish","4":"has-post-thumbnail","6":"product_cat-genel","7":"product_cat-anahtarlar","8":"product_cat-hirdavat","10":"first","11":"instock","12":"shipping-taxable","13":"product-type-simple"},"_links":{"self":[{"href":"http:\/\/basakcilastik.com.tr\/index.php?rest_route=\/wp\/v2\/product\/15548","targetHints":{"allow":["GET"]}}],"collection":[{"href":"http:\/\/basakcilastik.com.tr\/index.php?rest_route=\/wp\/v2\/product"}],"about":[{"href":"http:\/\/basakcilastik.com.tr\/index.php?rest_route=\/wp\/v2\/types\/product"}],"replies":[{"embeddable":true,"href":"http:\/\/basakcilastik.com.tr\/index.php?rest_route=%2Fwp%2Fv2%2Fcomments&post=15548"}],"wp:featuredmedia":[{"embeddable":true,"href":"http:\/\/basakcilastik.com.tr\/index.php?rest_route=\/wp\/v2\/media\/15552"}],"wp:attachment":[{"href":"http:\/\/basakcilastik.com.tr\/index.php?rest_route=%2Fwp%2Fv2%2Fmedia&parent=15548"}],"wp:term":[{"taxonomy":"product_brand","embeddable":true,"href":"http:\/\/basakcilastik.com.tr\/index.php?rest_route=%2Fwp%2Fv2%2Fproduct_brand&post=15548"},{"taxonomy":"product_cat","embeddable":true,"href":"http:\/\/basakcilastik.com.tr\/index.php?rest_route=%2Fwp%2Fv2%2Fproduct_cat&post=15548"},{"taxonomy":"product_tag","embeddable":true,"href":"http:\/\/basakcilastik.com.tr\/index.php?rest_route=%2Fwp%2Fv2%2Fproduct_tag&post=15548"}],"curies":[{"name":"wp","href":"https:\/\/api.w.org\/{rel}","templated":true}]}}