{"id":15542,"date":"2020-07-27T19:03:41","date_gmt":"2020-07-27T19:03:41","guid":{"rendered":"https:\/\/basakcilastik.com.tr\/?post_type=product&#038;p=15542"},"modified":"2020-07-27T19:03:42","modified_gmt":"2020-07-27T19:03:42","slug":"circirli-kombine-anahtar-alfatech","status":"publish","type":"product","link":"http:\/\/basakcilastik.com.tr\/?product=circirli-kombine-anahtar-alfatech","title":{"rendered":"C\u0131rc\u0131rl\u0131 Kombine Anahtar &#8211; ALFATECH"},"content":{"rendered":"<table>\n<tbody>\n<tr>\n<td rowspan=\"2\">ACR<br \/>\nc\u0131rc\u0131rl\u0131 kombine anahtarlar<br \/>\nt\u00fcm \u00f6l\u00e7\u00fcler y\u00fcksek vas\u0131fl\u0131 krom-vanadium \u00e7eli\u011finden \u00fcretilir.<br \/>\nt\u00fcm \u00f6l\u00e7\u00fcler parlak krom kaplamad\u0131r.<br \/>\n72-di\u015fli dayan\u0131kl\u0131 c\u0131rc\u0131r mekanizmas\u0131 sayesinde hassas \u00e7al\u0131\u015fma ve kolay kullan\u0131m.<br \/>\n15\u00b0 e\u011fimli c\u0131rc\u0131r b\u00f6l\u00fcm\u00fc ve sa\u011f-sol kullan\u0131m i\u00e7in de\u011fi\u015febilir c\u0131rc\u0131r mekanizmas\u0131 kullan\u0131l\u0131r.<br \/>\ny\u00fcksek tork performans\u0131 sunar.<br \/>\npaketleme: barkodlu alfatech ambalaj\u0131<\/td>\n<td colspan=\"2\" width=\"17\">&nbsp;<\/td>\n<td width=\"0\"><\/td>\n<\/tr>\n<tr>\n<td width=\"10\"><\/td>\n<td width=\"10\"><\/td>\n<td width=\"0\">&nbsp;<\/td>\n<\/tr>\n<\/tbody>\n<\/table>\n<p>&nbsp;<\/p>\n<table width=\"633\">\n<thead>\n<tr>\n<td><strong>Stok Kodu<\/strong><\/td>\n<td><strong>mm<\/strong><\/td>\n<td><strong>Adet<\/strong><\/td>\n<td><strong>Stok Kodu<\/strong><\/td>\n<td><strong>mm<\/strong><\/td>\n<td><strong>Adet<\/strong><\/td>\n<\/tr>\n<\/thead>\n<tbody>\n<tr>\n<td>ACR-008<\/td>\n<td>8<\/td>\n<td>12<\/td>\n<td>ACR-015<\/td>\n<td>15<\/td>\n<td>12<\/td>\n<\/tr>\n<tr>\n<td>ACR-010<\/td>\n<td>10<\/td>\n<td>12<\/td>\n<td>ACR-016<\/td>\n<td>16<\/td>\n<td>12<\/td>\n<\/tr>\n<tr>\n<td>ACR-011<\/td>\n<td>11<\/td>\n<td>12<\/td>\n<td>ACR-017<\/td>\n<td>17<\/td>\n<td>12<\/td>\n<\/tr>\n<tr>\n<td>ACR-012<\/td>\n<td>12<\/td>\n<td>12<\/td>\n<td>ACR-018<\/td>\n<td>18<\/td>\n<td>12<\/td>\n<\/tr>\n<tr>\n<td>ACR-013<\/td>\n<td>13<\/td>\n<td>12<\/td>\n<td>ACR-019<\/td>\n<td>19<\/td>\n<td>12<\/td>\n<\/tr>\n<tr>\n<td>ACR-014<\/td>\n<td>14<\/td>\n<td>12<\/td>\n<td><\/td>\n<td>&nbsp;<\/td>\n<td><\/td>\n<\/tr>\n<\/tbody>\n<\/table>\n<p>&nbsp;<\/p>\n","protected":false},"excerpt":{"rendered":"<p>ACR c\u0131rc\u0131rl\u0131 kombine anahtarlar t\u00fcm \u00f6l\u00e7\u00fcler y\u00fcksek vas\u0131fl\u0131 krom-vanadium \u00e7eli\u011finden \u00fcretilir. t\u00fcm \u00f6l\u00e7\u00fcler parlak krom kaplamad\u0131r. 72-di\u015fli dayan\u0131kl\u0131 c\u0131rc\u0131r mekanizmas\u0131 sayesinde hassas \u00e7al\u0131\u015fma ve kolay kullan\u0131m. 15\u00b0 e\u011fimli c\u0131rc\u0131r b\u00f6l\u00fcm\u00fc ve sa\u011f-sol kullan\u0131m i\u00e7in de\u011fi\u015febilir c\u0131rc\u0131r mekanizmas\u0131 kullan\u0131l\u0131r. y\u00fcksek tork performans\u0131 sunar. paketleme: barkodlu alfatech ambalaj\u0131 &nbsp; &nbsp; &nbsp; Stok Kodu mm Adet Stok Kodu mm Adet ACR-008 8 12 [&hellip;]<\/p>\n","protected":false},"featured_media":15547,"comment_status":"open","ping_status":"closed","template":"","meta":[],"product_brand":[],"product_cat":[15,73,72],"product_tag":[],"class_list":{"0":"post-15542","1":"product","2":"type-product","3":"status-publish","4":"has-post-thumbnail","6":"product_cat-genel","7":"product_cat-anahtarlar","8":"product_cat-hirdavat","10":"first","11":"instock","12":"shipping-taxable","13":"product-type-simple"},"_links":{"self":[{"href":"http:\/\/basakcilastik.com.tr\/index.php?rest_route=\/wp\/v2\/product\/15542","targetHints":{"allow":["GET"]}}],"collection":[{"href":"http:\/\/basakcilastik.com.tr\/index.php?rest_route=\/wp\/v2\/product"}],"about":[{"href":"http:\/\/basakcilastik.com.tr\/index.php?rest_route=\/wp\/v2\/types\/product"}],"replies":[{"embeddable":true,"href":"http:\/\/basakcilastik.com.tr\/index.php?rest_route=%2Fwp%2Fv2%2Fcomments&post=15542"}],"wp:featuredmedia":[{"embeddable":true,"href":"http:\/\/basakcilastik.com.tr\/index.php?rest_route=\/wp\/v2\/media\/15547"}],"wp:attachment":[{"href":"http:\/\/basakcilastik.com.tr\/index.php?rest_route=%2Fwp%2Fv2%2Fmedia&parent=15542"}],"wp:term":[{"taxonomy":"product_brand","embeddable":true,"href":"http:\/\/basakcilastik.com.tr\/index.php?rest_route=%2Fwp%2Fv2%2Fproduct_brand&post=15542"},{"taxonomy":"product_cat","embeddable":true,"href":"http:\/\/basakcilastik.com.tr\/index.php?rest_route=%2Fwp%2Fv2%2Fproduct_cat&post=15542"},{"taxonomy":"product_tag","embeddable":true,"href":"http:\/\/basakcilastik.com.tr\/index.php?rest_route=%2Fwp%2Fv2%2Fproduct_tag&post=15542"}],"curies":[{"name":"wp","href":"https:\/\/api.w.org\/{rel}","templated":true}]}}