{"id":15502,"date":"2020-07-27T18:39:55","date_gmt":"2020-07-27T18:39:55","guid":{"rendered":"https:\/\/basakcilastik.com.tr\/?post_type=product&#038;p=15502"},"modified":"2020-07-27T18:39:55","modified_gmt":"2020-07-27T18:39:55","slug":"beta-92-yildiz-anahtar-borusu","status":"publish","type":"product","link":"http:\/\/basakcilastik.com.tr\/?product=beta-92-yildiz-anahtar-borusu","title":{"rendered":"BETA 92 Y\u0131ld\u0131z Anahtar Borusu"},"content":{"rendered":"<p>BETA 92 Y\u0131ld\u0131z Anahtar Borusu<\/p>\n","protected":false},"excerpt":{"rendered":"<p>BETA 92 Y\u0131ld\u0131z Anahtar Borusu<\/p>\n","protected":false},"featured_media":15505,"comment_status":"open","ping_status":"closed","template":"","meta":[],"product_brand":[],"product_cat":[15,73,72],"product_tag":[],"class_list":{"0":"post-15502","1":"product","2":"type-product","3":"status-publish","4":"has-post-thumbnail","6":"product_cat-genel","7":"product_cat-anahtarlar","8":"product_cat-hirdavat","10":"first","11":"instock","12":"shipping-taxable","13":"product-type-simple"},"_links":{"self":[{"href":"http:\/\/basakcilastik.com.tr\/index.php?rest_route=\/wp\/v2\/product\/15502","targetHints":{"allow":["GET"]}}],"collection":[{"href":"http:\/\/basakcilastik.com.tr\/index.php?rest_route=\/wp\/v2\/product"}],"about":[{"href":"http:\/\/basakcilastik.com.tr\/index.php?rest_route=\/wp\/v2\/types\/product"}],"replies":[{"embeddable":true,"href":"http:\/\/basakcilastik.com.tr\/index.php?rest_route=%2Fwp%2Fv2%2Fcomments&post=15502"}],"wp:featuredmedia":[{"embeddable":true,"href":"http:\/\/basakcilastik.com.tr\/index.php?rest_route=\/wp\/v2\/media\/15505"}],"wp:attachment":[{"href":"http:\/\/basakcilastik.com.tr\/index.php?rest_route=%2Fwp%2Fv2%2Fmedia&parent=15502"}],"wp:term":[{"taxonomy":"product_brand","embeddable":true,"href":"http:\/\/basakcilastik.com.tr\/index.php?rest_route=%2Fwp%2Fv2%2Fproduct_brand&post=15502"},{"taxonomy":"product_cat","embeddable":true,"href":"http:\/\/basakcilastik.com.tr\/index.php?rest_route=%2Fwp%2Fv2%2Fproduct_cat&post=15502"},{"taxonomy":"product_tag","embeddable":true,"href":"http:\/\/basakcilastik.com.tr\/index.php?rest_route=%2Fwp%2Fv2%2Fproduct_tag&post=15502"}],"curies":[{"name":"wp","href":"https:\/\/api.w.org\/{rel}","templated":true}]}}