{"id":15498,"date":"2020-07-27T18:38:02","date_gmt":"2020-07-27T18:38:02","guid":{"rendered":"https:\/\/basakcilastik.com.tr\/?post_type=product&#038;p=15498"},"modified":"2020-07-27T18:38:03","modified_gmt":"2020-07-27T18:38:03","slug":"beta-90s12-yildiz-anahtar-takimi-12-parca","status":"publish","type":"product","link":"http:\/\/basakcilastik.com.tr\/?product=beta-90s12-yildiz-anahtar-takimi-12-parca","title":{"rendered":"BETA 90S12 Y\u0131ld\u0131z Anahtar Tak\u0131m\u0131 12 Par\u00e7a"},"content":{"rendered":"<p>BETA 90S12 Y\u0131ld\u0131z Anahtar Tak\u0131m\u0131 12 Par\u00e7a<\/p>\n","protected":false},"excerpt":{"rendered":"<p>BETA 90S12 Y\u0131ld\u0131z Anahtar Tak\u0131m\u0131 12 Par\u00e7a<\/p>\n","protected":false},"featured_media":15501,"comment_status":"open","ping_status":"closed","template":"","meta":[],"product_brand":[],"product_cat":[15,73,72],"product_tag":[],"class_list":{"0":"post-15498","1":"product","2":"type-product","3":"status-publish","4":"has-post-thumbnail","6":"product_cat-genel","7":"product_cat-anahtarlar","8":"product_cat-hirdavat","10":"first","11":"instock","12":"shipping-taxable","13":"product-type-simple"},"_links":{"self":[{"href":"http:\/\/basakcilastik.com.tr\/index.php?rest_route=\/wp\/v2\/product\/15498","targetHints":{"allow":["GET"]}}],"collection":[{"href":"http:\/\/basakcilastik.com.tr\/index.php?rest_route=\/wp\/v2\/product"}],"about":[{"href":"http:\/\/basakcilastik.com.tr\/index.php?rest_route=\/wp\/v2\/types\/product"}],"replies":[{"embeddable":true,"href":"http:\/\/basakcilastik.com.tr\/index.php?rest_route=%2Fwp%2Fv2%2Fcomments&post=15498"}],"wp:featuredmedia":[{"embeddable":true,"href":"http:\/\/basakcilastik.com.tr\/index.php?rest_route=\/wp\/v2\/media\/15501"}],"wp:attachment":[{"href":"http:\/\/basakcilastik.com.tr\/index.php?rest_route=%2Fwp%2Fv2%2Fmedia&parent=15498"}],"wp:term":[{"taxonomy":"product_brand","embeddable":true,"href":"http:\/\/basakcilastik.com.tr\/index.php?rest_route=%2Fwp%2Fv2%2Fproduct_brand&post=15498"},{"taxonomy":"product_cat","embeddable":true,"href":"http:\/\/basakcilastik.com.tr\/index.php?rest_route=%2Fwp%2Fv2%2Fproduct_cat&post=15498"},{"taxonomy":"product_tag","embeddable":true,"href":"http:\/\/basakcilastik.com.tr\/index.php?rest_route=%2Fwp%2Fv2%2Fproduct_tag&post=15498"}],"curies":[{"name":"wp","href":"https:\/\/api.w.org\/{rel}","templated":true}]}}