{"id":15494,"date":"2020-07-27T18:36:15","date_gmt":"2020-07-27T18:36:15","guid":{"rendered":"https:\/\/basakcilastik.com.tr\/?post_type=product&#038;p=15494"},"modified":"2020-07-27T18:36:16","modified_gmt":"2020-07-27T18:36:16","slug":"beta-90ass-yildiz-anahtar-takimi","status":"publish","type":"product","link":"http:\/\/basakcilastik.com.tr\/?product=beta-90ass-yildiz-anahtar-takimi","title":{"rendered":"BETA 90ASS Y\u0131ld\u0131z Anahtar Tak\u0131m\u0131"},"content":{"rendered":"<p>BETA 90ASS Y\u0131ld\u0131z Anahtar Tak\u0131m\u0131<\/p>\n","protected":false},"excerpt":{"rendered":"<p>BETA 90ASS Y\u0131ld\u0131z Anahtar Tak\u0131m\u0131<\/p>\n","protected":false},"featured_media":15497,"comment_status":"open","ping_status":"closed","template":"","meta":[],"product_brand":[],"product_cat":[15,73,72],"product_tag":[],"class_list":{"0":"post-15494","1":"product","2":"type-product","3":"status-publish","4":"has-post-thumbnail","6":"product_cat-genel","7":"product_cat-anahtarlar","8":"product_cat-hirdavat","10":"first","11":"instock","12":"shipping-taxable","13":"product-type-simple"},"_links":{"self":[{"href":"http:\/\/basakcilastik.com.tr\/index.php?rest_route=\/wp\/v2\/product\/15494","targetHints":{"allow":["GET"]}}],"collection":[{"href":"http:\/\/basakcilastik.com.tr\/index.php?rest_route=\/wp\/v2\/product"}],"about":[{"href":"http:\/\/basakcilastik.com.tr\/index.php?rest_route=\/wp\/v2\/types\/product"}],"replies":[{"embeddable":true,"href":"http:\/\/basakcilastik.com.tr\/index.php?rest_route=%2Fwp%2Fv2%2Fcomments&post=15494"}],"wp:featuredmedia":[{"embeddable":true,"href":"http:\/\/basakcilastik.com.tr\/index.php?rest_route=\/wp\/v2\/media\/15497"}],"wp:attachment":[{"href":"http:\/\/basakcilastik.com.tr\/index.php?rest_route=%2Fwp%2Fv2%2Fmedia&parent=15494"}],"wp:term":[{"taxonomy":"product_brand","embeddable":true,"href":"http:\/\/basakcilastik.com.tr\/index.php?rest_route=%2Fwp%2Fv2%2Fproduct_brand&post=15494"},{"taxonomy":"product_cat","embeddable":true,"href":"http:\/\/basakcilastik.com.tr\/index.php?rest_route=%2Fwp%2Fv2%2Fproduct_cat&post=15494"},{"taxonomy":"product_tag","embeddable":true,"href":"http:\/\/basakcilastik.com.tr\/index.php?rest_route=%2Fwp%2Fv2%2Fproduct_tag&post=15494"}],"curies":[{"name":"wp","href":"https:\/\/api.w.org\/{rel}","templated":true}]}}