{"id":15380,"date":"2020-07-27T15:40:17","date_gmt":"2020-07-27T15:40:17","guid":{"rendered":"https:\/\/basakcilastik.com.tr\/?post_type=product&#038;p=15380"},"modified":"2020-07-27T15:40:17","modified_gmt":"2020-07-27T15:40:17","slug":"0550-boru-uzatmali-yildiz-anahtar-mm","status":"publish","type":"product","link":"http:\/\/basakcilastik.com.tr\/?product=0550-boru-uzatmali-yildiz-anahtar-mm","title":{"rendered":"0550 Boru Uzatmal\u0131 Y\u0131ld\u0131z Anahtar (mm)"},"content":{"rendered":"<table width=\"100%\">\n<tbody>\n<tr>\n<td><strong>KOD<\/strong><\/td>\n<td><\/td>\n<td><\/td>\n<td><\/td>\n<td><\/td>\n<td><\/td>\n<td><\/td>\n<td><\/td>\n<td><\/td>\n<\/tr>\n<tr>\n<td><\/td>\n<td><\/td>\n<td><\/td>\n<td><\/td>\n<td><\/td>\n<td><\/td>\n<td><\/td>\n<td><\/td>\n<td><\/td>\n<\/tr>\n<tr>\n<td>*\u00a00550 05 0022<\/td>\n<td>22<\/td>\n<td>180<\/td>\n<td>17<\/td>\n<td>37<\/td>\n<td>18.5<\/td>\n<td>30<\/td>\n<td>400<\/td>\n<td>1<\/td>\n<\/tr>\n<tr>\n<td>0550 05 0024<\/td>\n<td>24<\/td>\n<td>180<\/td>\n<td>17<\/td>\n<td>37<\/td>\n<td>18.5<\/td>\n<td>30<\/td>\n<td>400<\/td>\n<td>1<\/td>\n<\/tr>\n<tr>\n<td><\/td>\n<td><\/td>\n<td><\/td>\n<td><\/td>\n<td><\/td>\n<td><\/td>\n<td><\/td>\n<td><\/td>\n<td><\/td>\n<\/tr>\n<tr>\n<td>0550 05 0027<\/td>\n<td>27<\/td>\n<td>190<\/td>\n<td>18<\/td>\n<td>42<\/td>\n<td>18.5<\/td>\n<td>33<\/td>\n<td>450<\/td>\n<td>1<\/td>\n<\/tr>\n<tr>\n<td>0550 05 0030<\/td>\n<td>30<\/td>\n<td>200<\/td>\n<td>20<\/td>\n<td>46<\/td>\n<td>18.5<\/td>\n<td>34<\/td>\n<td>520<\/td>\n<td>1<\/td>\n<\/tr>\n<tr>\n<td><\/td>\n<td><\/td>\n<td><\/td>\n<td><\/td>\n<td><\/td>\n<td><\/td>\n<td><\/td>\n<td><\/td>\n<td><\/td>\n<\/tr>\n<tr>\n<td>0550 05 0032<\/td>\n<td>32<\/td>\n<td>235<\/td>\n<td>21.5<\/td>\n<td>49<\/td>\n<td>21.2<\/td>\n<td>37<\/td>\n<td>700<\/td>\n<td>1<\/td>\n<\/tr>\n<tr>\n<td>*\u00a00550 05 0034<\/td>\n<td>34<\/td>\n<td>235<\/td>\n<td>21.5<\/td>\n<td>49<\/td>\n<td>21.2<\/td>\n<td>37<\/td>\n<td>750<\/td>\n<td>1<\/td>\n<\/tr>\n<tr>\n<td><\/td>\n<td><\/td>\n<td><\/td>\n<td><\/td>\n<td><\/td>\n<td><\/td>\n<td><\/td>\n<td><\/td>\n<td><\/td>\n<\/tr>\n<tr>\n<td>0550 05 0036<\/td>\n<td>36<\/td>\n<td>245<\/td>\n<td>23<\/td>\n<td>53,5<\/td>\n<td>21.2<\/td>\n<td>42<\/td>\n<td>830<\/td>\n<td>1<\/td>\n<\/tr>\n<tr>\n<td>0550 05 0038<\/td>\n<td>38<\/td>\n<td>270<\/td>\n<td>25<\/td>\n<td>60.5<\/td>\n<td>21.2<\/td>\n<td>42<\/td>\n<td>965<\/td>\n<td>1<\/td>\n<\/tr>\n<tr>\n<td><\/td>\n<td><\/td>\n<td><\/td>\n<td><\/td>\n<td><\/td>\n<td><\/td>\n<td><\/td>\n<td><\/td>\n<td><\/td>\n<\/tr>\n<tr>\n<td>0550 05 0041<\/td>\n<td>41<\/td>\n<td>270<\/td>\n<td>25<\/td>\n<td>60.5<\/td>\n<td>21.2<\/td>\n<td>43<\/td>\n<td>950<\/td>\n<td>1<\/td>\n<\/tr>\n<tr>\n<td>0550 05 0046<\/td>\n<td>46<\/td>\n<td>280<\/td>\n<td>26<\/td>\n<td>68<\/td>\n<td>24.2<\/td>\n<td>45<\/td>\n<td>1240<\/td>\n<td>1<\/td>\n<\/tr>\n<tr>\n<td><\/td>\n<td><\/td>\n<td><\/td>\n<td><\/td>\n<td><\/td>\n<td><\/td>\n<td><\/td>\n<td><\/td>\n<td><\/td>\n<\/tr>\n<tr>\n<td>0550 05 0050<\/td>\n<td>50<\/td>\n<td>290<\/td>\n<td>28<\/td>\n<td>74<\/td>\n<td>24.2<\/td>\n<td>47<\/td>\n<td>1410<\/td>\n<td>1<\/td>\n<\/tr>\n<tr>\n<td>0550 05 0055<\/td>\n<td>55<\/td>\n<td>300<\/td>\n<td>30<\/td>\n<td>79<\/td>\n<td>24.2<\/td>\n<td>50<\/td>\n<td>1550<\/td>\n<td>1<\/td>\n<\/tr>\n<tr>\n<td><\/td>\n<td><\/td>\n<td><\/td>\n<td><\/td>\n<td><\/td>\n<td><\/td>\n<td><\/td>\n<td><\/td>\n<td><\/td>\n<\/tr>\n<tr>\n<td>0550 05 0060<\/td>\n<td>60<\/td>\n<td>345<\/td>\n<td>32<\/td>\n<td>89<\/td>\n<td>29<\/td>\n<td>50.5<\/td>\n<td>2390<\/td>\n<td>1<\/td>\n<\/tr>\n<tr>\n<td>0550 05 0065<\/td>\n<td>65<\/td>\n<td>355<\/td>\n<td>35<\/td>\n<td>98<\/td>\n<td>29<\/td>\n<td>53<\/td>\n<td>2730<\/td>\n<td>1<\/td>\n<\/tr>\n<tr>\n<td><\/td>\n<td><\/td>\n<td><\/td>\n<td><\/td>\n<td><\/td>\n<td><\/td>\n<td><\/td>\n<td><\/td>\n<td><\/td>\n<\/tr>\n<tr>\n<td>*\u00a00550 05 0070<\/td>\n<td>70<\/td>\n<td>365<\/td>\n<td>37<\/td>\n<td>104<\/td>\n<td>29<\/td>\n<td>55<\/td>\n<td>2900<\/td>\n<td>1<\/td>\n<\/tr>\n<tr>\n<td>*\u00a00550 05 0075<\/td>\n<td>75<\/td>\n<td>375<\/td>\n<td>40<\/td>\n<td>109<\/td>\n<td>29<\/td>\n<td>57.5<\/td>\n<td>3100<\/td>\n<td>1<\/td>\n<\/tr>\n<tr>\n<td><\/td>\n<td><\/td>\n<td><\/td>\n<td><\/td>\n<td><\/td>\n<td><\/td>\n<td><\/td>\n<td><\/td>\n<td><\/td>\n<\/tr>\n<tr>\n<td>*\u00a00550 05 0080<\/td>\n<td>80<\/td>\n<td>385<\/td>\n<td>43<\/td>\n<td>124<\/td>\n<td>29<\/td>\n<td>59<\/td>\n<td>3900<\/td>\n<td>1<\/td>\n<\/tr>\n<tr>\n<td>*\u00a00550 05 0085<\/td>\n<td>85<\/td>\n<td>385<\/td>\n<td>43<\/td>\n<td>124<\/td>\n<td>29<\/td>\n<td>59<\/td>\n<td>3750<\/td>\n<td>1<\/td>\n<\/tr>\n<tr>\n<td><\/td>\n<td><\/td>\n<td><\/td>\n<td><\/td>\n<td><\/td>\n<td><\/td>\n<td><\/td>\n<td><\/td>\n<td><\/td>\n<\/tr>\n<tr>\n<td>*\u00a00550 05 0090<\/td>\n<td>90<\/td>\n<td>410<\/td>\n<td>46<\/td>\n<td>140<\/td>\n<td>29<\/td>\n<td>63<\/td>\n<td>5100<\/td>\n<td>1<\/td>\n<\/tr>\n<tr>\n<td>*\u00a00550 05 0095<\/td>\n<td>95<\/td>\n<td>410<\/td>\n<td>46<\/td>\n<td>140<\/td>\n<td>29<\/td>\n<td>63<\/td>\n<td>4950<\/td>\n<td>1<\/td>\n<\/tr>\n<tr>\n<td><\/td>\n<td><\/td>\n<td><\/td>\n<td><\/td>\n<td><\/td>\n<td><\/td>\n<td><\/td>\n<td><\/td>\n<td><\/td>\n<\/tr>\n<tr>\n<td>*\u00a00550 05 0100<\/td>\n<td>100<\/td>\n<td>420<\/td>\n<td>46<\/td>\n<td>150<\/td>\n<td>29<\/td>\n<td>65<\/td>\n<td>4800<\/td>\n<td>1<\/td>\n<\/tr>\n<\/tbody>\n<\/table>\n<p>&#8221;\u00a0*\u00a0&#8221; \u0130\u015fareti ta\u015f\u0131yan \u00fcr\u00fcnler, stokta devaml\u0131 bulunmad\u0131\u011f\u0131ndan bu \u00e7e\u015fitlerle ilgili teklif verilmesi veya talep edilmesi halinde, yetkililerimizden teslim termini al\u0131nmas\u0131 gerekir.<\/p>\n<p>&nbsp;<\/p>\n","protected":false},"excerpt":{"rendered":"<p>KOD *\u00a00550 05 0022 22 180 17 37 18.5 30 400 1 0550 05 0024 24 180 17 37 18.5 30 400 1 0550 05 0027 27 190 18 42 18.5 33 450 1 0550 05 0030 30 200 20 46 18.5 34 520 1 0550 05 0032 32 235 21.5 49 21.2 37 700 1 *\u00a00550 05 0034 34 [&hellip;]<\/p>\n","protected":false},"featured_media":15383,"comment_status":"open","ping_status":"closed","template":"","meta":[],"product_brand":[],"product_cat":[15,73,72],"product_tag":[],"class_list":{"0":"post-15380","1":"product","2":"type-product","3":"status-publish","4":"has-post-thumbnail","6":"product_cat-genel","7":"product_cat-anahtarlar","8":"product_cat-hirdavat","10":"first","11":"instock","12":"shipping-taxable","13":"product-type-simple"},"_links":{"self":[{"href":"http:\/\/basakcilastik.com.tr\/index.php?rest_route=\/wp\/v2\/product\/15380","targetHints":{"allow":["GET"]}}],"collection":[{"href":"http:\/\/basakcilastik.com.tr\/index.php?rest_route=\/wp\/v2\/product"}],"about":[{"href":"http:\/\/basakcilastik.com.tr\/index.php?rest_route=\/wp\/v2\/types\/product"}],"replies":[{"embeddable":true,"href":"http:\/\/basakcilastik.com.tr\/index.php?rest_route=%2Fwp%2Fv2%2Fcomments&post=15380"}],"wp:featuredmedia":[{"embeddable":true,"href":"http:\/\/basakcilastik.com.tr\/index.php?rest_route=\/wp\/v2\/media\/15383"}],"wp:attachment":[{"href":"http:\/\/basakcilastik.com.tr\/index.php?rest_route=%2Fwp%2Fv2%2Fmedia&parent=15380"}],"wp:term":[{"taxonomy":"product_brand","embeddable":true,"href":"http:\/\/basakcilastik.com.tr\/index.php?rest_route=%2Fwp%2Fv2%2Fproduct_brand&post=15380"},{"taxonomy":"product_cat","embeddable":true,"href":"http:\/\/basakcilastik.com.tr\/index.php?rest_route=%2Fwp%2Fv2%2Fproduct_cat&post=15380"},{"taxonomy":"product_tag","embeddable":true,"href":"http:\/\/basakcilastik.com.tr\/index.php?rest_route=%2Fwp%2Fv2%2Fproduct_tag&post=15380"}],"curies":[{"name":"wp","href":"https:\/\/api.w.org\/{rel}","templated":true}]}}