{"id":15376,"date":"2020-07-27T15:38:53","date_gmt":"2020-07-27T15:38:53","guid":{"rendered":"https:\/\/basakcilastik.com.tr\/?post_type=product&#038;p=15376"},"modified":"2020-07-27T15:38:54","modified_gmt":"2020-07-27T15:38:54","slug":"0440-duz-yildiz-anahtar-takimi-mm","status":"publish","type":"product","link":"http:\/\/basakcilastik.com.tr\/?product=0440-duz-yildiz-anahtar-takimi-mm","title":{"rendered":"0440 D\u00fcz Y\u0131ld\u0131z Anahtar Tak\u0131m\u0131 (mm)"},"content":{"rendered":"<table width=\"100%\">\n<tbody>\n<tr>\n<td><strong>KOD<\/strong><\/td>\n<td><\/td>\n<td><\/td>\n<td><\/td>\n<\/tr>\n<tr>\n<td>0440 00 2106<\/td>\n<td>06&#215;07 &#8211; 08&#215;09 &#8211; 10&#215;11<br \/>\n12&#215;13 &#8211; 14&#215;15 &#8211; 16&#215;17<\/td>\n<td>315<\/td>\n<td>6<\/td>\n<\/tr>\n<tr>\n<td>0440 00 2108<\/td>\n<td>06&#215;07 &#8211; 08&#215;09 &#8211; 10&#215;11<br \/>\n12&#215;13 &#8211; 14&#215;15 &#8211; 16&#215;17<br \/>\n18&#215;19 &#8211; 20&#215;22<\/td>\n<td>560<\/td>\n<td>8<\/td>\n<\/tr>\n<tr>\n<td>0440 00 2110<\/td>\n<td>06&#215;07 &#8211; 08&#215;09 &#8211; 10&#215;11<br \/>\n12&#215;13 &#8211; 14&#215;15 &#8211; 16&#215;17<br \/>\n18&#215;19 &#8211; 20&#215;22 &#8211; 21&#215;23<br \/>\n24&#215;26<\/td>\n<td>895<\/td>\n<td>10<\/td>\n<\/tr>\n<tr>\n<td>0440 00 2112<\/td>\n<td>06&#215;07 &#8211; 08&#215;09 &#8211; 10&#215;11<br \/>\n12&#215;13 &#8211; 14&#215;15 &#8211; 16&#215;17<br \/>\n18&#215;19 &#8211; 20&#215;22 &#8211; 21&#215;23<br \/>\n24&#215;26 &#8211; 25&#215;28 &#8211; 27&#215;32<\/td>\n<td>1540<\/td>\n<td>12<\/td>\n<\/tr>\n<\/tbody>\n<\/table>\n<p>&nbsp;<\/p>\n","protected":false},"excerpt":{"rendered":"<p>KOD 0440 00 2106 06&#215;07 &#8211; 08&#215;09 &#8211; 10&#215;11 12&#215;13 &#8211; 14&#215;15 &#8211; 16&#215;17 315 6 0440 00 2108 06&#215;07 &#8211; 08&#215;09 &#8211; 10&#215;11 12&#215;13 &#8211; 14&#215;15 &#8211; 16&#215;17 18&#215;19 &#8211; 20&#215;22 560 8 0440 00 2110 06&#215;07 &#8211; 08&#215;09 &#8211; 10&#215;11 12&#215;13 &#8211; 14&#215;15 &#8211; 16&#215;17 18&#215;19 &#8211; 20&#215;22 &#8211; 21&#215;23 24&#215;26 895 10 0440 00 2112 06&#215;07 &#8211; [&hellip;]<\/p>\n","protected":false},"featured_media":15379,"comment_status":"open","ping_status":"closed","template":"","meta":[],"product_brand":[],"product_cat":[15,73,72],"product_tag":[],"class_list":{"0":"post-15376","1":"product","2":"type-product","3":"status-publish","4":"has-post-thumbnail","6":"product_cat-genel","7":"product_cat-anahtarlar","8":"product_cat-hirdavat","10":"first","11":"instock","12":"shipping-taxable","13":"product-type-simple"},"_links":{"self":[{"href":"http:\/\/basakcilastik.com.tr\/index.php?rest_route=\/wp\/v2\/product\/15376","targetHints":{"allow":["GET"]}}],"collection":[{"href":"http:\/\/basakcilastik.com.tr\/index.php?rest_route=\/wp\/v2\/product"}],"about":[{"href":"http:\/\/basakcilastik.com.tr\/index.php?rest_route=\/wp\/v2\/types\/product"}],"replies":[{"embeddable":true,"href":"http:\/\/basakcilastik.com.tr\/index.php?rest_route=%2Fwp%2Fv2%2Fcomments&post=15376"}],"wp:featuredmedia":[{"embeddable":true,"href":"http:\/\/basakcilastik.com.tr\/index.php?rest_route=\/wp\/v2\/media\/15379"}],"wp:attachment":[{"href":"http:\/\/basakcilastik.com.tr\/index.php?rest_route=%2Fwp%2Fv2%2Fmedia&parent=15376"}],"wp:term":[{"taxonomy":"product_brand","embeddable":true,"href":"http:\/\/basakcilastik.com.tr\/index.php?rest_route=%2Fwp%2Fv2%2Fproduct_brand&post=15376"},{"taxonomy":"product_cat","embeddable":true,"href":"http:\/\/basakcilastik.com.tr\/index.php?rest_route=%2Fwp%2Fv2%2Fproduct_cat&post=15376"},{"taxonomy":"product_tag","embeddable":true,"href":"http:\/\/basakcilastik.com.tr\/index.php?rest_route=%2Fwp%2Fv2%2Fproduct_tag&post=15376"}],"curies":[{"name":"wp","href":"https:\/\/api.w.org\/{rel}","templated":true}]}}