{"id":15354,"date":"2020-07-27T15:30:26","date_gmt":"2020-07-27T15:30:26","guid":{"rendered":"https:\/\/basakcilastik.com.tr\/?post_type=product&#038;p=15354"},"modified":"2020-07-27T15:30:27","modified_gmt":"2020-07-27T15:30:27","slug":"0320-kombine-anahtar-takimi-kisa-boy-mm","status":"publish","type":"product","link":"http:\/\/basakcilastik.com.tr\/?product=0320-kombine-anahtar-takimi-kisa-boy-mm","title":{"rendered":"0320 Kombine Anahtar Tak\u0131m\u0131 K\u0131sa Boy (mm)"},"content":{"rendered":"<table width=\"100%\">\n<tbody>\n<tr>\n<td><strong>KOD<\/strong><\/td>\n<td><\/td>\n<td><\/td>\n<td><\/td>\n<\/tr>\n<tr>\n<td>0320 00 2106<\/td>\n<td>8 &#8211; 9 -11<br \/>\n13 &#8211; 17 &#8211; 19<\/td>\n<td>460<\/td>\n<td>6<\/td>\n<\/tr>\n<tr>\n<td>0320 00 2108<\/td>\n<td>6 &#8211; 7 &#8211; 8 &#8211; 9<br \/>\n10 &#8211; 13 &#8211; 17 &#8211; 19<\/td>\n<td>475<\/td>\n<td>8<\/td>\n<\/tr>\n<tr>\n<td>0320 00 2110<\/td>\n<td>8 &#8211; 9 &#8211; 10 -11<br \/>\n12 &#8211; 13 &#8211; 14 &#8211; 17<br \/>\n19 &#8211; 22<\/td>\n<td>1015<\/td>\n<td>10<\/td>\n<\/tr>\n<tr>\n<td>0320 00 2112<\/td>\n<td>8 &#8211; 9 &#8211; 10 -11<br \/>\n12 &#8211; 13 &#8211; 14 &#8211; 15<br \/>\n16 &#8211; 17 &#8211; 19 &#8211; 22<\/td>\n<td>1190<\/td>\n<td>12<\/td>\n<\/tr>\n<tr>\n<td>0320 00 2117<\/td>\n<td>6 &#8211; 7 &#8211; 8 &#8211; 9 &#8211; 10<br \/>\n11 &#8211; 12 &#8211; 13 &#8211; 14<br \/>\n15 &#8211; 16 &#8211; 17 &#8211; 18<br \/>\n19 &#8211; 20 &#8211; 21 &#8211; 22<\/td>\n<td>1755<\/td>\n<td>17<\/td>\n<\/tr>\n<tr>\n<td>0320 00 2121<\/td>\n<td>6 &#8211; 7 &#8211; 8 &#8211; 9 &#8211; 10<br \/>\n11 &#8211; 12 &#8211; 13 &#8211; 14<br \/>\n15 &#8211; 16 &#8211; 17 &#8211; 18<br \/>\n19 &#8211; 20 &#8211; 21 &#8211; 22<br \/>\n24 &#8211; 27 &#8211; 30 &#8211; 32<\/td>\n<td>3650<\/td>\n<td>21<\/td>\n<\/tr>\n<\/tbody>\n<\/table>\n<p>&nbsp;<\/p>\n","protected":false},"excerpt":{"rendered":"<p>KOD 0320 00 2106 8 &#8211; 9 -11 13 &#8211; 17 &#8211; 19 460 6 0320 00 2108 6 &#8211; 7 &#8211; 8 &#8211; 9 10 &#8211; 13 &#8211; 17 &#8211; 19 475 8 0320 00 2110 8 &#8211; 9 &#8211; 10 -11 12 &#8211; 13 &#8211; 14 &#8211; 17 19 &#8211; 22 1015 10 0320 00 2112 8 &#8211; [&hellip;]<\/p>\n","protected":false},"featured_media":15357,"comment_status":"open","ping_status":"closed","template":"","meta":[],"product_brand":[],"product_cat":[15,73,72],"product_tag":[],"class_list":{"0":"post-15354","1":"product","2":"type-product","3":"status-publish","4":"has-post-thumbnail","6":"product_cat-genel","7":"product_cat-anahtarlar","8":"product_cat-hirdavat","10":"first","11":"instock","12":"shipping-taxable","13":"product-type-simple"},"_links":{"self":[{"href":"http:\/\/basakcilastik.com.tr\/index.php?rest_route=\/wp\/v2\/product\/15354","targetHints":{"allow":["GET"]}}],"collection":[{"href":"http:\/\/basakcilastik.com.tr\/index.php?rest_route=\/wp\/v2\/product"}],"about":[{"href":"http:\/\/basakcilastik.com.tr\/index.php?rest_route=\/wp\/v2\/types\/product"}],"replies":[{"embeddable":true,"href":"http:\/\/basakcilastik.com.tr\/index.php?rest_route=%2Fwp%2Fv2%2Fcomments&post=15354"}],"wp:featuredmedia":[{"embeddable":true,"href":"http:\/\/basakcilastik.com.tr\/index.php?rest_route=\/wp\/v2\/media\/15357"}],"wp:attachment":[{"href":"http:\/\/basakcilastik.com.tr\/index.php?rest_route=%2Fwp%2Fv2%2Fmedia&parent=15354"}],"wp:term":[{"taxonomy":"product_brand","embeddable":true,"href":"http:\/\/basakcilastik.com.tr\/index.php?rest_route=%2Fwp%2Fv2%2Fproduct_brand&post=15354"},{"taxonomy":"product_cat","embeddable":true,"href":"http:\/\/basakcilastik.com.tr\/index.php?rest_route=%2Fwp%2Fv2%2Fproduct_cat&post=15354"},{"taxonomy":"product_tag","embeddable":true,"href":"http:\/\/basakcilastik.com.tr\/index.php?rest_route=%2Fwp%2Fv2%2Fproduct_tag&post=15354"}],"curies":[{"name":"wp","href":"https:\/\/api.w.org\/{rel}","templated":true}]}}