{"id":15344,"date":"2020-07-27T15:19:49","date_gmt":"2020-07-27T15:19:49","guid":{"rendered":"https:\/\/basakcilastik.com.tr\/?post_type=product&#038;p=15344"},"modified":"2020-07-27T15:19:50","modified_gmt":"2020-07-27T15:19:50","slug":"0255-super-izole-catal-bir-agiz-anahtar-mm","status":"publish","type":"product","link":"http:\/\/basakcilastik.com.tr\/?product=0255-super-izole-catal-bir-agiz-anahtar-mm","title":{"rendered":"0255 S\u00fcper \u0130zole \u00c7atal Bir A\u011f\u0131z Anahtar (mm)"},"content":{"rendered":"<table width=\"100%\">\n<tbody>\n<tr>\n<td><strong>KOD<\/strong><\/td>\n<td><\/td>\n<td><\/td>\n<td><\/td>\n<td><\/td>\n<\/tr>\n<tr>\n<td>0255 01 0010<\/td>\n<td>10<\/td>\n<td>110<\/td>\n<td>40<\/td>\n<td>10<\/td>\n<\/tr>\n<tr>\n<td>0255 01 0011<\/td>\n<td>11<\/td>\n<td>120<\/td>\n<td>45<\/td>\n<td>10<\/td>\n<\/tr>\n<tr>\n<td>0255 01 0012<\/td>\n<td>12<\/td>\n<td>130<\/td>\n<td>50<\/td>\n<td>10<\/td>\n<\/tr>\n<tr>\n<td>0255 01 0013<\/td>\n<td>13<\/td>\n<td>140<\/td>\n<td>60<\/td>\n<td>10<\/td>\n<\/tr>\n<tr>\n<td>0255 01 0014<\/td>\n<td>14<\/td>\n<td>155<\/td>\n<td>75<\/td>\n<td>10<\/td>\n<\/tr>\n<tr>\n<td>0255 01 0017<\/td>\n<td>17<\/td>\n<td>170<\/td>\n<td>100<\/td>\n<td>10<\/td>\n<\/tr>\n<tr>\n<td>0255 01 0019<\/td>\n<td>19<\/td>\n<td>185<\/td>\n<td>150<\/td>\n<td>10<\/td>\n<\/tr>\n<tr>\n<td>0255 01 0022<\/td>\n<td>22<\/td>\n<td>200<\/td>\n<td>200<\/td>\n<td>10<\/td>\n<\/tr>\n<tr>\n<td>0255 01 0024<\/td>\n<td>24<\/td>\n<td>220<\/td>\n<td>280<\/td>\n<td>10<\/td>\n<\/tr>\n<\/tbody>\n<\/table>\n<p>&nbsp;<\/p>\n","protected":false},"excerpt":{"rendered":"<p>KOD 0255 01 0010 10 110 40 10 0255 01 0011 11 120 45 10 0255 01 0012 12 130 50 10 0255 01 0013 13 140 60 10 0255 01 0014 14 155 75 10 0255 01 0017 17 170 100 10 0255 01 0019 19 185 150 10 0255 01 0022 22 200 200 10 0255 01 0024 [&hellip;]<\/p>\n","protected":false},"featured_media":15347,"comment_status":"open","ping_status":"closed","template":"","meta":[],"product_brand":[],"product_cat":[15,73,72],"product_tag":[],"class_list":{"0":"post-15344","1":"product","2":"type-product","3":"status-publish","4":"has-post-thumbnail","6":"product_cat-genel","7":"product_cat-anahtarlar","8":"product_cat-hirdavat","10":"first","11":"instock","12":"shipping-taxable","13":"product-type-simple"},"_links":{"self":[{"href":"http:\/\/basakcilastik.com.tr\/index.php?rest_route=\/wp\/v2\/product\/15344","targetHints":{"allow":["GET"]}}],"collection":[{"href":"http:\/\/basakcilastik.com.tr\/index.php?rest_route=\/wp\/v2\/product"}],"about":[{"href":"http:\/\/basakcilastik.com.tr\/index.php?rest_route=\/wp\/v2\/types\/product"}],"replies":[{"embeddable":true,"href":"http:\/\/basakcilastik.com.tr\/index.php?rest_route=%2Fwp%2Fv2%2Fcomments&post=15344"}],"wp:featuredmedia":[{"embeddable":true,"href":"http:\/\/basakcilastik.com.tr\/index.php?rest_route=\/wp\/v2\/media\/15347"}],"wp:attachment":[{"href":"http:\/\/basakcilastik.com.tr\/index.php?rest_route=%2Fwp%2Fv2%2Fmedia&parent=15344"}],"wp:term":[{"taxonomy":"product_brand","embeddable":true,"href":"http:\/\/basakcilastik.com.tr\/index.php?rest_route=%2Fwp%2Fv2%2Fproduct_brand&post=15344"},{"taxonomy":"product_cat","embeddable":true,"href":"http:\/\/basakcilastik.com.tr\/index.php?rest_route=%2Fwp%2Fv2%2Fproduct_cat&post=15344"},{"taxonomy":"product_tag","embeddable":true,"href":"http:\/\/basakcilastik.com.tr\/index.php?rest_route=%2Fwp%2Fv2%2Fproduct_tag&post=15344"}],"curies":[{"name":"wp","href":"https:\/\/api.w.org\/{rel}","templated":true}]}}