{"id":15342,"date":"2020-07-27T15:18:56","date_gmt":"2020-07-27T15:18:56","guid":{"rendered":"https:\/\/basakcilastik.com.tr\/?post_type=product&#038;p=15342"},"modified":"2020-07-27T15:18:58","modified_gmt":"2020-07-27T15:18:58","slug":"0250-bir-agiz-tacli-anahtar-mm","status":"publish","type":"product","link":"http:\/\/basakcilastik.com.tr\/?product=0250-bir-agiz-tacli-anahtar-mm","title":{"rendered":"0250 Bir A\u011f\u0131z Ta\u00e7l\u0131 Anahtar (mm)"},"content":{"rendered":"<table width=\"100%\">\n<tbody>\n<tr>\n<td><strong>KOD<\/strong><\/td>\n<td><\/td>\n<td><\/td>\n<td><\/td>\n<td><\/td>\n<td><\/td>\n<td><\/td>\n<\/tr>\n<tr>\n<td>*\u00a00250 01 0021<\/td>\n<td>21<\/td>\n<td>185<\/td>\n<td>8<\/td>\n<td>42.4<\/td>\n<td>95<\/td>\n<td>10<\/td>\n<\/tr>\n<tr>\n<td>*\u00a00250 01 0022<\/td>\n<td>22<\/td>\n<td>195<\/td>\n<td>8<\/td>\n<td>44.4<\/td>\n<td>110<\/td>\n<td>10<\/td>\n<\/tr>\n<tr>\n<td>*\u00a00250 01 0023<\/td>\n<td>23<\/td>\n<td>195<\/td>\n<td>8<\/td>\n<td>46.3<\/td>\n<td>115<\/td>\n<td>10<\/td>\n<\/tr>\n<tr>\n<td>*\u00a00250 01 0024<\/td>\n<td>24<\/td>\n<td>215<\/td>\n<td>9<\/td>\n<td>48.3<\/td>\n<td>150<\/td>\n<td>10<\/td>\n<\/tr>\n<tr>\n<td>*\u00a00250 01 0025<\/td>\n<td>25<\/td>\n<td>215<\/td>\n<td>9<\/td>\n<td>50.3<\/td>\n<td>155<\/td>\n<td>10<\/td>\n<\/tr>\n<tr>\n<td>*\u00a00250 01 0027<\/td>\n<td>27<\/td>\n<td>240<\/td>\n<td>9.5<\/td>\n<td>54.3<\/td>\n<td>200<\/td>\n<td>5<\/td>\n<\/tr>\n<tr>\n<td>0250 01 0030<\/td>\n<td>30<\/td>\n<td>260<\/td>\n<td>9.5<\/td>\n<td>60.2<\/td>\n<td>250<\/td>\n<td>5<\/td>\n<\/tr>\n<tr>\n<td>*\u00a00250 01 0032<\/td>\n<td>32<\/td>\n<td>270<\/td>\n<td>10<\/td>\n<td>64<\/td>\n<td>300<\/td>\n<td>5<\/td>\n<\/tr>\n<tr>\n<td>*\u00a00250 01 0034<\/td>\n<td>34<\/td>\n<td>270<\/td>\n<td>10<\/td>\n<td>68<\/td>\n<td>320<\/td>\n<td>5<\/td>\n<\/tr>\n<tr>\n<td>0250 01 0036<\/td>\n<td>36<\/td>\n<td>300<\/td>\n<td>10.5<\/td>\n<td>74.6<\/td>\n<td>370<\/td>\n<td>5<\/td>\n<\/tr>\n<tr>\n<td>*\u00a00250 01 0038<\/td>\n<td>38<\/td>\n<td>300<\/td>\n<td>10.5<\/td>\n<td>76.8<\/td>\n<td>400<\/td>\n<td>5<\/td>\n<\/tr>\n<tr>\n<td>0250 01 0041<\/td>\n<td>41<\/td>\n<td>345<\/td>\n<td>12.2<\/td>\n<td>85.5<\/td>\n<td>550<\/td>\n<td>5<\/td>\n<\/tr>\n<tr>\n<td>0250 01 0046<\/td>\n<td>46<\/td>\n<td>390<\/td>\n<td>14<\/td>\n<td>96.3<\/td>\n<td>750<\/td>\n<td>5<\/td>\n<\/tr>\n<tr>\n<td>0250 01 0050<\/td>\n<td>50<\/td>\n<td>425<\/td>\n<td>15.2<\/td>\n<td>105<\/td>\n<td>1000<\/td>\n<td>5<\/td>\n<\/tr>\n<tr>\n<td>0250 01 0055<\/td>\n<td>55<\/td>\n<td>455<\/td>\n<td>16.5<\/td>\n<td>113.5<\/td>\n<td>1300<\/td>\n<td>1<\/td>\n<\/tr>\n<tr>\n<td>*\u00a00250 01 0060<\/td>\n<td>60<\/td>\n<td>490<\/td>\n<td>18.4<\/td>\n<td>121<\/td>\n<td>1600<\/td>\n<td>1<\/td>\n<\/tr>\n<tr>\n<td>0250 01 0065<\/td>\n<td>65<\/td>\n<td>524<\/td>\n<td>19.7<\/td>\n<td>130<\/td>\n<td>1980<\/td>\n<td>1<\/td>\n<\/tr>\n<tr>\n<td>*\u00a00250 01 0070<\/td>\n<td>70<\/td>\n<td>564<\/td>\n<td>20.8<\/td>\n<td>140<\/td>\n<td>2480<\/td>\n<td>1<\/td>\n<\/tr>\n<tr>\n<td>*\u00a00250 01 0075<\/td>\n<td>75<\/td>\n<td>608<\/td>\n<td>21.8<\/td>\n<td>151<\/td>\n<td>3100<\/td>\n<td>1<\/td>\n<\/tr>\n<\/tbody>\n<\/table>\n<p>&nbsp;<\/p>\n","protected":false},"excerpt":{"rendered":"<p>KOD *\u00a00250 01 0021 21 185 8 42.4 95 10 *\u00a00250 01 0022 22 195 8 44.4 110 10 *\u00a00250 01 0023 23 195 8 46.3 115 10 *\u00a00250 01 0024 24 215 9 48.3 150 10 *\u00a00250 01 0025 25 215 9 50.3 155 10 *\u00a00250 01 0027 27 240 9.5 54.3 200 5 0250 01 0030 30 260 [&hellip;]<\/p>\n","protected":false},"featured_media":15345,"comment_status":"open","ping_status":"closed","template":"","meta":[],"product_brand":[],"product_cat":[15,73,72],"product_tag":[],"class_list":{"0":"post-15342","1":"product","2":"type-product","3":"status-publish","4":"has-post-thumbnail","6":"product_cat-genel","7":"product_cat-anahtarlar","8":"product_cat-hirdavat","10":"first","11":"instock","12":"shipping-taxable","13":"product-type-simple"},"_links":{"self":[{"href":"http:\/\/basakcilastik.com.tr\/index.php?rest_route=\/wp\/v2\/product\/15342","targetHints":{"allow":["GET"]}}],"collection":[{"href":"http:\/\/basakcilastik.com.tr\/index.php?rest_route=\/wp\/v2\/product"}],"about":[{"href":"http:\/\/basakcilastik.com.tr\/index.php?rest_route=\/wp\/v2\/types\/product"}],"replies":[{"embeddable":true,"href":"http:\/\/basakcilastik.com.tr\/index.php?rest_route=%2Fwp%2Fv2%2Fcomments&post=15342"}],"wp:featuredmedia":[{"embeddable":true,"href":"http:\/\/basakcilastik.com.tr\/index.php?rest_route=\/wp\/v2\/media\/15345"}],"wp:attachment":[{"href":"http:\/\/basakcilastik.com.tr\/index.php?rest_route=%2Fwp%2Fv2%2Fmedia&parent=15342"}],"wp:term":[{"taxonomy":"product_brand","embeddable":true,"href":"http:\/\/basakcilastik.com.tr\/index.php?rest_route=%2Fwp%2Fv2%2Fproduct_brand&post=15342"},{"taxonomy":"product_cat","embeddable":true,"href":"http:\/\/basakcilastik.com.tr\/index.php?rest_route=%2Fwp%2Fv2%2Fproduct_cat&post=15342"},{"taxonomy":"product_tag","embeddable":true,"href":"http:\/\/basakcilastik.com.tr\/index.php?rest_route=%2Fwp%2Fv2%2Fproduct_tag&post=15342"}],"curies":[{"name":"wp","href":"https:\/\/api.w.org\/{rel}","templated":true}]}}