{"id":15338,"date":"2020-07-27T15:17:28","date_gmt":"2020-07-27T15:17:28","guid":{"rendered":"https:\/\/basakcilastik.com.tr\/?post_type=product&#038;p=15338"},"modified":"2020-07-27T15:17:28","modified_gmt":"2020-07-27T15:17:28","slug":"0161-iki-agiz-anahtar-takimi-uzun-boy-sae","status":"publish","type":"product","link":"http:\/\/basakcilastik.com.tr\/?product=0161-iki-agiz-anahtar-takimi-uzun-boy-sae","title":{"rendered":"0161 \u0130ki A\u011f\u0131z Anahtar Tak\u0131m\u0131 Uzun Boy (SAE)"},"content":{"rendered":"<table width=\"100%\">\n<tbody>\n<tr>\n<td><strong>KOD<\/strong><\/td>\n<td><\/td>\n<td><\/td>\n<td><\/td>\n<\/tr>\n<tr>\n<td>0161 00 2106<\/td>\n<td>1\/4&#8243;x5\/16&#8243; &#8211; 5\/16&#8243;x3\/8&#8243;<br \/>\n7\/16&#8243;x1\/2&#8243; &#8211; 9\/16&#8243;x5\/8&#8243;<br \/>\n19\/32&#8243;x11\/16&#8243; &#8211; 3\/4&#8243;x25\/32&#8243;<\/td>\n<td>565<\/td>\n<td>6<\/td>\n<\/tr>\n<tr>\n<td>0161 00 2108<\/td>\n<td>1\/4&#8243;x5\/16&#8243; &#8211; 5\/16&#8243;x3\/8&#8243;<br \/>\n7\/16&#8243;x1\/2&#8243; &#8211; 9\/16&#8243;x5\/8&#8243;<br \/>\n19\/32&#8243;x11\/16&#8243; &#8211; 3\/4&#8243;x25\/32&#8243;<br \/>\n13\/16&#8243;x7\/8&#8243; &#8211; 15\/16&#8243;x1&#8243;<\/td>\n<td>1090<\/td>\n<td>8<\/td>\n<\/tr>\n<tr>\n<td>0161 00 2110<\/td>\n<td>1\/4&#8243;x5\/16&#8243; &#8211; 5\/16&#8243;x3\/8&#8243;<br \/>\n7\/16&#8243;x1\/2&#8243; &#8211; 9\/16&#8243;x5\/8&#8243;<br \/>\n19\/32&#8243;x11\/16&#8243; &#8211; 3\/4&#8243;x25\/32&#8243;<br \/>\n13\/16&#8243;x7\/8&#8243; &#8211; 15\/16&#8243;x1&#8243;<br \/>\n1 1\/16&#8243;x1 1\/4&#8243; &#8211; 1 1\/8&#8243;x1 5\/16&#8243;<\/td>\n<td>2045<\/td>\n<td>10<\/td>\n<\/tr>\n<tr>\n<td>0161 00 2112<\/td>\n<td>1\/4&#8243;x5\/16&#8243; &#8211; 5\/16&#8243;x3\/8&#8243;<br \/>\n3\/8&#8243;x7\/16&#8243; &#8211; 7\/16&#8243;x1\/2&#8243;<br \/>\n1\/2&#8243;x9\/16&#8243; &#8211; 9\/16&#8243;x5\/8&#8243;<br \/>\n19\/32&#8243;x11\/16&#8243; &#8211; 3\/4&#8243;x25\/32&#8243;<br \/>\n13\/16&#8243;x7\/8&#8243; &#8211; 15\/16&#8243;x1&#8243;<br \/>\n1 1\/16&#8243;x1 1\/4&#8243; &#8211; 1 1\/8&#8243;x1 5\/16&#8243;<\/td>\n<td>2165<\/td>\n<td>12<\/td>\n<\/tr>\n<\/tbody>\n<\/table>\n<p>&nbsp;<\/p>\n<p>&nbsp;<\/p>\n<p>Krom vanadyum, Krom kapl\u0131<\/p>\n<p>&nbsp;<\/p>\n","protected":false},"excerpt":{"rendered":"<p>KOD 0161 00 2106 1\/4&#8243;x5\/16&#8243; &#8211; 5\/16&#8243;x3\/8&#8243; 7\/16&#8243;x1\/2&#8243; &#8211; 9\/16&#8243;x5\/8&#8243; 19\/32&#8243;x11\/16&#8243; &#8211; 3\/4&#8243;x25\/32&#8243; 565 6 0161 00 2108 1\/4&#8243;x5\/16&#8243; &#8211; 5\/16&#8243;x3\/8&#8243; 7\/16&#8243;x1\/2&#8243; &#8211; 9\/16&#8243;x5\/8&#8243; 19\/32&#8243;x11\/16&#8243; &#8211; 3\/4&#8243;x25\/32&#8243; 13\/16&#8243;x7\/8&#8243; &#8211; 15\/16&#8243;x1&#8243; 1090 8 0161 00 2110 1\/4&#8243;x5\/16&#8243; &#8211; 5\/16&#8243;x3\/8&#8243; 7\/16&#8243;x1\/2&#8243; &#8211; 9\/16&#8243;x5\/8&#8243; 19\/32&#8243;x11\/16&#8243; &#8211; 3\/4&#8243;x25\/32&#8243; 13\/16&#8243;x7\/8&#8243; &#8211; 15\/16&#8243;x1&#8243; 1 1\/16&#8243;x1 1\/4&#8243; &#8211; 1 1\/8&#8243;x1 5\/16&#8243; 2045 10 0161 00 2112 1\/4&#8243;x5\/16&#8243; [&hellip;]<\/p>\n","protected":false},"featured_media":15341,"comment_status":"open","ping_status":"closed","template":"","meta":[],"product_brand":[],"product_cat":[15,73,72],"product_tag":[],"class_list":{"0":"post-15338","1":"product","2":"type-product","3":"status-publish","4":"has-post-thumbnail","6":"product_cat-genel","7":"product_cat-anahtarlar","8":"product_cat-hirdavat","10":"first","11":"instock","12":"shipping-taxable","13":"product-type-simple"},"_links":{"self":[{"href":"http:\/\/basakcilastik.com.tr\/index.php?rest_route=\/wp\/v2\/product\/15338","targetHints":{"allow":["GET"]}}],"collection":[{"href":"http:\/\/basakcilastik.com.tr\/index.php?rest_route=\/wp\/v2\/product"}],"about":[{"href":"http:\/\/basakcilastik.com.tr\/index.php?rest_route=\/wp\/v2\/types\/product"}],"replies":[{"embeddable":true,"href":"http:\/\/basakcilastik.com.tr\/index.php?rest_route=%2Fwp%2Fv2%2Fcomments&post=15338"}],"wp:featuredmedia":[{"embeddable":true,"href":"http:\/\/basakcilastik.com.tr\/index.php?rest_route=\/wp\/v2\/media\/15341"}],"wp:attachment":[{"href":"http:\/\/basakcilastik.com.tr\/index.php?rest_route=%2Fwp%2Fv2%2Fmedia&parent=15338"}],"wp:term":[{"taxonomy":"product_brand","embeddable":true,"href":"http:\/\/basakcilastik.com.tr\/index.php?rest_route=%2Fwp%2Fv2%2Fproduct_brand&post=15338"},{"taxonomy":"product_cat","embeddable":true,"href":"http:\/\/basakcilastik.com.tr\/index.php?rest_route=%2Fwp%2Fv2%2Fproduct_cat&post=15338"},{"taxonomy":"product_tag","embeddable":true,"href":"http:\/\/basakcilastik.com.tr\/index.php?rest_route=%2Fwp%2Fv2%2Fproduct_tag&post=15338"}],"curies":[{"name":"wp","href":"https:\/\/api.w.org\/{rel}","templated":true}]}}