{"id":15334,"date":"2020-07-27T15:16:16","date_gmt":"2020-07-27T15:16:16","guid":{"rendered":"https:\/\/basakcilastik.com.tr\/?post_type=product&#038;p=15334"},"modified":"2020-07-27T15:16:16","modified_gmt":"2020-07-27T15:16:16","slug":"0130-iki-agiz-anahtar-uzun-boy-mm","status":"publish","type":"product","link":"http:\/\/basakcilastik.com.tr\/?product=0130-iki-agiz-anahtar-uzun-boy-mm","title":{"rendered":"0130 \u0130ki A\u011f\u0131z Anahtar Uzun Boy (mm)"},"content":{"rendered":"<table width=\"100%\">\n<tbody>\n<tr>\n<td><strong>KOD<\/strong><\/td>\n<td><\/td>\n<td><\/td>\n<td><\/td>\n<td><\/td>\n<td><\/td>\n<td><\/td>\n<td><\/td>\n<\/tr>\n<tr>\n<td>*\u00a00130 01 0555<\/td>\n<td>5&#215;5.5<\/td>\n<td>125<\/td>\n<td>3.5<\/td>\n<td>14<\/td>\n<td>16<\/td>\n<td>15<\/td>\n<td>10<\/td>\n<\/tr>\n<tr>\n<td>0130 01 0607<\/td>\n<td>6&#215;7<\/td>\n<td>125<\/td>\n<td>3.5<\/td>\n<td>14<\/td>\n<td>16<\/td>\n<td>24<\/td>\n<td>10<\/td>\n<\/tr>\n<tr>\n<td>*\u00a00130 01 0608<\/td>\n<td>6&#215;8<\/td>\n<td>125<\/td>\n<td>3.5<\/td>\n<td>14<\/td>\n<td>18<\/td>\n<td>20<\/td>\n<td>10<\/td>\n<\/tr>\n<tr>\n<td>*\u00a00130 01 0708<\/td>\n<td>7&#215;8<\/td>\n<td>125<\/td>\n<td>3.5<\/td>\n<td>16<\/td>\n<td>18<\/td>\n<td>20<\/td>\n<td>10<\/td>\n<\/tr>\n<tr>\n<td>*\u00a00130 01 0709<\/td>\n<td>7&#215;9<\/td>\n<td>140<\/td>\n<td>4<\/td>\n<td>16<\/td>\n<td>20<\/td>\n<td>30<\/td>\n<td>10<\/td>\n<\/tr>\n<tr>\n<td>0130 01 0809<\/td>\n<td>8&#215;9<\/td>\n<td>140<\/td>\n<td>4<\/td>\n<td>18<\/td>\n<td>20<\/td>\n<td>35<\/td>\n<td>10<\/td>\n<\/tr>\n<tr>\n<td>0130 01 0810<\/td>\n<td>8&#215;10<\/td>\n<td>140<\/td>\n<td>4<\/td>\n<td>18<\/td>\n<td>22<\/td>\n<td>36<\/td>\n<td>10<\/td>\n<\/tr>\n<tr>\n<td>*\u00a00130 01 0910<\/td>\n<td>9&#215;10<\/td>\n<td>155<\/td>\n<td>4.5<\/td>\n<td>20<\/td>\n<td>22<\/td>\n<td>45<\/td>\n<td>10<\/td>\n<\/tr>\n<tr>\n<td>*\u00a00130 01 0911<\/td>\n<td>9&#215;11<\/td>\n<td>155<\/td>\n<td>4.5<\/td>\n<td>20<\/td>\n<td>24<\/td>\n<td>45<\/td>\n<td>10<\/td>\n<\/tr>\n<tr>\n<td>0130 01 1011<\/td>\n<td>10&#215;11<\/td>\n<td>155<\/td>\n<td>4.5<\/td>\n<td>22<\/td>\n<td>24<\/td>\n<td>47<\/td>\n<td>10<\/td>\n<\/tr>\n<tr>\n<td>0130 01 1012<\/td>\n<td>10&#215;12<\/td>\n<td>162<\/td>\n<td>4.7<\/td>\n<td>22<\/td>\n<td>26<\/td>\n<td>57<\/td>\n<td>10<\/td>\n<\/tr>\n<tr>\n<td>0130 01 1013<\/td>\n<td>10&#215;13<\/td>\n<td>162<\/td>\n<td>4.7<\/td>\n<td>22<\/td>\n<td>28<\/td>\n<td>61<\/td>\n<td>10<\/td>\n<\/tr>\n<tr>\n<td>0130 01 1014<\/td>\n<td>10&#215;14<\/td>\n<td>172<\/td>\n<td>5<\/td>\n<td>22<\/td>\n<td>30<\/td>\n<td>65<\/td>\n<td>10<\/td>\n<\/tr>\n<tr>\n<td>*\u00a00130 01 1113<\/td>\n<td>11&#215;13<\/td>\n<td>172<\/td>\n<td>5<\/td>\n<td>24<\/td>\n<td>28<\/td>\n<td>70<\/td>\n<td>10<\/td>\n<\/tr>\n<tr>\n<td>0130 01 1114<\/td>\n<td>11&#215;14<\/td>\n<td>172<\/td>\n<td>5<\/td>\n<td>24<\/td>\n<td>30<\/td>\n<td>65<\/td>\n<td>10<\/td>\n<\/tr>\n<tr>\n<td>0130 01 1213<\/td>\n<td>12&#215;13<\/td>\n<td>172<\/td>\n<td>5<\/td>\n<td>26<\/td>\n<td>28<\/td>\n<td>67<\/td>\n<td>10<\/td>\n<\/tr>\n<tr>\n<td>0130 01 1214<\/td>\n<td>12&#215;14<\/td>\n<td>172<\/td>\n<td>5<\/td>\n<td>26<\/td>\n<td>30<\/td>\n<td>65<\/td>\n<td>10<\/td>\n<\/tr>\n<tr>\n<td>0130 01 1314<\/td>\n<td>13&#215;14<\/td>\n<td>188<\/td>\n<td>5.5<\/td>\n<td>28<\/td>\n<td>30<\/td>\n<td>85<\/td>\n<td>10<\/td>\n<\/tr>\n<tr>\n<td>*\u00a00130 01 1315<\/td>\n<td>13&#215;15<\/td>\n<td>188<\/td>\n<td>5,5<\/td>\n<td>30<\/td>\n<td>32<\/td>\n<td>93<\/td>\n<td>10<\/td>\n<\/tr>\n<tr>\n<td>0130 01 1415<\/td>\n<td>14&#215;15<\/td>\n<td>188<\/td>\n<td>5.5<\/td>\n<td>30<\/td>\n<td>32<\/td>\n<td>91<\/td>\n<td>10<\/td>\n<\/tr>\n<tr>\n<td>0130 01 1317<\/td>\n<td>13&#215;17<\/td>\n<td>205<\/td>\n<td>6.2<\/td>\n<td>28<\/td>\n<td>36<\/td>\n<td>111<\/td>\n<td>10<\/td>\n<\/tr>\n<tr>\n<td>0130 01 1417<\/td>\n<td>14&#215;17<\/td>\n<td>205<\/td>\n<td>6.2<\/td>\n<td>30<\/td>\n<td>36<\/td>\n<td>106<\/td>\n<td>10<\/td>\n<\/tr>\n<tr>\n<td>0130 01 1617<\/td>\n<td>16&#215;17<\/td>\n<td>205<\/td>\n<td>6.2<\/td>\n<td>34<\/td>\n<td>36<\/td>\n<td>120<\/td>\n<td>10<\/td>\n<\/tr>\n<tr>\n<td>0130 01 1618<\/td>\n<td>16&#215;18<\/td>\n<td>220<\/td>\n<td>7<\/td>\n<td>34<\/td>\n<td>38<\/td>\n<td>165<\/td>\n<td>10<\/td>\n<\/tr>\n<tr>\n<td>0130 01 1719<\/td>\n<td>17&#215;19<\/td>\n<td>220<\/td>\n<td>7<\/td>\n<td>36<\/td>\n<td>40<\/td>\n<td>160<\/td>\n<td>10<\/td>\n<\/tr>\n<tr>\n<td>0130 01 1819<\/td>\n<td>18&#215;19<\/td>\n<td>220<\/td>\n<td>7<\/td>\n<td>38<\/td>\n<td>40<\/td>\n<td>161<\/td>\n<td>10<\/td>\n<\/tr>\n<tr>\n<td>*\u00a00130 01 1722<\/td>\n<td>17&#215;22<\/td>\n<td>235<\/td>\n<td>7.5<\/td>\n<td>36<\/td>\n<td>46<\/td>\n<td>190<\/td>\n<td>5<\/td>\n<\/tr>\n<tr>\n<td>0130 01 1921<\/td>\n<td>19&#215;21<\/td>\n<td>235<\/td>\n<td>7.5<\/td>\n<td>40<\/td>\n<td>44<\/td>\n<td>195<\/td>\n<td>5<\/td>\n<\/tr>\n<tr>\n<td>0130 01 1922<\/td>\n<td>19&#215;22<\/td>\n<td>235<\/td>\n<td>7.5<\/td>\n<td>40<\/td>\n<td>46<\/td>\n<td>195<\/td>\n<td>5<\/td>\n<\/tr>\n<tr>\n<td>0130 01 2022<\/td>\n<td>20&#215;22<\/td>\n<td>235<\/td>\n<td>7.5<\/td>\n<td>42<\/td>\n<td>46<\/td>\n<td>195<\/td>\n<td>5<\/td>\n<\/tr>\n<tr>\n<td>*\u00a00130 01 1724<\/td>\n<td>17&#215;24<\/td>\n<td>248<\/td>\n<td>8,3<\/td>\n<td>36<\/td>\n<td>50<\/td>\n<td>240<\/td>\n<td>5<\/td>\n<\/tr>\n<tr>\n<td>0130 01 1924<\/td>\n<td>19&#215;24<\/td>\n<td>248<\/td>\n<td>8,3<\/td>\n<td>40<\/td>\n<td>50<\/td>\n<td>235<\/td>\n<td>5<\/td>\n<\/tr>\n<tr>\n<td>0130 01 2123<\/td>\n<td>21&#215;23<\/td>\n<td>248<\/td>\n<td>8,3<\/td>\n<td>44<\/td>\n<td>48<\/td>\n<td>235<\/td>\n<td>5<\/td>\n<\/tr>\n<tr>\n<td>0130 01 2224<\/td>\n<td>22&#215;24<\/td>\n<td>248<\/td>\n<td>8,3<\/td>\n<td>46<\/td>\n<td>50<\/td>\n<td>235<\/td>\n<td>5<\/td>\n<\/tr>\n<tr>\n<td>*\u00a00130 01 2227<\/td>\n<td>22&#215;27<\/td>\n<td>265<\/td>\n<td>8.8<\/td>\n<td>46<\/td>\n<td>56<\/td>\n<td>300<\/td>\n<td>5<\/td>\n<\/tr>\n<tr>\n<td>0130 01 2426<\/td>\n<td>24&#215;26<\/td>\n<td>265<\/td>\n<td>8.8<\/td>\n<td>50<\/td>\n<td>54<\/td>\n<td>300<\/td>\n<td>5<\/td>\n<\/tr>\n<tr>\n<td>0130 01 2427<\/td>\n<td>24&#215;27<\/td>\n<td>265<\/td>\n<td>8.8<\/td>\n<td>50<\/td>\n<td>56<\/td>\n<td>300<\/td>\n<td>5<\/td>\n<\/tr>\n<tr>\n<td>*\u00a00130 01 2430<\/td>\n<td>24&#215;30<\/td>\n<td>282<\/td>\n<td>9,3<\/td>\n<td>50<\/td>\n<td>61,5<\/td>\n<td>380<\/td>\n<td>5<\/td>\n<\/tr>\n<tr>\n<td>0130 01 2528<\/td>\n<td>25&#215;28<\/td>\n<td>282<\/td>\n<td>9,3<\/td>\n<td>52<\/td>\n<td>57.5<\/td>\n<td>390<\/td>\n<td>5<\/td>\n<\/tr>\n<tr>\n<td>0130 01 2729<\/td>\n<td>27&#215;29<\/td>\n<td>300<\/td>\n<td>9.8<\/td>\n<td>56<\/td>\n<td>59<\/td>\n<td>400<\/td>\n<td>5<\/td>\n<\/tr>\n<tr>\n<td>0130 01 2730<\/td>\n<td>27&#215;30<\/td>\n<td>300<\/td>\n<td>9.8<\/td>\n<td>56<\/td>\n<td>61.5<\/td>\n<td>440<\/td>\n<td>5<\/td>\n<\/tr>\n<tr>\n<td>0130 01 2732<\/td>\n<td>27&#215;32<\/td>\n<td>300<\/td>\n<td>9.8<\/td>\n<td>56<\/td>\n<td>65.5<\/td>\n<td>460<\/td>\n<td>5<\/td>\n<\/tr>\n<tr>\n<td>0130 01 3032<\/td>\n<td>30&#215;32<\/td>\n<td>300<\/td>\n<td>9.8<\/td>\n<td>61.5<\/td>\n<td>65.5<\/td>\n<td>480<\/td>\n<td>5<\/td>\n<\/tr>\n<tr>\n<td>0130 01 3036<\/td>\n<td>30&#215;36<\/td>\n<td>325<\/td>\n<td>10.4<\/td>\n<td>61.5<\/td>\n<td>76<\/td>\n<td>645<\/td>\n<td>5<\/td>\n<\/tr>\n<tr>\n<td>0130 01 3236<\/td>\n<td>32&#215;36<\/td>\n<td>325<\/td>\n<td>10.4<\/td>\n<td>65.5<\/td>\n<td>76<\/td>\n<td>680<\/td>\n<td>5<\/td>\n<\/tr>\n<tr>\n<td>*\u00a00130 01 3436<\/td>\n<td>34&#215;36<\/td>\n<td>330<\/td>\n<td>10.4<\/td>\n<td>71<\/td>\n<td>76<\/td>\n<td>690<\/td>\n<td>5<\/td>\n<\/tr>\n<tr>\n<td>0130 01 3641<\/td>\n<td>36&#215;41<\/td>\n<td>360<\/td>\n<td>12<\/td>\n<td>76<\/td>\n<td>87<\/td>\n<td>955<\/td>\n<td>5<\/td>\n<\/tr>\n<tr>\n<td>0130 01 4146<\/td>\n<td>41&#215;46<\/td>\n<td>400<\/td>\n<td>12.5<\/td>\n<td>87<\/td>\n<td>98<\/td>\n<td>1300<\/td>\n<td>5<\/td>\n<\/tr>\n<tr>\n<td>0130 01 4650<\/td>\n<td>46&#215;50<\/td>\n<td>450<\/td>\n<td>13<\/td>\n<td>98<\/td>\n<td>107<\/td>\n<td>1635<\/td>\n<td>5<\/td>\n<\/tr>\n<\/tbody>\n<\/table>\n<p>&nbsp;<\/p>\n<p>&nbsp;<\/p>\n<p>Krom vanadyum, Krom kapl\u0131<\/p>\n<p>TS ISO 10102 \/ DIN 3110<\/p>\n<p>&nbsp;<\/p>\n","protected":false},"excerpt":{"rendered":"<p>KOD *\u00a00130 01 0555 5&#215;5.5 125 3.5 14 16 15 10 0130 01 0607 6&#215;7 125 3.5 14 16 24 10 *\u00a00130 01 0608 6&#215;8 125 3.5 14 18 20 10 *\u00a00130 01 0708 7&#215;8 125 3.5 16 18 20 10 *\u00a00130 01 0709 7&#215;9 140 4 16 20 30 10 0130 01 0809 8&#215;9 140 4 18 20 35 [&hellip;]<\/p>\n","protected":false},"featured_media":15337,"comment_status":"open","ping_status":"closed","template":"","meta":[],"product_brand":[],"product_cat":[15,73,72],"product_tag":[],"class_list":{"0":"post-15334","1":"product","2":"type-product","3":"status-publish","4":"has-post-thumbnail","6":"product_cat-genel","7":"product_cat-anahtarlar","8":"product_cat-hirdavat","10":"first","11":"instock","12":"shipping-taxable","13":"product-type-simple"},"_links":{"self":[{"href":"http:\/\/basakcilastik.com.tr\/index.php?rest_route=\/wp\/v2\/product\/15334","targetHints":{"allow":["GET"]}}],"collection":[{"href":"http:\/\/basakcilastik.com.tr\/index.php?rest_route=\/wp\/v2\/product"}],"about":[{"href":"http:\/\/basakcilastik.com.tr\/index.php?rest_route=\/wp\/v2\/types\/product"}],"replies":[{"embeddable":true,"href":"http:\/\/basakcilastik.com.tr\/index.php?rest_route=%2Fwp%2Fv2%2Fcomments&post=15334"}],"wp:featuredmedia":[{"embeddable":true,"href":"http:\/\/basakcilastik.com.tr\/index.php?rest_route=\/wp\/v2\/media\/15337"}],"wp:attachment":[{"href":"http:\/\/basakcilastik.com.tr\/index.php?rest_route=%2Fwp%2Fv2%2Fmedia&parent=15334"}],"wp:term":[{"taxonomy":"product_brand","embeddable":true,"href":"http:\/\/basakcilastik.com.tr\/index.php?rest_route=%2Fwp%2Fv2%2Fproduct_brand&post=15334"},{"taxonomy":"product_cat","embeddable":true,"href":"http:\/\/basakcilastik.com.tr\/index.php?rest_route=%2Fwp%2Fv2%2Fproduct_cat&post=15334"},{"taxonomy":"product_tag","embeddable":true,"href":"http:\/\/basakcilastik.com.tr\/index.php?rest_route=%2Fwp%2Fv2%2Fproduct_tag&post=15334"}],"curies":[{"name":"wp","href":"https:\/\/api.w.org\/{rel}","templated":true}]}}