{"id":15264,"date":"2020-07-27T14:44:32","date_gmt":"2020-07-27T14:44:32","guid":{"rendered":"https:\/\/basakcilastik.com.tr\/?post_type=product&#038;p=15264"},"modified":"2020-07-27T14:44:32","modified_gmt":"2020-07-27T14:44:32","slug":"yama-havali-orbital-daire-zimpara-150-mm","status":"publish","type":"product","link":"http:\/\/basakcilastik.com.tr\/?product=yama-havali-orbital-daire-zimpara-150-mm","title":{"rendered":"YAMA Haval\u0131 Orbital Daire Z\u0131mpara 150 mm"},"content":{"rendered":"<p>YAMA Haval\u0131 Orbital Daire Z\u0131mpara 150 mm<\/p>\n","protected":false},"excerpt":{"rendered":"<p>YAMA Haval\u0131 Orbital Daire Z\u0131mpara 150 mm<\/p>\n","protected":false},"featured_media":15267,"comment_status":"open","ping_status":"closed","template":"","meta":[],"product_brand":[],"product_cat":[15,90,113],"product_tag":[],"class_list":{"0":"post-15264","1":"product","2":"type-product","3":"status-publish","4":"has-post-thumbnail","6":"product_cat-genel","7":"product_cat-havali-aletler","8":"product_cat-zimparalar-ve-taslamalar","10":"first","11":"instock","12":"shipping-taxable","13":"product-type-simple"},"_links":{"self":[{"href":"http:\/\/basakcilastik.com.tr\/index.php?rest_route=\/wp\/v2\/product\/15264","targetHints":{"allow":["GET"]}}],"collection":[{"href":"http:\/\/basakcilastik.com.tr\/index.php?rest_route=\/wp\/v2\/product"}],"about":[{"href":"http:\/\/basakcilastik.com.tr\/index.php?rest_route=\/wp\/v2\/types\/product"}],"replies":[{"embeddable":true,"href":"http:\/\/basakcilastik.com.tr\/index.php?rest_route=%2Fwp%2Fv2%2Fcomments&post=15264"}],"wp:featuredmedia":[{"embeddable":true,"href":"http:\/\/basakcilastik.com.tr\/index.php?rest_route=\/wp\/v2\/media\/15267"}],"wp:attachment":[{"href":"http:\/\/basakcilastik.com.tr\/index.php?rest_route=%2Fwp%2Fv2%2Fmedia&parent=15264"}],"wp:term":[{"taxonomy":"product_brand","embeddable":true,"href":"http:\/\/basakcilastik.com.tr\/index.php?rest_route=%2Fwp%2Fv2%2Fproduct_brand&post=15264"},{"taxonomy":"product_cat","embeddable":true,"href":"http:\/\/basakcilastik.com.tr\/index.php?rest_route=%2Fwp%2Fv2%2Fproduct_cat&post=15264"},{"taxonomy":"product_tag","embeddable":true,"href":"http:\/\/basakcilastik.com.tr\/index.php?rest_route=%2Fwp%2Fv2%2Fproduct_tag&post=15264"}],"curies":[{"name":"wp","href":"https:\/\/api.w.org\/{rel}","templated":true}]}}