{"id":15143,"date":"2020-07-26T20:49:52","date_gmt":"2020-07-26T20:49:52","guid":{"rendered":"https:\/\/basakcilastik.com.tr\/?post_type=product&#038;p=15143"},"modified":"2020-07-26T20:49:53","modified_gmt":"2020-07-26T20:49:53","slug":"opt-p-85335-havali-koli-kapama-makinasi","status":"publish","type":"product","link":"http:\/\/basakcilastik.com.tr\/?product=opt-p-85335-havali-koli-kapama-makinasi","title":{"rendered":"OPT-P 85335 HAVALI KOL\u0130 KAPAMA MAK\u0130NASI"},"content":{"rendered":"<p>OPT-P 85335 HAVALI KOL\u0130 KAPAMA MAK\u0130NASI<\/p>\n<p><strong>Z\u0131mba Tel \u00d6l\u00e7\u00fcs\u00fc<\/strong><br \/>\n<strong>Y\u00fckseklik: 15-18mm<\/strong><br \/>\n<strong>Boy: 34,7 mm<\/strong><br \/>\n<strong>Makina<\/strong><br \/>\n<strong>Uzunluk: 415 mm<\/strong><br \/>\n<strong>Y\u00fckseklik: 220 mm<\/strong><br \/>\n<strong>En: 115 mm<\/strong><br \/>\n<strong>A\u011f\u0131rl\u0131k: 2.65 kg<\/strong><br \/>\n<strong>Hortum \u00c7ap\u0131: 8 mm<\/strong><br \/>\n<strong>\u00c7al\u0131\u015fma Bas\u0131nc\u0131: 5-7 bar<\/strong><\/p>\n<p>&nbsp;<\/p>\n","protected":false},"excerpt":{"rendered":"<p>OPT-P 85335 HAVALI KOL\u0130 KAPAMA MAK\u0130NASI Z\u0131mba Tel \u00d6l\u00e7\u00fcs\u00fc Y\u00fckseklik: 15-18mm Boy: 34,7 mm Makina Uzunluk: 415 mm Y\u00fckseklik: 220 mm En: 115 mm A\u011f\u0131rl\u0131k: 2.65 kg Hortum \u00c7ap\u0131: 8 mm \u00c7al\u0131\u015fma Bas\u0131nc\u0131: 5-7 bar &nbsp;<\/p>\n","protected":false},"featured_media":15144,"comment_status":"open","ping_status":"closed","template":"","meta":[],"product_brand":[],"product_cat":[15,90,113],"product_tag":[],"class_list":{"0":"post-15143","1":"product","2":"type-product","3":"status-publish","4":"has-post-thumbnail","6":"product_cat-genel","7":"product_cat-havali-aletler","8":"product_cat-zimparalar-ve-taslamalar","10":"first","11":"instock","12":"shipping-taxable","13":"product-type-simple"},"_links":{"self":[{"href":"http:\/\/basakcilastik.com.tr\/index.php?rest_route=\/wp\/v2\/product\/15143","targetHints":{"allow":["GET"]}}],"collection":[{"href":"http:\/\/basakcilastik.com.tr\/index.php?rest_route=\/wp\/v2\/product"}],"about":[{"href":"http:\/\/basakcilastik.com.tr\/index.php?rest_route=\/wp\/v2\/types\/product"}],"replies":[{"embeddable":true,"href":"http:\/\/basakcilastik.com.tr\/index.php?rest_route=%2Fwp%2Fv2%2Fcomments&post=15143"}],"wp:featuredmedia":[{"embeddable":true,"href":"http:\/\/basakcilastik.com.tr\/index.php?rest_route=\/wp\/v2\/media\/15144"}],"wp:attachment":[{"href":"http:\/\/basakcilastik.com.tr\/index.php?rest_route=%2Fwp%2Fv2%2Fmedia&parent=15143"}],"wp:term":[{"taxonomy":"product_brand","embeddable":true,"href":"http:\/\/basakcilastik.com.tr\/index.php?rest_route=%2Fwp%2Fv2%2Fproduct_brand&post=15143"},{"taxonomy":"product_cat","embeddable":true,"href":"http:\/\/basakcilastik.com.tr\/index.php?rest_route=%2Fwp%2Fv2%2Fproduct_cat&post=15143"},{"taxonomy":"product_tag","embeddable":true,"href":"http:\/\/basakcilastik.com.tr\/index.php?rest_route=%2Fwp%2Fv2%2Fproduct_tag&post=15143"}],"curies":[{"name":"wp","href":"https:\/\/api.w.org\/{rel}","templated":true}]}}