{"id":15107,"date":"2020-07-26T20:35:03","date_gmt":"2020-07-26T20:35:03","guid":{"rendered":"https:\/\/basakcilastik.com.tr\/?post_type=product&#038;p=15107"},"modified":"2020-07-26T20:35:03","modified_gmt":"2020-07-26T20:35:03","slug":"opt-p-509-180-mm-taslama","status":"publish","type":"product","link":"http:\/\/basakcilastik.com.tr\/?product=opt-p-509-180-mm-taslama","title":{"rendered":"OPT-P 509 180 MM TA\u015eLAMA"},"content":{"rendered":"<p>OPT-P 509 180 MM TA\u015eLAMA<\/p>\n<p><strong>Uzunluk: 343 mm<\/strong><br \/>\n<strong>Ta\u015f \u00c7ap\u0131: 180 mm<\/strong><br \/>\n<strong>Bo\u015fta Devir: 7.000 RPM<\/strong><br \/>\n<strong>G\u00fc\u00e7: 1.1 kW<\/strong><br \/>\n<strong>Hava T\u00fcketimi: 340 lt\/dk<\/strong><br \/>\n<strong>Hava Giri\u015f Nipeli: 3\/8&#8243;<\/strong><br \/>\n<strong>Hortum \u00c7ap\u0131: 13.00 mm<\/strong><br \/>\n<strong>\u00c7al\u0131\u015fma Bas\u0131nc\u0131: 90-115 psi\u00a0(6.2-8.0 at\u00fc)<\/strong><br \/>\n<strong>A\u011f\u0131rl\u0131k: 3.20 kg<\/strong><\/p>\n","protected":false},"excerpt":{"rendered":"<p>OPT-P 509 180 MM TA\u015eLAMA Uzunluk: 343 mm Ta\u015f \u00c7ap\u0131: 180 mm Bo\u015fta Devir: 7.000 RPM G\u00fc\u00e7: 1.1 kW Hava T\u00fcketimi: 340 lt\/dk Hava Giri\u015f Nipeli: 3\/8&#8243; Hortum \u00c7ap\u0131: 13.00 mm \u00c7al\u0131\u015fma Bas\u0131nc\u0131: 90-115 psi\u00a0(6.2-8.0 at\u00fc) A\u011f\u0131rl\u0131k: 3.20 kg<\/p>\n","protected":false},"featured_media":15108,"comment_status":"open","ping_status":"closed","template":"","meta":[],"product_brand":[],"product_cat":[15,90,113],"product_tag":[],"class_list":{"0":"post-15107","1":"product","2":"type-product","3":"status-publish","4":"has-post-thumbnail","6":"product_cat-genel","7":"product_cat-havali-aletler","8":"product_cat-zimparalar-ve-taslamalar","10":"first","11":"instock","12":"shipping-taxable","13":"product-type-simple"},"_links":{"self":[{"href":"http:\/\/basakcilastik.com.tr\/index.php?rest_route=\/wp\/v2\/product\/15107","targetHints":{"allow":["GET"]}}],"collection":[{"href":"http:\/\/basakcilastik.com.tr\/index.php?rest_route=\/wp\/v2\/product"}],"about":[{"href":"http:\/\/basakcilastik.com.tr\/index.php?rest_route=\/wp\/v2\/types\/product"}],"replies":[{"embeddable":true,"href":"http:\/\/basakcilastik.com.tr\/index.php?rest_route=%2Fwp%2Fv2%2Fcomments&post=15107"}],"wp:featuredmedia":[{"embeddable":true,"href":"http:\/\/basakcilastik.com.tr\/index.php?rest_route=\/wp\/v2\/media\/15108"}],"wp:attachment":[{"href":"http:\/\/basakcilastik.com.tr\/index.php?rest_route=%2Fwp%2Fv2%2Fmedia&parent=15107"}],"wp:term":[{"taxonomy":"product_brand","embeddable":true,"href":"http:\/\/basakcilastik.com.tr\/index.php?rest_route=%2Fwp%2Fv2%2Fproduct_brand&post=15107"},{"taxonomy":"product_cat","embeddable":true,"href":"http:\/\/basakcilastik.com.tr\/index.php?rest_route=%2Fwp%2Fv2%2Fproduct_cat&post=15107"},{"taxonomy":"product_tag","embeddable":true,"href":"http:\/\/basakcilastik.com.tr\/index.php?rest_route=%2Fwp%2Fv2%2Fproduct_tag&post=15107"}],"curies":[{"name":"wp","href":"https:\/\/api.w.org\/{rel}","templated":true}]}}