{"id":15103,"date":"2020-07-26T20:33:38","date_gmt":"2020-07-26T20:33:38","guid":{"rendered":"https:\/\/basakcilastik.com.tr\/?post_type=product&#038;p=15103"},"modified":"2020-07-26T20:33:38","modified_gmt":"2020-07-26T20:33:38","slug":"opt-p-368-daire-zimpara","status":"publish","type":"product","link":"http:\/\/basakcilastik.com.tr\/?product=opt-p-368-daire-zimpara","title":{"rendered":"OPT-P 368 DA\u0130RE ZIMPARA"},"content":{"rendered":"<p>OPT-P 368 DA\u0130RE ZIMPARA<\/p>\n<p><strong>Uzunluk: 148 mm<\/strong><br \/>\n<strong>Taban \u00c7ap\u0131: 50 mm<\/strong><br \/>\n<strong>Bo\u015fta Devir: 15.000 RPM<\/strong><br \/>\n<strong>Hava T\u00fcketimi: 130 lt\/dk<\/strong><br \/>\n<strong>Hava Giri\u015f Nipeli: 1\/4&#8243;<\/strong><br \/>\n<strong>Hortum \u00c7ap\u0131: 9.50 mm<\/strong><br \/>\n<strong>\u00c7al\u0131\u015fma Bas\u0131nc\u0131: 90 psi (6.2 at\u00fc)<\/strong><br \/>\n<strong>A\u011f\u0131rl\u0131k: 0.70 kg<\/strong><\/p>\n","protected":false},"excerpt":{"rendered":"<p>OPT-P 368 DA\u0130RE ZIMPARA Uzunluk: 148 mm Taban \u00c7ap\u0131: 50 mm Bo\u015fta Devir: 15.000 RPM Hava T\u00fcketimi: 130 lt\/dk Hava Giri\u015f Nipeli: 1\/4&#8243; Hortum \u00c7ap\u0131: 9.50 mm \u00c7al\u0131\u015fma Bas\u0131nc\u0131: 90 psi (6.2 at\u00fc) A\u011f\u0131rl\u0131k: 0.70 kg<\/p>\n","protected":false},"featured_media":15104,"comment_status":"open","ping_status":"closed","template":"","meta":[],"product_brand":[],"product_cat":[15,90,113],"product_tag":[],"class_list":{"0":"post-15103","1":"product","2":"type-product","3":"status-publish","4":"has-post-thumbnail","6":"product_cat-genel","7":"product_cat-havali-aletler","8":"product_cat-zimparalar-ve-taslamalar","10":"first","11":"instock","12":"shipping-taxable","13":"product-type-simple"},"_links":{"self":[{"href":"http:\/\/basakcilastik.com.tr\/index.php?rest_route=\/wp\/v2\/product\/15103","targetHints":{"allow":["GET"]}}],"collection":[{"href":"http:\/\/basakcilastik.com.tr\/index.php?rest_route=\/wp\/v2\/product"}],"about":[{"href":"http:\/\/basakcilastik.com.tr\/index.php?rest_route=\/wp\/v2\/types\/product"}],"replies":[{"embeddable":true,"href":"http:\/\/basakcilastik.com.tr\/index.php?rest_route=%2Fwp%2Fv2%2Fcomments&post=15103"}],"wp:featuredmedia":[{"embeddable":true,"href":"http:\/\/basakcilastik.com.tr\/index.php?rest_route=\/wp\/v2\/media\/15104"}],"wp:attachment":[{"href":"http:\/\/basakcilastik.com.tr\/index.php?rest_route=%2Fwp%2Fv2%2Fmedia&parent=15103"}],"wp:term":[{"taxonomy":"product_brand","embeddable":true,"href":"http:\/\/basakcilastik.com.tr\/index.php?rest_route=%2Fwp%2Fv2%2Fproduct_brand&post=15103"},{"taxonomy":"product_cat","embeddable":true,"href":"http:\/\/basakcilastik.com.tr\/index.php?rest_route=%2Fwp%2Fv2%2Fproduct_cat&post=15103"},{"taxonomy":"product_tag","embeddable":true,"href":"http:\/\/basakcilastik.com.tr\/index.php?rest_route=%2Fwp%2Fv2%2Fproduct_tag&post=15103"}],"curies":[{"name":"wp","href":"https:\/\/api.w.org\/{rel}","templated":true}]}}