{"id":15095,"date":"2020-07-26T20:30:19","date_gmt":"2020-07-26T20:30:19","guid":{"rendered":"https:\/\/basakcilastik.com.tr\/?post_type=product&#038;p=15095"},"modified":"2020-07-26T20:30:19","modified_gmt":"2020-07-26T20:30:19","slug":"opt-p-200-celik-cember-makinasi","status":"publish","type":"product","link":"http:\/\/basakcilastik.com.tr\/?product=opt-p-200-celik-cember-makinasi","title":{"rendered":"OPT-P 200 \u00c7EL\u0130K \u00c7EMBER MAK\u0130NASI"},"content":{"rendered":"<p>OPT-P 200 \u00c7EL\u0130K \u00c7EMBER MAK\u0130NASI<\/p>\n<p><strong>S\u0131k\u0131\u015ft\u0131rma Torku: 4.000 Nm<\/strong><br \/>\n<strong>Ebat: 315X145X127 mm<\/strong><br \/>\n<strong>\u00c7ember Geni\u015fli\u011fi: 19 mm Maks.<\/strong><br \/>\n<strong>\u00c7ember Kal\u0131nl\u0131\u011f\u0131: 0.38mm-0.63mm<\/strong><br \/>\n<strong>S\u0131k\u0131\u015ft\u0131rma: %55<\/strong><br \/>\n<strong>Hava T\u00fcketimi: 180 lt\/dk<\/strong><br \/>\n<strong>Hava Giri\u015f Nipeli: 1\/4&#8243;<\/strong><br \/>\n<strong>Hortum \u00c7ap\u0131: 10 mm<\/strong><br \/>\n<strong>\u00c7al\u0131\u015fma Bas\u0131nc\u0131: 90-115 psi\u00a0(6.2-8.0 at\u00fc)<\/strong><br \/>\n<strong>A\u011f\u0131rl\u0131k: 4.85 kg<\/strong><\/p>\n","protected":false},"excerpt":{"rendered":"<p>OPT-P 200 \u00c7EL\u0130K \u00c7EMBER MAK\u0130NASI S\u0131k\u0131\u015ft\u0131rma Torku: 4.000 Nm Ebat: 315X145X127 mm \u00c7ember Geni\u015fli\u011fi: 19 mm Maks. \u00c7ember Kal\u0131nl\u0131\u011f\u0131: 0.38mm-0.63mm S\u0131k\u0131\u015ft\u0131rma: %55 Hava T\u00fcketimi: 180 lt\/dk Hava Giri\u015f Nipeli: 1\/4&#8243; Hortum \u00c7ap\u0131: 10 mm \u00c7al\u0131\u015fma Bas\u0131nc\u0131: 90-115 psi\u00a0(6.2-8.0 at\u00fc) A\u011f\u0131rl\u0131k: 4.85 kg<\/p>\n","protected":false},"featured_media":15096,"comment_status":"open","ping_status":"closed","template":"","meta":[],"product_brand":[],"product_cat":[15,90,113],"product_tag":[],"class_list":{"0":"post-15095","1":"product","2":"type-product","3":"status-publish","4":"has-post-thumbnail","6":"product_cat-genel","7":"product_cat-havali-aletler","8":"product_cat-zimparalar-ve-taslamalar","10":"first","11":"instock","12":"shipping-taxable","13":"product-type-simple"},"_links":{"self":[{"href":"http:\/\/basakcilastik.com.tr\/index.php?rest_route=\/wp\/v2\/product\/15095","targetHints":{"allow":["GET"]}}],"collection":[{"href":"http:\/\/basakcilastik.com.tr\/index.php?rest_route=\/wp\/v2\/product"}],"about":[{"href":"http:\/\/basakcilastik.com.tr\/index.php?rest_route=\/wp\/v2\/types\/product"}],"replies":[{"embeddable":true,"href":"http:\/\/basakcilastik.com.tr\/index.php?rest_route=%2Fwp%2Fv2%2Fcomments&post=15095"}],"wp:featuredmedia":[{"embeddable":true,"href":"http:\/\/basakcilastik.com.tr\/index.php?rest_route=\/wp\/v2\/media\/15096"}],"wp:attachment":[{"href":"http:\/\/basakcilastik.com.tr\/index.php?rest_route=%2Fwp%2Fv2%2Fmedia&parent=15095"}],"wp:term":[{"taxonomy":"product_brand","embeddable":true,"href":"http:\/\/basakcilastik.com.tr\/index.php?rest_route=%2Fwp%2Fv2%2Fproduct_brand&post=15095"},{"taxonomy":"product_cat","embeddable":true,"href":"http:\/\/basakcilastik.com.tr\/index.php?rest_route=%2Fwp%2Fv2%2Fproduct_cat&post=15095"},{"taxonomy":"product_tag","embeddable":true,"href":"http:\/\/basakcilastik.com.tr\/index.php?rest_route=%2Fwp%2Fv2%2Fproduct_tag&post=15095"}],"curies":[{"name":"wp","href":"https:\/\/api.w.org\/{rel}","templated":true}]}}