{"id":15081,"date":"2020-07-26T20:16:10","date_gmt":"2020-07-26T20:16:10","guid":{"rendered":"https:\/\/basakcilastik.com.tr\/?post_type=product&#038;p=15081"},"modified":"2020-07-26T20:16:11","modified_gmt":"2020-07-26T20:16:11","slug":"opt-p-122s4-kalipci-taslama","status":"publish","type":"product","link":"http:\/\/basakcilastik.com.tr\/?product=opt-p-122s4-kalipci-taslama","title":{"rendered":"OPT-P 122S4 KALIP\u00c7I TA\u015eLAMA"},"content":{"rendered":"<p>OPT-P 122S4 KALIP\u00c7I TA\u015eLAMA<\/p>\n<p><strong>Uzunluk: 306 mm<\/strong><br \/>\n<strong>Pens \u00c7ap\u0131: 6 mm<\/strong><br \/>\n<strong>Ta\u015f \u00c7ap\u0131: 25 mm<\/strong><br \/>\n<strong>Bo\u015fta Devir: 24.000 RPM<\/strong><br \/>\n<strong>Hava T\u00fcketimi: 400 lt\/dk<\/strong><br \/>\n<strong>Hava Giri\u015f: 1\/4\u201d<\/strong><br \/>\n<strong>Hortum \u00c7ap\u0131: 10.00 mm<\/strong><br \/>\n<strong>\u00c7al\u0131\u015fma Bas\u0131nc\u0131: 90 psi (6,2 at\u00fc)<\/strong><br \/>\n<strong>A\u011f\u0131rl\u0131k: 0,90 kg<\/strong><\/p>\n<p>&nbsp;<\/p>\n","protected":false},"excerpt":{"rendered":"<p>OPT-P 122S4 KALIP\u00c7I TA\u015eLAMA Uzunluk: 306 mm Pens \u00c7ap\u0131: 6 mm Ta\u015f \u00c7ap\u0131: 25 mm Bo\u015fta Devir: 24.000 RPM Hava T\u00fcketimi: 400 lt\/dk Hava Giri\u015f: 1\/4\u201d Hortum \u00c7ap\u0131: 10.00 mm \u00c7al\u0131\u015fma Bas\u0131nc\u0131: 90 psi (6,2 at\u00fc) A\u011f\u0131rl\u0131k: 0,90 kg &nbsp;<\/p>\n","protected":false},"featured_media":15082,"comment_status":"open","ping_status":"closed","template":"","meta":[],"product_brand":[],"product_cat":[15,90,113],"product_tag":[],"class_list":{"0":"post-15081","1":"product","2":"type-product","3":"status-publish","4":"has-post-thumbnail","6":"product_cat-genel","7":"product_cat-havali-aletler","8":"product_cat-zimparalar-ve-taslamalar","10":"first","11":"instock","12":"shipping-taxable","13":"product-type-simple"},"_links":{"self":[{"href":"http:\/\/basakcilastik.com.tr\/index.php?rest_route=\/wp\/v2\/product\/15081","targetHints":{"allow":["GET"]}}],"collection":[{"href":"http:\/\/basakcilastik.com.tr\/index.php?rest_route=\/wp\/v2\/product"}],"about":[{"href":"http:\/\/basakcilastik.com.tr\/index.php?rest_route=\/wp\/v2\/types\/product"}],"replies":[{"embeddable":true,"href":"http:\/\/basakcilastik.com.tr\/index.php?rest_route=%2Fwp%2Fv2%2Fcomments&post=15081"}],"wp:featuredmedia":[{"embeddable":true,"href":"http:\/\/basakcilastik.com.tr\/index.php?rest_route=\/wp\/v2\/media\/15082"}],"wp:attachment":[{"href":"http:\/\/basakcilastik.com.tr\/index.php?rest_route=%2Fwp%2Fv2%2Fmedia&parent=15081"}],"wp:term":[{"taxonomy":"product_brand","embeddable":true,"href":"http:\/\/basakcilastik.com.tr\/index.php?rest_route=%2Fwp%2Fv2%2Fproduct_brand&post=15081"},{"taxonomy":"product_cat","embeddable":true,"href":"http:\/\/basakcilastik.com.tr\/index.php?rest_route=%2Fwp%2Fv2%2Fproduct_cat&post=15081"},{"taxonomy":"product_tag","embeddable":true,"href":"http:\/\/basakcilastik.com.tr\/index.php?rest_route=%2Fwp%2Fv2%2Fproduct_tag&post=15081"}],"curies":[{"name":"wp","href":"https:\/\/api.w.org\/{rel}","templated":true}]}}