{"id":15023,"date":"2020-07-26T19:51:34","date_gmt":"2020-07-26T19:51:34","guid":{"rendered":"https:\/\/basakcilastik.com.tr\/?post_type=product&#038;p=15023"},"modified":"2020-07-26T19:51:35","modified_gmt":"2020-07-26T19:51:35","slug":"opc-62050-kalipci-taslama","status":"publish","type":"product","link":"http:\/\/basakcilastik.com.tr\/?product=opc-62050-kalipci-taslama","title":{"rendered":"OPC 62050 KALIP\u00c7I TA\u015eLAMA"},"content":{"rendered":"<p>OPC 62050 KALIP\u00c7I TA\u015eLAMA<\/p>\n<p><strong>Uzunluk: 230 mm<\/strong><br \/>\n<strong>Pens \u00c7ap\u0131: 6 mm<\/strong><br \/>\n<strong>Ta\u015f \u00c7ap\u0131: 30 mm<\/strong><br \/>\n<strong>G\u00fc\u00e7: 0.368 kW<\/strong><br \/>\n<strong>Bo\u015fta Devir: 21.000 RPM<\/strong><br \/>\n<strong>Hava T\u00fcketimi: 120 lt\/dk<\/strong><br \/>\n<strong>Hava Giri\u015f Nipeli: 1\/4\u201d<\/strong><br \/>\n<strong>Hortum \u00c7ap\u0131: 10.00 mm<\/strong><br \/>\n<strong>\u00c7al\u0131\u015fma Bas\u0131nc\u0131: 90 psi (6.2 at\u00fc)<\/strong><br \/>\n<strong>A\u011f\u0131rl\u0131k: 0.8 kg<\/strong><\/p>\n","protected":false},"excerpt":{"rendered":"<p>OPC 62050 KALIP\u00c7I TA\u015eLAMA Uzunluk: 230 mm Pens \u00c7ap\u0131: 6 mm Ta\u015f \u00c7ap\u0131: 30 mm G\u00fc\u00e7: 0.368 kW Bo\u015fta Devir: 21.000 RPM Hava T\u00fcketimi: 120 lt\/dk Hava Giri\u015f Nipeli: 1\/4\u201d Hortum \u00c7ap\u0131: 10.00 mm \u00c7al\u0131\u015fma Bas\u0131nc\u0131: 90 psi (6.2 at\u00fc) A\u011f\u0131rl\u0131k: 0.8 kg<\/p>\n","protected":false},"featured_media":15024,"comment_status":"open","ping_status":"closed","template":"","meta":[],"product_brand":[],"product_cat":[15,90,113],"product_tag":[],"class_list":{"0":"post-15023","1":"product","2":"type-product","3":"status-publish","4":"has-post-thumbnail","6":"product_cat-genel","7":"product_cat-havali-aletler","8":"product_cat-zimparalar-ve-taslamalar","10":"first","11":"instock","12":"shipping-taxable","13":"product-type-simple"},"_links":{"self":[{"href":"http:\/\/basakcilastik.com.tr\/index.php?rest_route=\/wp\/v2\/product\/15023","targetHints":{"allow":["GET"]}}],"collection":[{"href":"http:\/\/basakcilastik.com.tr\/index.php?rest_route=\/wp\/v2\/product"}],"about":[{"href":"http:\/\/basakcilastik.com.tr\/index.php?rest_route=\/wp\/v2\/types\/product"}],"replies":[{"embeddable":true,"href":"http:\/\/basakcilastik.com.tr\/index.php?rest_route=%2Fwp%2Fv2%2Fcomments&post=15023"}],"wp:featuredmedia":[{"embeddable":true,"href":"http:\/\/basakcilastik.com.tr\/index.php?rest_route=\/wp\/v2\/media\/15024"}],"wp:attachment":[{"href":"http:\/\/basakcilastik.com.tr\/index.php?rest_route=%2Fwp%2Fv2%2Fmedia&parent=15023"}],"wp:term":[{"taxonomy":"product_brand","embeddable":true,"href":"http:\/\/basakcilastik.com.tr\/index.php?rest_route=%2Fwp%2Fv2%2Fproduct_brand&post=15023"},{"taxonomy":"product_cat","embeddable":true,"href":"http:\/\/basakcilastik.com.tr\/index.php?rest_route=%2Fwp%2Fv2%2Fproduct_cat&post=15023"},{"taxonomy":"product_tag","embeddable":true,"href":"http:\/\/basakcilastik.com.tr\/index.php?rest_route=%2Fwp%2Fv2%2Fproduct_tag&post=15023"}],"curies":[{"name":"wp","href":"https:\/\/api.w.org\/{rel}","templated":true}]}}