{"id":15015,"date":"2020-07-26T19:48:25","date_gmt":"2020-07-26T19:48:25","guid":{"rendered":"https:\/\/basakcilastik.com.tr\/?post_type=product&#038;p=15015"},"modified":"2020-07-26T19:48:26","modified_gmt":"2020-07-26T19:48:26","slug":"opc-60225-c-75-mm-taslama-kesme","status":"publish","type":"product","link":"http:\/\/basakcilastik.com.tr\/?product=opc-60225-c-75-mm-taslama-kesme","title":{"rendered":"OPC 60225 C 75 MM TA\u015eLAMA  KESME"},"content":{"rendered":"<p><strong>Uzunluk: 290 mm<\/strong><br \/>\n<strong>Ta\u015f \u00c7ap\u0131: 75 mm<\/strong><br \/>\n<strong>Ses \u015eiddeti: 83 dB(A)<\/strong><br \/>\n<strong>Bo\u015fta Devir: 16.000 RPM<\/strong><br \/>\n<strong>Hava T\u00fcketimi: 350 lt\/dk<\/strong><br \/>\n<strong>Hava Giri\u015f Nipeli: 1\/4&#8243;<\/strong><br \/>\n<strong>Hortum \u00c7ap\u0131: 10.00 mm<\/strong><br \/>\n<strong>\u00c7al\u0131\u015fma Bas\u0131nc\u0131: 90-115 psi (6.2-8.0 at\u00fc)<\/strong><br \/>\n<strong>A\u011f\u0131rl\u0131k: 1.3 kg<\/strong><\/p>\n","protected":false},"excerpt":{"rendered":"<p>Uzunluk: 290 mm Ta\u015f \u00c7ap\u0131: 75 mm Ses \u015eiddeti: 83 dB(A) Bo\u015fta Devir: 16.000 RPM Hava T\u00fcketimi: 350 lt\/dk Hava Giri\u015f Nipeli: 1\/4&#8243; Hortum \u00c7ap\u0131: 10.00 mm \u00c7al\u0131\u015fma Bas\u0131nc\u0131: 90-115 psi (6.2-8.0 at\u00fc) A\u011f\u0131rl\u0131k: 1.3 kg<\/p>\n","protected":false},"featured_media":15016,"comment_status":"open","ping_status":"closed","template":"","meta":[],"product_brand":[],"product_cat":[15,90,113],"product_tag":[],"class_list":{"0":"post-15015","1":"product","2":"type-product","3":"status-publish","4":"has-post-thumbnail","6":"product_cat-genel","7":"product_cat-havali-aletler","8":"product_cat-zimparalar-ve-taslamalar","10":"first","11":"instock","12":"shipping-taxable","13":"product-type-simple"},"_links":{"self":[{"href":"http:\/\/basakcilastik.com.tr\/index.php?rest_route=\/wp\/v2\/product\/15015","targetHints":{"allow":["GET"]}}],"collection":[{"href":"http:\/\/basakcilastik.com.tr\/index.php?rest_route=\/wp\/v2\/product"}],"about":[{"href":"http:\/\/basakcilastik.com.tr\/index.php?rest_route=\/wp\/v2\/types\/product"}],"replies":[{"embeddable":true,"href":"http:\/\/basakcilastik.com.tr\/index.php?rest_route=%2Fwp%2Fv2%2Fcomments&post=15015"}],"wp:featuredmedia":[{"embeddable":true,"href":"http:\/\/basakcilastik.com.tr\/index.php?rest_route=\/wp\/v2\/media\/15016"}],"wp:attachment":[{"href":"http:\/\/basakcilastik.com.tr\/index.php?rest_route=%2Fwp%2Fv2%2Fmedia&parent=15015"}],"wp:term":[{"taxonomy":"product_brand","embeddable":true,"href":"http:\/\/basakcilastik.com.tr\/index.php?rest_route=%2Fwp%2Fv2%2Fproduct_brand&post=15015"},{"taxonomy":"product_cat","embeddable":true,"href":"http:\/\/basakcilastik.com.tr\/index.php?rest_route=%2Fwp%2Fv2%2Fproduct_cat&post=15015"},{"taxonomy":"product_tag","embeddable":true,"href":"http:\/\/basakcilastik.com.tr\/index.php?rest_route=%2Fwp%2Fv2%2Fproduct_tag&post=15015"}],"curies":[{"name":"wp","href":"https:\/\/api.w.org\/{rel}","templated":true}]}}