{"id":14873,"date":"2020-07-25T22:41:55","date_gmt":"2020-07-25T22:41:55","guid":{"rendered":"https:\/\/basakcilastik.com.tr\/?post_type=product&#038;p=14873"},"modified":"2020-07-25T22:41:56","modified_gmt":"2020-07-25T22:41:56","slug":"havali-dik-zimparalama-pg-37207","status":"publish","type":"product","link":"http:\/\/basakcilastik.com.tr\/?product=havali-dik-zimparalama-pg-37207","title":{"rendered":"Haval\u0131 Dik Z\u0131mparalama &#8211; PG 37207"},"content":{"rendered":"<p><strong>\u00dcr\u00fcn Teknik Bilgileri<\/strong><\/p>\n<table width=\"100%\">\n<tbody>\n<tr>\n<td width=\"50%\"><strong>Flex \u00c7ap\u0131 mm<\/strong><\/td>\n<td width=\"50%\"><strong>125<\/strong><\/td>\n<\/tr>\n<tr>\n<td><strong>Serbest Devir d\/d<\/strong><\/td>\n<td><strong>9000<\/strong><\/td>\n<\/tr>\n<tr>\n<td><strong>Hava Bas\u0131nc\u0131 kg\/cm2<\/strong><\/td>\n<td><strong>6,5<\/strong><\/td>\n<\/tr>\n<tr>\n<td><strong>Hava Sarfiyat\u0131 M3\/d<\/strong><\/td>\n<td><strong>340<\/strong><\/td>\n<\/tr>\n<tr>\n<td><strong>Hava Ba\u011flant\u0131s\u0131<\/strong><\/td>\n<td><strong>1\/4&#8243;<\/strong><\/td>\n<\/tr>\n<tr>\n<td><strong>Kesintisiz \u00c7al\u0131\u015fma Komp.<\/strong><\/td>\n<td><strong>2 HP<\/strong><\/td>\n<\/tr>\n<tr>\n<td><strong>Uzunlu\u011fu<\/strong><\/td>\n<td><strong>167<\/strong><\/td>\n<\/tr>\n<tr>\n<td><strong>A\u011f\u0131rl\u0131\u011f\u0131<\/strong><\/td>\n<td><strong>2,40<\/strong><\/td>\n<\/tr>\n<\/tbody>\n<\/table>\n","protected":false},"excerpt":{"rendered":"<p>\u00dcr\u00fcn Teknik Bilgileri Flex \u00c7ap\u0131 mm 125 Serbest Devir d\/d 9000 Hava Bas\u0131nc\u0131 kg\/cm2 6,5 Hava Sarfiyat\u0131 M3\/d 340 Hava Ba\u011flant\u0131s\u0131 1\/4&#8243; Kesintisiz \u00c7al\u0131\u015fma Komp. 2 HP Uzunlu\u011fu 167 A\u011f\u0131rl\u0131\u011f\u0131 2,40<\/p>\n","protected":false},"featured_media":14875,"comment_status":"open","ping_status":"closed","template":"","meta":[],"product_brand":[],"product_cat":[15,90,113],"product_tag":[],"class_list":{"0":"post-14873","1":"product","2":"type-product","3":"status-publish","4":"has-post-thumbnail","6":"product_cat-genel","7":"product_cat-havali-aletler","8":"product_cat-zimparalar-ve-taslamalar","10":"first","11":"instock","12":"shipping-taxable","13":"product-type-simple"},"_links":{"self":[{"href":"http:\/\/basakcilastik.com.tr\/index.php?rest_route=\/wp\/v2\/product\/14873","targetHints":{"allow":["GET"]}}],"collection":[{"href":"http:\/\/basakcilastik.com.tr\/index.php?rest_route=\/wp\/v2\/product"}],"about":[{"href":"http:\/\/basakcilastik.com.tr\/index.php?rest_route=\/wp\/v2\/types\/product"}],"replies":[{"embeddable":true,"href":"http:\/\/basakcilastik.com.tr\/index.php?rest_route=%2Fwp%2Fv2%2Fcomments&post=14873"}],"wp:featuredmedia":[{"embeddable":true,"href":"http:\/\/basakcilastik.com.tr\/index.php?rest_route=\/wp\/v2\/media\/14875"}],"wp:attachment":[{"href":"http:\/\/basakcilastik.com.tr\/index.php?rest_route=%2Fwp%2Fv2%2Fmedia&parent=14873"}],"wp:term":[{"taxonomy":"product_brand","embeddable":true,"href":"http:\/\/basakcilastik.com.tr\/index.php?rest_route=%2Fwp%2Fv2%2Fproduct_brand&post=14873"},{"taxonomy":"product_cat","embeddable":true,"href":"http:\/\/basakcilastik.com.tr\/index.php?rest_route=%2Fwp%2Fv2%2Fproduct_cat&post=14873"},{"taxonomy":"product_tag","embeddable":true,"href":"http:\/\/basakcilastik.com.tr\/index.php?rest_route=%2Fwp%2Fv2%2Fproduct_tag&post=14873"}],"curies":[{"name":"wp","href":"https:\/\/api.w.org\/{rel}","templated":true}]}}