{"id":14855,"date":"2020-07-25T22:39:02","date_gmt":"2020-07-25T22:39:02","guid":{"rendered":"https:\/\/basakcilastik.com.tr\/?post_type=product&#038;p=14855"},"modified":"2020-07-25T22:39:03","modified_gmt":"2020-07-25T22:39:03","slug":"sds-6-sappower-havali-el-aletleri-havali-dikey-tornavida","status":"publish","type":"product","link":"http:\/\/basakcilastik.com.tr\/?product=sds-6-sappower-havali-el-aletleri-havali-dikey-tornavida","title":{"rendered":"SDS-6  SAPPOWER HAVALI EL ALETLER\u0130 HAVALI D\u0130KEY  TORNAV\u0130DA"},"content":{"rendered":"<table width=\"700\">\n<tbody>\n<tr>\n<td colspan=\"2\">SDS-6<strong>\u00a0 SAPPOWER HAVALI EL ALETLER\u0130 HAVALI D\u0130KEY \u00a0TORNAV\u0130DA<\/strong><\/td>\n<\/tr>\n<tr>\n<td colspan=\"2\"><strong>K\u00fc\u00e7\u00fck ebatl\u0131 vidalamalar i\u00e7in\u00a0<\/strong><\/p>\n<ul>\n<li>G\u00fc\u00e7l\u00fc hafif ve sa\u011flam g\u00f6vde<\/li>\n<li>Ele uyum sa\u011flayan ergonom\u0131k yap\u0131<\/li>\n<\/ul>\n<p><strong>Kullan\u0131m Alanlar\u0131 :Genel vidalama i\u015flerinde<\/strong><\/p>\n<p>&nbsp;<\/td>\n<\/tr>\n<tr>\n<td width=\"162\"><strong>\u00dcr\u00fcn Kodu<\/strong><\/td>\n<td width=\"155\">SDS-6<\/td>\n<\/tr>\n<tr>\n<td><strong>G\u00f6vde Materyali<\/strong><\/td>\n<td>ALUM\u0130N\u0130UM<\/td>\n<\/tr>\n<tr>\n<td><strong>Vidalama Kapasitesi<\/strong><\/td>\n<td>3-6 mm<\/td>\n<\/tr>\n<tr>\n<td><strong>Bo\u015fte Devir<\/strong><\/td>\n<td>1800 rpm<\/td>\n<\/tr>\n<tr>\n<td><strong>\u00a0Mekanizma<\/strong><\/td>\n<td>Standart<\/td>\n<\/tr>\n<tr>\n<td><strong>Di\u015fli Tipi<\/strong><\/td>\n<td>&#8211;<\/td>\n<\/tr>\n<tr>\n<td><strong>Max s\u0131kma torku<\/strong><\/td>\n<td>3-8 nm<\/td>\n<\/tr>\n<tr>\n<td><strong>Uzunluk<\/strong><\/td>\n<td>242 mm<\/td>\n<\/tr>\n<tr>\n<td><strong>A\u011f\u0131rl\u0131k<\/strong><\/td>\n<td>1.10 kg<\/td>\n<\/tr>\n<tr>\n<td><strong>\u00c7al\u0131\u015fma Bas\u0131nc\u0131<\/strong><\/td>\n<td>6.3 bar<\/td>\n<\/tr>\n<tr>\n<td><strong>Minumum Hortum \u00d6l\u00e7\u00fcs\u00fc<\/strong><\/td>\n<td>10 mm<\/td>\n<\/tr>\n<tr>\n<td><strong>Hava T\u00fcketimi<\/strong><\/td>\n<td>113 1 1\/min<\/td>\n<\/tr>\n<\/tbody>\n<\/table>\n","protected":false},"excerpt":{"rendered":"<p>SDS-6\u00a0 SAPPOWER HAVALI EL ALETLER\u0130 HAVALI D\u0130KEY \u00a0TORNAV\u0130DA K\u00fc\u00e7\u00fck ebatl\u0131 vidalamalar i\u00e7in\u00a0 G\u00fc\u00e7l\u00fc hafif ve sa\u011flam g\u00f6vde Ele uyum sa\u011flayan ergonom\u0131k yap\u0131 Kullan\u0131m Alanlar\u0131 :Genel vidalama i\u015flerinde &nbsp; \u00dcr\u00fcn Kodu SDS-6 G\u00f6vde Materyali ALUM\u0130N\u0130UM Vidalama Kapasitesi 3-6 mm Bo\u015fte Devir 1800 rpm \u00a0Mekanizma Standart Di\u015fli Tipi &#8211; Max s\u0131kma torku 3-8 nm Uzunluk 242 mm A\u011f\u0131rl\u0131k 1.10 kg \u00c7al\u0131\u015fma Bas\u0131nc\u0131 [&hellip;]<\/p>\n","protected":false},"featured_media":14862,"comment_status":"open","ping_status":"closed","template":"","meta":[],"product_brand":[],"product_cat":[15,90,111],"product_tag":[],"class_list":{"0":"post-14855","1":"product","2":"type-product","3":"status-publish","4":"has-post-thumbnail","6":"product_cat-genel","7":"product_cat-havali-aletler","8":"product_cat-tornavidalar-havali-aletler","10":"first","11":"instock","12":"shipping-taxable","13":"product-type-simple"},"_links":{"self":[{"href":"http:\/\/basakcilastik.com.tr\/index.php?rest_route=\/wp\/v2\/product\/14855","targetHints":{"allow":["GET"]}}],"collection":[{"href":"http:\/\/basakcilastik.com.tr\/index.php?rest_route=\/wp\/v2\/product"}],"about":[{"href":"http:\/\/basakcilastik.com.tr\/index.php?rest_route=\/wp\/v2\/types\/product"}],"replies":[{"embeddable":true,"href":"http:\/\/basakcilastik.com.tr\/index.php?rest_route=%2Fwp%2Fv2%2Fcomments&post=14855"}],"wp:featuredmedia":[{"embeddable":true,"href":"http:\/\/basakcilastik.com.tr\/index.php?rest_route=\/wp\/v2\/media\/14862"}],"wp:attachment":[{"href":"http:\/\/basakcilastik.com.tr\/index.php?rest_route=%2Fwp%2Fv2%2Fmedia&parent=14855"}],"wp:term":[{"taxonomy":"product_brand","embeddable":true,"href":"http:\/\/basakcilastik.com.tr\/index.php?rest_route=%2Fwp%2Fv2%2Fproduct_brand&post=14855"},{"taxonomy":"product_cat","embeddable":true,"href":"http:\/\/basakcilastik.com.tr\/index.php?rest_route=%2Fwp%2Fv2%2Fproduct_cat&post=14855"},{"taxonomy":"product_tag","embeddable":true,"href":"http:\/\/basakcilastik.com.tr\/index.php?rest_route=%2Fwp%2Fv2%2Fproduct_tag&post=14855"}],"curies":[{"name":"wp","href":"https:\/\/api.w.org\/{rel}","templated":true}]}}