{"id":14756,"date":"2020-07-25T22:10:16","date_gmt":"2020-07-25T22:10:16","guid":{"rendered":"https:\/\/basakcilastik.com.tr\/?post_type=product&#038;p=14756"},"modified":"2020-07-25T22:10:16","modified_gmt":"2020-07-25T22:10:16","slug":"at-185wh-sulu-tip-dairesel-zimpara","status":"publish","type":"product","link":"http:\/\/basakcilastik.com.tr\/?product=at-185wh-sulu-tip-dairesel-zimpara","title":{"rendered":"AT-185WH SULU T\u0130P DA\u0130RESEL ZIMPARA"},"content":{"rendered":"<p>AT-185WH SULU T\u0130P DA\u0130RESEL ZIMPARA<\/p>\n","protected":false},"excerpt":{"rendered":"<p>AT-185WH SULU T\u0130P DA\u0130RESEL ZIMPARA<\/p>\n","protected":false},"featured_media":14758,"comment_status":"open","ping_status":"closed","template":"","meta":[],"product_brand":[],"product_cat":[15,90,113],"product_tag":[],"class_list":{"0":"post-14756","1":"product","2":"type-product","3":"status-publish","4":"has-post-thumbnail","6":"product_cat-genel","7":"product_cat-havali-aletler","8":"product_cat-zimparalar-ve-taslamalar","10":"first","11":"instock","12":"shipping-taxable","13":"product-type-simple"},"_links":{"self":[{"href":"http:\/\/basakcilastik.com.tr\/index.php?rest_route=\/wp\/v2\/product\/14756","targetHints":{"allow":["GET"]}}],"collection":[{"href":"http:\/\/basakcilastik.com.tr\/index.php?rest_route=\/wp\/v2\/product"}],"about":[{"href":"http:\/\/basakcilastik.com.tr\/index.php?rest_route=\/wp\/v2\/types\/product"}],"replies":[{"embeddable":true,"href":"http:\/\/basakcilastik.com.tr\/index.php?rest_route=%2Fwp%2Fv2%2Fcomments&post=14756"}],"wp:featuredmedia":[{"embeddable":true,"href":"http:\/\/basakcilastik.com.tr\/index.php?rest_route=\/wp\/v2\/media\/14758"}],"wp:attachment":[{"href":"http:\/\/basakcilastik.com.tr\/index.php?rest_route=%2Fwp%2Fv2%2Fmedia&parent=14756"}],"wp:term":[{"taxonomy":"product_brand","embeddable":true,"href":"http:\/\/basakcilastik.com.tr\/index.php?rest_route=%2Fwp%2Fv2%2Fproduct_brand&post=14756"},{"taxonomy":"product_cat","embeddable":true,"href":"http:\/\/basakcilastik.com.tr\/index.php?rest_route=%2Fwp%2Fv2%2Fproduct_cat&post=14756"},{"taxonomy":"product_tag","embeddable":true,"href":"http:\/\/basakcilastik.com.tr\/index.php?rest_route=%2Fwp%2Fv2%2Fproduct_tag&post=14756"}],"curies":[{"name":"wp","href":"https:\/\/api.w.org\/{rel}","templated":true}]}}