{"id":14746,"date":"2020-07-25T22:08:25","date_gmt":"2020-07-25T22:08:25","guid":{"rendered":"https:\/\/basakcilastik.com.tr\/?post_type=product&#038;p=14746"},"modified":"2020-07-25T22:08:26","modified_gmt":"2020-07-25T22:08:26","slug":"180-230mm-dik-tip-satih-taslama","status":"publish","type":"product","link":"http:\/\/basakcilastik.com.tr\/?product=180-230mm-dik-tip-satih-taslama","title":{"rendered":"180-230mm D\u0130K T\u0130P SATIH TA\u015eLAMA"},"content":{"rendered":"<p>180-230mm D\u0130K T\u0130P SATIH TA\u015eLAMA<\/p>\n","protected":false},"excerpt":{"rendered":"<p>180-230mm D\u0130K T\u0130P SATIH TA\u015eLAMA<\/p>\n","protected":false},"featured_media":14748,"comment_status":"open","ping_status":"closed","template":"","meta":[],"product_brand":[],"product_cat":[15,90,113],"product_tag":[],"class_list":{"0":"post-14746","1":"product","2":"type-product","3":"status-publish","4":"has-post-thumbnail","6":"product_cat-genel","7":"product_cat-havali-aletler","8":"product_cat-zimparalar-ve-taslamalar","10":"first","11":"instock","12":"shipping-taxable","13":"product-type-simple"},"_links":{"self":[{"href":"http:\/\/basakcilastik.com.tr\/index.php?rest_route=\/wp\/v2\/product\/14746","targetHints":{"allow":["GET"]}}],"collection":[{"href":"http:\/\/basakcilastik.com.tr\/index.php?rest_route=\/wp\/v2\/product"}],"about":[{"href":"http:\/\/basakcilastik.com.tr\/index.php?rest_route=\/wp\/v2\/types\/product"}],"replies":[{"embeddable":true,"href":"http:\/\/basakcilastik.com.tr\/index.php?rest_route=%2Fwp%2Fv2%2Fcomments&post=14746"}],"wp:featuredmedia":[{"embeddable":true,"href":"http:\/\/basakcilastik.com.tr\/index.php?rest_route=\/wp\/v2\/media\/14748"}],"wp:attachment":[{"href":"http:\/\/basakcilastik.com.tr\/index.php?rest_route=%2Fwp%2Fv2%2Fmedia&parent=14746"}],"wp:term":[{"taxonomy":"product_brand","embeddable":true,"href":"http:\/\/basakcilastik.com.tr\/index.php?rest_route=%2Fwp%2Fv2%2Fproduct_brand&post=14746"},{"taxonomy":"product_cat","embeddable":true,"href":"http:\/\/basakcilastik.com.tr\/index.php?rest_route=%2Fwp%2Fv2%2Fproduct_cat&post=14746"},{"taxonomy":"product_tag","embeddable":true,"href":"http:\/\/basakcilastik.com.tr\/index.php?rest_route=%2Fwp%2Fv2%2Fproduct_tag&post=14746"}],"curies":[{"name":"wp","href":"https:\/\/api.w.org\/{rel}","templated":true}]}}