{"id":14744,"date":"2020-07-25T22:08:25","date_gmt":"2020-07-25T22:08:25","guid":{"rendered":"https:\/\/basakcilastik.com.tr\/?post_type=product&#038;p=14744"},"modified":"2020-07-25T22:08:26","modified_gmt":"2020-07-25T22:08:26","slug":"opt-p-2419","status":"publish","type":"product","link":"http:\/\/basakcilastik.com.tr\/?product=opt-p-2419","title":{"rendered":"OPT-P 2419"},"content":{"rendered":"<p>OPT-P 2419<\/p>\n<p><strong>NUTRUNNER &#8211; A\u00c7IK A\u011eIZ ANAHTAR<\/strong><br \/>\n<strong>Civata \u00c7ap\u0131: 19 mm<\/strong><br \/>\n<strong>Tork Aral\u0131\u011f\u0131: 7-24 Nm<\/strong><br \/>\n<strong>Bo\u015fta Devir: 170 RPM<\/strong><br \/>\n<strong>Hortum \u00c7ap\u0131: 8.00 mm<\/strong><br \/>\n<strong>Hava Giri\u015f Nipeli: 1\/4&#8243;<\/strong><br \/>\n<strong>Hava T\u00fcketimi: 650 lt\/dk<\/strong><br \/>\n<strong>Ses \u015eiddeti: 85 dB(A)<\/strong><br \/>\n<strong>\u00c7al\u0131\u015fma Bas\u0131nc\u0131: 6.3 bar<\/strong><br \/>\n<strong>A\u011f\u0131rl\u0131k: 2.20 kg<\/strong><\/p>\n<p>&nbsp;<\/p>\n","protected":false},"excerpt":{"rendered":"<p>OPT-P 2419 NUTRUNNER &#8211; A\u00c7IK A\u011eIZ ANAHTAR Civata \u00c7ap\u0131: 19 mm Tork Aral\u0131\u011f\u0131: 7-24 Nm Bo\u015fta Devir: 170 RPM Hortum \u00c7ap\u0131: 8.00 mm Hava Giri\u015f Nipeli: 1\/4&#8243; Hava T\u00fcketimi: 650 lt\/dk Ses \u015eiddeti: 85 dB(A) \u00c7al\u0131\u015fma Bas\u0131nc\u0131: 6.3 bar A\u011f\u0131rl\u0131k: 2.20 kg &nbsp;<\/p>\n","protected":false},"featured_media":14749,"comment_status":"open","ping_status":"closed","template":"","meta":[],"product_brand":[],"product_cat":[15,90,111],"product_tag":[],"class_list":{"0":"post-14744","1":"product","2":"type-product","3":"status-publish","4":"has-post-thumbnail","6":"product_cat-genel","7":"product_cat-havali-aletler","8":"product_cat-tornavidalar-havali-aletler","10":"first","11":"instock","12":"shipping-taxable","13":"product-type-simple"},"_links":{"self":[{"href":"http:\/\/basakcilastik.com.tr\/index.php?rest_route=\/wp\/v2\/product\/14744","targetHints":{"allow":["GET"]}}],"collection":[{"href":"http:\/\/basakcilastik.com.tr\/index.php?rest_route=\/wp\/v2\/product"}],"about":[{"href":"http:\/\/basakcilastik.com.tr\/index.php?rest_route=\/wp\/v2\/types\/product"}],"replies":[{"embeddable":true,"href":"http:\/\/basakcilastik.com.tr\/index.php?rest_route=%2Fwp%2Fv2%2Fcomments&post=14744"}],"wp:featuredmedia":[{"embeddable":true,"href":"http:\/\/basakcilastik.com.tr\/index.php?rest_route=\/wp\/v2\/media\/14749"}],"wp:attachment":[{"href":"http:\/\/basakcilastik.com.tr\/index.php?rest_route=%2Fwp%2Fv2%2Fmedia&parent=14744"}],"wp:term":[{"taxonomy":"product_brand","embeddable":true,"href":"http:\/\/basakcilastik.com.tr\/index.php?rest_route=%2Fwp%2Fv2%2Fproduct_brand&post=14744"},{"taxonomy":"product_cat","embeddable":true,"href":"http:\/\/basakcilastik.com.tr\/index.php?rest_route=%2Fwp%2Fv2%2Fproduct_cat&post=14744"},{"taxonomy":"product_tag","embeddable":true,"href":"http:\/\/basakcilastik.com.tr\/index.php?rest_route=%2Fwp%2Fv2%2Fproduct_tag&post=14744"}],"curies":[{"name":"wp","href":"https:\/\/api.w.org\/{rel}","templated":true}]}}