{"id":14738,"date":"2020-07-25T22:07:02","date_gmt":"2020-07-25T22:07:02","guid":{"rendered":"https:\/\/basakcilastik.com.tr\/?post_type=product&#038;p=14738"},"modified":"2020-07-25T22:07:03","modified_gmt":"2020-07-25T22:07:03","slug":"opt-p-1713-nutrunner-acik-agiz-anahtar","status":"publish","type":"product","link":"http:\/\/basakcilastik.com.tr\/?product=opt-p-1713-nutrunner-acik-agiz-anahtar","title":{"rendered":"OPT-P 1713 NUTRUNNER &#8211; A\u00c7IK A\u011eIZ ANAHTAR"},"content":{"rendered":"<p>OPT-P 1713<\/p>\n<p><strong>NUTRUNNER &#8211; A\u00c7IK A\u011eIZ ANAHTAR<\/strong><br \/>\n<strong>Civata \u00c7ap\u0131: 13 mm<\/strong><br \/>\n<strong>Tork Aral\u0131\u011f\u0131: 5-17 Nm<\/strong><br \/>\n<strong>Bo\u015fta Devir: 230 RPM<\/strong><br \/>\n<strong>Hortum \u00c7ap\u0131: 8.00 mm<\/strong><br \/>\n<strong>Hava Giri\u015f Nipeli: 1\/4&#8243;<\/strong><br \/>\n<strong>Hava T\u00fcketimi: 650 lt\/dk<\/strong><br \/>\n<strong>Ses \u015eiddeti: 85 dB(A)<\/strong><br \/>\n<strong>\u00c7al\u0131\u015fma Bas\u0131nc\u0131: 6.3 bar<\/strong><br \/>\n<strong>A\u011f\u0131rl\u0131k: 2.50 kg<\/strong><\/p>\n<p>&nbsp;<\/p>\n","protected":false},"excerpt":{"rendered":"<p>OPT-P 1713 NUTRUNNER &#8211; A\u00c7IK A\u011eIZ ANAHTAR Civata \u00c7ap\u0131: 13 mm Tork Aral\u0131\u011f\u0131: 5-17 Nm Bo\u015fta Devir: 230 RPM Hortum \u00c7ap\u0131: 8.00 mm Hava Giri\u015f Nipeli: 1\/4&#8243; Hava T\u00fcketimi: 650 lt\/dk Ses \u015eiddeti: 85 dB(A) \u00c7al\u0131\u015fma Bas\u0131nc\u0131: 6.3 bar A\u011f\u0131rl\u0131k: 2.50 kg &nbsp;<\/p>\n","protected":false},"featured_media":14742,"comment_status":"open","ping_status":"closed","template":"","meta":[],"product_brand":[],"product_cat":[15,90,111],"product_tag":[],"class_list":{"0":"post-14738","1":"product","2":"type-product","3":"status-publish","4":"has-post-thumbnail","6":"product_cat-genel","7":"product_cat-havali-aletler","8":"product_cat-tornavidalar-havali-aletler","10":"first","11":"instock","12":"shipping-taxable","13":"product-type-simple"},"_links":{"self":[{"href":"http:\/\/basakcilastik.com.tr\/index.php?rest_route=\/wp\/v2\/product\/14738","targetHints":{"allow":["GET"]}}],"collection":[{"href":"http:\/\/basakcilastik.com.tr\/index.php?rest_route=\/wp\/v2\/product"}],"about":[{"href":"http:\/\/basakcilastik.com.tr\/index.php?rest_route=\/wp\/v2\/types\/product"}],"replies":[{"embeddable":true,"href":"http:\/\/basakcilastik.com.tr\/index.php?rest_route=%2Fwp%2Fv2%2Fcomments&post=14738"}],"wp:featuredmedia":[{"embeddable":true,"href":"http:\/\/basakcilastik.com.tr\/index.php?rest_route=\/wp\/v2\/media\/14742"}],"wp:attachment":[{"href":"http:\/\/basakcilastik.com.tr\/index.php?rest_route=%2Fwp%2Fv2%2Fmedia&parent=14738"}],"wp:term":[{"taxonomy":"product_brand","embeddable":true,"href":"http:\/\/basakcilastik.com.tr\/index.php?rest_route=%2Fwp%2Fv2%2Fproduct_brand&post=14738"},{"taxonomy":"product_cat","embeddable":true,"href":"http:\/\/basakcilastik.com.tr\/index.php?rest_route=%2Fwp%2Fv2%2Fproduct_cat&post=14738"},{"taxonomy":"product_tag","embeddable":true,"href":"http:\/\/basakcilastik.com.tr\/index.php?rest_route=%2Fwp%2Fv2%2Fproduct_tag&post=14738"}],"curies":[{"name":"wp","href":"https:\/\/api.w.org\/{rel}","templated":true}]}}