{"id":14736,"date":"2020-07-25T22:06:18","date_gmt":"2020-07-25T22:06:18","guid":{"rendered":"https:\/\/basakcilastik.com.tr\/?post_type=product&#038;p=14736"},"modified":"2020-07-25T22:06:19","modified_gmt":"2020-07-25T22:06:19","slug":"opt-p-768-tornavida","status":"publish","type":"product","link":"http:\/\/basakcilastik.com.tr\/?product=opt-p-768-tornavida","title":{"rendered":"OPT-P 768 TORNAV\u0130DA"},"content":{"rendered":"<p>OPT-P 768 TORNAV\u0130DA<\/p>\n<p><strong>Uzunluk: 250 mm<\/strong><br \/>\n<strong>Soket Karesi: 1\/4&#8243;<\/strong><br \/>\n<strong>Vida \u00c7ap\u0131: 8 mm<\/strong><br \/>\n<strong>Max. Tork: 12 Nm<\/strong><br \/>\n<strong>Bo\u015fta Devir: 800 RPM<\/strong><br \/>\n<strong>Hava T\u00fcketimi: 170 lt\/dk<\/strong><br \/>\n<strong>Hava Giri\u015f Nipeli: 1\/4&#8243;<\/strong><br \/>\n<strong>Hortum \u00c7ap\u0131: 9.50 mm<\/strong><br \/>\n<strong>\u00c7al\u0131\u015fma Bas\u0131nc\u0131: 90 psi (6.2 at\u00fc)<\/strong><br \/>\n<strong>A\u011f\u0131rl\u0131k: 1.43 kg<\/strong><\/p>\n<p>&nbsp;<\/p>\n","protected":false},"excerpt":{"rendered":"<p>OPT-P 768 TORNAV\u0130DA Uzunluk: 250 mm Soket Karesi: 1\/4&#8243; Vida \u00c7ap\u0131: 8 mm Max. Tork: 12 Nm Bo\u015fta Devir: 800 RPM Hava T\u00fcketimi: 170 lt\/dk Hava Giri\u015f Nipeli: 1\/4&#8243; Hortum \u00c7ap\u0131: 9.50 mm \u00c7al\u0131\u015fma Bas\u0131nc\u0131: 90 psi (6.2 at\u00fc) A\u011f\u0131rl\u0131k: 1.43 kg &nbsp;<\/p>\n","protected":false},"featured_media":14739,"comment_status":"open","ping_status":"closed","template":"","meta":[],"product_brand":[],"product_cat":[15,90,111],"product_tag":[],"class_list":{"0":"post-14736","1":"product","2":"type-product","3":"status-publish","4":"has-post-thumbnail","6":"product_cat-genel","7":"product_cat-havali-aletler","8":"product_cat-tornavidalar-havali-aletler","10":"first","11":"instock","12":"shipping-taxable","13":"product-type-simple"},"_links":{"self":[{"href":"http:\/\/basakcilastik.com.tr\/index.php?rest_route=\/wp\/v2\/product\/14736","targetHints":{"allow":["GET"]}}],"collection":[{"href":"http:\/\/basakcilastik.com.tr\/index.php?rest_route=\/wp\/v2\/product"}],"about":[{"href":"http:\/\/basakcilastik.com.tr\/index.php?rest_route=\/wp\/v2\/types\/product"}],"replies":[{"embeddable":true,"href":"http:\/\/basakcilastik.com.tr\/index.php?rest_route=%2Fwp%2Fv2%2Fcomments&post=14736"}],"wp:featuredmedia":[{"embeddable":true,"href":"http:\/\/basakcilastik.com.tr\/index.php?rest_route=\/wp\/v2\/media\/14739"}],"wp:attachment":[{"href":"http:\/\/basakcilastik.com.tr\/index.php?rest_route=%2Fwp%2Fv2%2Fmedia&parent=14736"}],"wp:term":[{"taxonomy":"product_brand","embeddable":true,"href":"http:\/\/basakcilastik.com.tr\/index.php?rest_route=%2Fwp%2Fv2%2Fproduct_brand&post=14736"},{"taxonomy":"product_cat","embeddable":true,"href":"http:\/\/basakcilastik.com.tr\/index.php?rest_route=%2Fwp%2Fv2%2Fproduct_cat&post=14736"},{"taxonomy":"product_tag","embeddable":true,"href":"http:\/\/basakcilastik.com.tr\/index.php?rest_route=%2Fwp%2Fv2%2Fproduct_tag&post=14736"}],"curies":[{"name":"wp","href":"https:\/\/api.w.org\/{rel}","templated":true}]}}