{"id":14718,"date":"2020-07-25T22:01:33","date_gmt":"2020-07-25T22:01:33","guid":{"rendered":"https:\/\/basakcilastik.com.tr\/?post_type=product&#038;p=14718"},"modified":"2020-07-25T22:01:34","modified_gmt":"2020-07-25T22:01:34","slug":"opt-gk-k40yd801","status":"publish","type":"product","link":"http:\/\/basakcilastik.com.tr\/?product=opt-gk-k40yd801","title":{"rendered":"OPT-GK K40YD801"},"content":{"rendered":"<table width=\"870\">\n<tbody>\n<tr>\n<td width=\"100\"><strong>Boyutlar<\/strong><\/td>\n<td colspan=\"2\"><strong>\u00c7al\u0131\u015fma Voltaj\u0131<\/strong><\/td>\n<td width=\"91\"><strong>\u00c7\u0131k\u0131\u015f Voltaj\u0131<\/strong><\/td>\n<td width=\"120\"><strong>\u00c7\u0131k\u0131\u015f Kapasitesi<\/strong><\/td>\n<td width=\"50\"><strong>A\u011f\u0131rl\u0131k<\/strong><\/td>\n<td colspan=\"3\" rowspan=\"2\"><strong>Uygun Model Gruplar\u0131<\/strong><\/td>\n<\/tr>\n<tr>\n<td width=\"100\"><strong>mm<\/strong><\/td>\n<td colspan=\"2\"><strong>AC<\/strong><\/td>\n<td colspan=\"2\"><strong>DC<\/strong><\/td>\n<td width=\"50\"><strong>kg<\/strong><\/td>\n<\/tr>\n<tr>\n<td width=\"100\"><strong>213x135x70<\/strong><\/td>\n<td width=\"59\"><strong>115V<\/strong><\/td>\n<td width=\"56\"><strong>230V<\/strong><\/td>\n<td width=\"91\"><strong>30V &#8211; 40V<\/strong><\/td>\n<td width=\"120\"><strong>Low\/Hi<\/strong>\u00a0<strong>Max. 9A<\/strong><\/td>\n<td width=\"50\"><strong>1,95<\/strong><\/td>\n<td><strong>\u00a0<\/strong><\/td>\n<td>&nbsp;<\/td>\n<td>&nbsp;<\/td>\n<\/tr>\n<tr>\n<td width=\"100\"><\/td>\n<td width=\"59\"><\/td>\n<td width=\"56\"><\/td>\n<td width=\"91\"><\/td>\n<td width=\"120\"><\/td>\n<td width=\"64\"><\/td>\n<td width=\"127\"><\/td>\n<td width=\"127\"><\/td>\n<td width=\"127\"><\/td>\n<\/tr>\n<\/tbody>\n<\/table>\n<p>&nbsp;<\/p>\n","protected":false},"excerpt":{"rendered":"<p>Boyutlar \u00c7al\u0131\u015fma Voltaj\u0131 \u00c7\u0131k\u0131\u015f Voltaj\u0131 \u00c7\u0131k\u0131\u015f Kapasitesi A\u011f\u0131rl\u0131k Uygun Model Gruplar\u0131 mm AC DC kg 213x135x70 115V 230V 30V &#8211; 40V Low\/Hi\u00a0Max. 9A 1,95 \u00a0 &nbsp; &nbsp; &nbsp;<\/p>\n","protected":false},"featured_media":14721,"comment_status":"open","ping_status":"closed","template":"","meta":[],"product_brand":[],"product_cat":[15,90,111],"product_tag":[],"class_list":{"0":"post-14718","1":"product","2":"type-product","3":"status-publish","4":"has-post-thumbnail","6":"product_cat-genel","7":"product_cat-havali-aletler","8":"product_cat-tornavidalar-havali-aletler","10":"first","11":"instock","12":"shipping-taxable","13":"product-type-simple"},"_links":{"self":[{"href":"http:\/\/basakcilastik.com.tr\/index.php?rest_route=\/wp\/v2\/product\/14718","targetHints":{"allow":["GET"]}}],"collection":[{"href":"http:\/\/basakcilastik.com.tr\/index.php?rest_route=\/wp\/v2\/product"}],"about":[{"href":"http:\/\/basakcilastik.com.tr\/index.php?rest_route=\/wp\/v2\/types\/product"}],"replies":[{"embeddable":true,"href":"http:\/\/basakcilastik.com.tr\/index.php?rest_route=%2Fwp%2Fv2%2Fcomments&post=14718"}],"wp:featuredmedia":[{"embeddable":true,"href":"http:\/\/basakcilastik.com.tr\/index.php?rest_route=\/wp\/v2\/media\/14721"}],"wp:attachment":[{"href":"http:\/\/basakcilastik.com.tr\/index.php?rest_route=%2Fwp%2Fv2%2Fmedia&parent=14718"}],"wp:term":[{"taxonomy":"product_brand","embeddable":true,"href":"http:\/\/basakcilastik.com.tr\/index.php?rest_route=%2Fwp%2Fv2%2Fproduct_brand&post=14718"},{"taxonomy":"product_cat","embeddable":true,"href":"http:\/\/basakcilastik.com.tr\/index.php?rest_route=%2Fwp%2Fv2%2Fproduct_cat&post=14718"},{"taxonomy":"product_tag","embeddable":true,"href":"http:\/\/basakcilastik.com.tr\/index.php?rest_route=%2Fwp%2Fv2%2Fproduct_tag&post=14718"}],"curies":[{"name":"wp","href":"https:\/\/api.w.org\/{rel}","templated":true}]}}