{"id":14714,"date":"2020-07-25T22:00:12","date_gmt":"2020-07-25T22:00:12","guid":{"rendered":"https:\/\/basakcilastik.com.tr\/?post_type=product&#038;p=14714"},"modified":"2020-07-25T22:00:12","modified_gmt":"2020-07-25T22:00:12","slug":"opt-gk-k32yd62-guc-kaynagi","status":"publish","type":"product","link":"http:\/\/basakcilastik.com.tr\/?product=opt-gk-k32yd62-guc-kaynagi","title":{"rendered":"OPT-GK K32YD62 G\u00dc\u00c7 KAYNA\u011eI"},"content":{"rendered":"<table width=\"870\">\n<tbody>\n<tr>\n<td width=\"90\"><strong>Boyutlar<\/strong><\/td>\n<td colspan=\"2\"><strong>\u00c7al\u0131\u015fma Voltaj\u0131<\/strong><\/td>\n<td width=\"91\"><strong>\u00c7\u0131k\u0131\u015f Voltaj\u0131<\/strong><\/td>\n<td width=\"120\"><strong>\u00c7\u0131k\u0131\u015f Kapasitesi<\/strong><\/td>\n<td width=\"50\"><strong>A\u011f\u0131rl\u0131k<\/strong><\/td>\n<td colspan=\"4\" rowspan=\"2\"><strong>Uygun Model Gruplar\u0131<\/strong><\/td>\n<\/tr>\n<tr>\n<td width=\"90\"><strong>mm<\/strong><\/td>\n<td colspan=\"2\"><strong>AC<\/strong><\/td>\n<td colspan=\"2\"><strong>DC<\/strong><\/td>\n<td width=\"50\"><strong>kg<\/strong><\/td>\n<\/tr>\n<tr>\n<td width=\"90\"><strong>100x80x66<\/strong><\/td>\n<td width=\"49\"><strong>100V<\/strong><\/td>\n<td width=\"46\"><strong>240V<\/strong><\/td>\n<td width=\"91\"><strong>24V &#8211; 32V<\/strong><\/td>\n<td width=\"120\"><strong>Low\/Hi\u00a0Max. 1,8A<\/strong><\/td>\n<td width=\"50\"><strong>0,46<\/strong><\/td>\n<td><\/td>\n<td><\/td>\n<td><\/td>\n<td><\/td>\n<\/tr>\n<tr>\n<td width=\"90\"><\/td>\n<td width=\"55\"><\/td>\n<td width=\"55\"><\/td>\n<td width=\"91\"><\/td>\n<td width=\"120\"><\/td>\n<td width=\"64\"><\/td>\n<td width=\"138\"><\/td>\n<td width=\"59\"><\/td>\n<td width=\"59\"><\/td>\n<td width=\"138\"><\/td>\n<\/tr>\n<\/tbody>\n<\/table>\n<p>&nbsp;<\/p>\n","protected":false},"excerpt":{"rendered":"<p>Boyutlar \u00c7al\u0131\u015fma Voltaj\u0131 \u00c7\u0131k\u0131\u015f Voltaj\u0131 \u00c7\u0131k\u0131\u015f Kapasitesi A\u011f\u0131rl\u0131k Uygun Model Gruplar\u0131 mm AC DC kg 100x80x66 100V 240V 24V &#8211; 32V Low\/Hi\u00a0Max. 1,8A 0,46 &nbsp;<\/p>\n","protected":false},"featured_media":14717,"comment_status":"open","ping_status":"closed","template":"","meta":[],"product_brand":[],"product_cat":[15,90,111],"product_tag":[],"class_list":{"0":"post-14714","1":"product","2":"type-product","3":"status-publish","4":"has-post-thumbnail","6":"product_cat-genel","7":"product_cat-havali-aletler","8":"product_cat-tornavidalar-havali-aletler","10":"first","11":"instock","12":"shipping-taxable","13":"product-type-simple"},"_links":{"self":[{"href":"http:\/\/basakcilastik.com.tr\/index.php?rest_route=\/wp\/v2\/product\/14714","targetHints":{"allow":["GET"]}}],"collection":[{"href":"http:\/\/basakcilastik.com.tr\/index.php?rest_route=\/wp\/v2\/product"}],"about":[{"href":"http:\/\/basakcilastik.com.tr\/index.php?rest_route=\/wp\/v2\/types\/product"}],"replies":[{"embeddable":true,"href":"http:\/\/basakcilastik.com.tr\/index.php?rest_route=%2Fwp%2Fv2%2Fcomments&post=14714"}],"wp:featuredmedia":[{"embeddable":true,"href":"http:\/\/basakcilastik.com.tr\/index.php?rest_route=\/wp\/v2\/media\/14717"}],"wp:attachment":[{"href":"http:\/\/basakcilastik.com.tr\/index.php?rest_route=%2Fwp%2Fv2%2Fmedia&parent=14714"}],"wp:term":[{"taxonomy":"product_brand","embeddable":true,"href":"http:\/\/basakcilastik.com.tr\/index.php?rest_route=%2Fwp%2Fv2%2Fproduct_brand&post=14714"},{"taxonomy":"product_cat","embeddable":true,"href":"http:\/\/basakcilastik.com.tr\/index.php?rest_route=%2Fwp%2Fv2%2Fproduct_cat&post=14714"},{"taxonomy":"product_tag","embeddable":true,"href":"http:\/\/basakcilastik.com.tr\/index.php?rest_route=%2Fwp%2Fv2%2Fproduct_tag&post=14714"}],"curies":[{"name":"wp","href":"https:\/\/api.w.org\/{rel}","templated":true}]}}