{"id":14712,"date":"2020-07-25T21:59:34","date_gmt":"2020-07-25T21:59:34","guid":{"rendered":"https:\/\/basakcilastik.com.tr\/?post_type=product&#038;p=14712"},"modified":"2020-07-25T21:59:35","modified_gmt":"2020-07-25T21:59:35","slug":"opt-gk-k32yd61-guc-kaynagi","status":"publish","type":"product","link":"http:\/\/basakcilastik.com.tr\/?product=opt-gk-k32yd61-guc-kaynagi","title":{"rendered":"OPT-GK K32YD61 G\u00dc\u00c7 KAYNA\u011eI"},"content":{"rendered":"<table width=\"675\">\n<tbody>\n<tr>\n<td width=\"90\"><strong>Boyutlar<\/strong><\/td>\n<td colspan=\"2\"><strong>\u00c7al\u0131\u015fma Voltaj\u0131<\/strong><\/td>\n<td width=\"91\"><strong>\u00c7\u0131k\u0131\u015f Voltaj\u0131<\/strong><\/td>\n<td width=\"120\"><strong>\u00c7\u0131k\u0131\u015f Kapasitesi<\/strong><\/td>\n<td width=\"64\"><strong>A\u011f\u0131rl\u0131k<\/strong><\/td>\n<\/tr>\n<tr>\n<td width=\"90\"><strong>mm<\/strong><\/td>\n<td colspan=\"2\"><strong>AC<\/strong><\/td>\n<td colspan=\"2\"><strong>DC<\/strong><\/td>\n<td width=\"64\"><strong>kg<\/strong><\/td>\n<\/tr>\n<tr>\n<td width=\"90\"><strong>145x60x35<\/strong><\/td>\n<td width=\"58\"><strong>100V<\/strong><\/td>\n<td width=\"57\"><strong>240V<\/strong><\/td>\n<td width=\"91\"><strong>24V &#8211; 32V<\/strong><\/td>\n<td width=\"120\"><strong>Low\/Hi<\/strong>\u00a0<strong>Max. 1,8A<\/strong><\/td>\n<td width=\"64\"><strong>0,25<\/strong><\/td>\n<td><\/td>\n<\/tr>\n<tr>\n<td width=\"90\"><\/td>\n<td width=\"58\"><\/td>\n<td width=\"57\"><\/td>\n<td width=\"91\"><\/td>\n<td width=\"120\"><\/td>\n<td width=\"64\"><\/td>\n<td width=\"195\"><\/td>\n<\/tr>\n<\/tbody>\n<\/table>\n<p>&nbsp;<\/p>\n","protected":false},"excerpt":{"rendered":"<p>Boyutlar \u00c7al\u0131\u015fma Voltaj\u0131 \u00c7\u0131k\u0131\u015f Voltaj\u0131 \u00c7\u0131k\u0131\u015f Kapasitesi A\u011f\u0131rl\u0131k mm AC DC kg 145x60x35 100V 240V 24V &#8211; 32V Low\/Hi\u00a0Max. 1,8A 0,25 &nbsp;<\/p>\n","protected":false},"featured_media":14715,"comment_status":"open","ping_status":"closed","template":"","meta":[],"product_brand":[],"product_cat":[15,90,111],"product_tag":[],"class_list":{"0":"post-14712","1":"product","2":"type-product","3":"status-publish","4":"has-post-thumbnail","6":"product_cat-genel","7":"product_cat-havali-aletler","8":"product_cat-tornavidalar-havali-aletler","10":"first","11":"instock","12":"shipping-taxable","13":"product-type-simple"},"_links":{"self":[{"href":"http:\/\/basakcilastik.com.tr\/index.php?rest_route=\/wp\/v2\/product\/14712","targetHints":{"allow":["GET"]}}],"collection":[{"href":"http:\/\/basakcilastik.com.tr\/index.php?rest_route=\/wp\/v2\/product"}],"about":[{"href":"http:\/\/basakcilastik.com.tr\/index.php?rest_route=\/wp\/v2\/types\/product"}],"replies":[{"embeddable":true,"href":"http:\/\/basakcilastik.com.tr\/index.php?rest_route=%2Fwp%2Fv2%2Fcomments&post=14712"}],"wp:featuredmedia":[{"embeddable":true,"href":"http:\/\/basakcilastik.com.tr\/index.php?rest_route=\/wp\/v2\/media\/14715"}],"wp:attachment":[{"href":"http:\/\/basakcilastik.com.tr\/index.php?rest_route=%2Fwp%2Fv2%2Fmedia&parent=14712"}],"wp:term":[{"taxonomy":"product_brand","embeddable":true,"href":"http:\/\/basakcilastik.com.tr\/index.php?rest_route=%2Fwp%2Fv2%2Fproduct_brand&post=14712"},{"taxonomy":"product_cat","embeddable":true,"href":"http:\/\/basakcilastik.com.tr\/index.php?rest_route=%2Fwp%2Fv2%2Fproduct_cat&post=14712"},{"taxonomy":"product_tag","embeddable":true,"href":"http:\/\/basakcilastik.com.tr\/index.php?rest_route=%2Fwp%2Fv2%2Fproduct_tag&post=14712"}],"curies":[{"name":"wp","href":"https:\/\/api.w.org\/{rel}","templated":true}]}}