{"id":14708,"date":"2020-07-25T21:58:18","date_gmt":"2020-07-25T21:58:18","guid":{"rendered":"https:\/\/basakcilastik.com.tr\/?post_type=product&#038;p=14708"},"modified":"2020-07-25T21:58:19","modified_gmt":"2020-07-25T21:58:19","slug":"opt-e-ktp650m-programli-orta-tork-mandalli","status":"publish","type":"product","link":"http:\/\/basakcilastik.com.tr\/?product=opt-e-ktp650m-programli-orta-tork-mandalli","title":{"rendered":"OPT-E KTP650M Programl\u0131 &#8211; Orta Tork &#8211; Mandall\u0131"},"content":{"rendered":"<p>OPT-E KTP650M<\/p>\n<p><strong>Tork Aral\u0131\u011f\u0131: 1,96-4,9 Nm<\/strong><br \/>\n<strong>H\u0131z: 1000-700 RPM<\/strong><br \/>\n<strong>Vida \u00c7ap\u0131: Machine Screw 4-5 mm &#8211; Tapping Screw \u22644 mm<\/strong><br \/>\n<strong>G\u00fc\u00e7 Kayna\u011f\u0131: DC 40 V<\/strong><br \/>\n<strong>G\u00fc\u00e7 T\u00fcketimi: 120 W<\/strong><br \/>\n<strong>A\u011f\u0131rl\u0131k: 840 g<\/strong><\/p>\n<p>&nbsp;<\/p>\n","protected":false},"excerpt":{"rendered":"<p>OPT-E KTP650M Tork Aral\u0131\u011f\u0131: 1,96-4,9 Nm H\u0131z: 1000-700 RPM Vida \u00c7ap\u0131: Machine Screw 4-5 mm &#8211; Tapping Screw \u22644 mm G\u00fc\u00e7 Kayna\u011f\u0131: DC 40 V G\u00fc\u00e7 T\u00fcketimi: 120 W A\u011f\u0131rl\u0131k: 840 g &nbsp;<\/p>\n","protected":false},"featured_media":14711,"comment_status":"open","ping_status":"closed","template":"","meta":[],"product_brand":[],"product_cat":[15,90,111],"product_tag":[],"class_list":{"0":"post-14708","1":"product","2":"type-product","3":"status-publish","4":"has-post-thumbnail","6":"product_cat-genel","7":"product_cat-havali-aletler","8":"product_cat-tornavidalar-havali-aletler","10":"first","11":"instock","12":"shipping-taxable","13":"product-type-simple"},"_links":{"self":[{"href":"http:\/\/basakcilastik.com.tr\/index.php?rest_route=\/wp\/v2\/product\/14708","targetHints":{"allow":["GET"]}}],"collection":[{"href":"http:\/\/basakcilastik.com.tr\/index.php?rest_route=\/wp\/v2\/product"}],"about":[{"href":"http:\/\/basakcilastik.com.tr\/index.php?rest_route=\/wp\/v2\/types\/product"}],"replies":[{"embeddable":true,"href":"http:\/\/basakcilastik.com.tr\/index.php?rest_route=%2Fwp%2Fv2%2Fcomments&post=14708"}],"wp:featuredmedia":[{"embeddable":true,"href":"http:\/\/basakcilastik.com.tr\/index.php?rest_route=\/wp\/v2\/media\/14711"}],"wp:attachment":[{"href":"http:\/\/basakcilastik.com.tr\/index.php?rest_route=%2Fwp%2Fv2%2Fmedia&parent=14708"}],"wp:term":[{"taxonomy":"product_brand","embeddable":true,"href":"http:\/\/basakcilastik.com.tr\/index.php?rest_route=%2Fwp%2Fv2%2Fproduct_brand&post=14708"},{"taxonomy":"product_cat","embeddable":true,"href":"http:\/\/basakcilastik.com.tr\/index.php?rest_route=%2Fwp%2Fv2%2Fproduct_cat&post=14708"},{"taxonomy":"product_tag","embeddable":true,"href":"http:\/\/basakcilastik.com.tr\/index.php?rest_route=%2Fwp%2Fv2%2Fproduct_tag&post=14708"}],"curies":[{"name":"wp","href":"https:\/\/api.w.org\/{rel}","templated":true}]}}