{"id":14692,"date":"2020-07-25T21:49:44","date_gmt":"2020-07-25T21:49:44","guid":{"rendered":"https:\/\/basakcilastik.com.tr\/?post_type=product&#038;p=14692"},"modified":"2020-07-25T21:49:45","modified_gmt":"2020-07-25T21:49:45","slug":"zimpara-tabanlari-ve-polisaj-sungerleri","status":"publish","type":"product","link":"http:\/\/basakcilastik.com.tr\/?product=zimpara-tabanlari-ve-polisaj-sungerleri","title":{"rendered":"ZIMPARA TABANLARI VE POL\u0130SAJ S\u00dcNGERLER\u0130"},"content":{"rendered":"<p>ZIMPARA TABANLARI VE POL\u0130SAJ S\u00dcNGERLER\u0130<\/p>\n","protected":false},"excerpt":{"rendered":"<p>ZIMPARA TABANLARI VE POL\u0130SAJ S\u00dcNGERLER\u0130<\/p>\n","protected":false},"featured_media":14693,"comment_status":"open","ping_status":"closed","template":"","meta":[],"product_brand":[],"product_cat":[15,90,112],"product_tag":[],"class_list":{"0":"post-14692","1":"product","2":"type-product","3":"status-publish","4":"has-post-thumbnail","6":"product_cat-genel","7":"product_cat-havali-aletler","8":"product_cat-yedek-parcalar","10":"first","11":"instock","12":"shipping-taxable","13":"product-type-simple"},"_links":{"self":[{"href":"http:\/\/basakcilastik.com.tr\/index.php?rest_route=\/wp\/v2\/product\/14692","targetHints":{"allow":["GET"]}}],"collection":[{"href":"http:\/\/basakcilastik.com.tr\/index.php?rest_route=\/wp\/v2\/product"}],"about":[{"href":"http:\/\/basakcilastik.com.tr\/index.php?rest_route=\/wp\/v2\/types\/product"}],"replies":[{"embeddable":true,"href":"http:\/\/basakcilastik.com.tr\/index.php?rest_route=%2Fwp%2Fv2%2Fcomments&post=14692"}],"wp:featuredmedia":[{"embeddable":true,"href":"http:\/\/basakcilastik.com.tr\/index.php?rest_route=\/wp\/v2\/media\/14693"}],"wp:attachment":[{"href":"http:\/\/basakcilastik.com.tr\/index.php?rest_route=%2Fwp%2Fv2%2Fmedia&parent=14692"}],"wp:term":[{"taxonomy":"product_brand","embeddable":true,"href":"http:\/\/basakcilastik.com.tr\/index.php?rest_route=%2Fwp%2Fv2%2Fproduct_brand&post=14692"},{"taxonomy":"product_cat","embeddable":true,"href":"http:\/\/basakcilastik.com.tr\/index.php?rest_route=%2Fwp%2Fv2%2Fproduct_cat&post=14692"},{"taxonomy":"product_tag","embeddable":true,"href":"http:\/\/basakcilastik.com.tr\/index.php?rest_route=%2Fwp%2Fv2%2Fproduct_tag&post=14692"}],"curies":[{"name":"wp","href":"https:\/\/api.w.org\/{rel}","templated":true}]}}