{"id":14558,"date":"2020-07-25T21:09:49","date_gmt":"2020-07-25T21:09:49","guid":{"rendered":"https:\/\/basakcilastik.com.tr\/?post_type=product&#038;p=14558"},"modified":"2020-07-25T21:09:49","modified_gmt":"2020-07-25T21:09:49","slug":"rekor-hortum-uclar","status":"publish","type":"product","link":"http:\/\/basakcilastik.com.tr\/?product=rekor-hortum-uclar","title":{"rendered":"Rekor Hortum U\u00e7lar"},"content":{"rendered":"<ul>\n<li>\u00c7al\u0131\u015fma bas\u0131nc\u0131 1 &#8211; 16 bar.<\/li>\n<\/ul>\n<table width=\"100%\">\n<tbody>\n<tr>\n<td width=\"148\"><strong>\u00a0\u00dcr\u00fcn Kodu<\/strong><\/td>\n<td width=\"159\"><strong>\u00a0\u00d6l\u00e7\u00fc<\/strong><\/td>\n<td width=\"173\"><strong>\u00a0Paket \/ Koli<\/strong><\/td>\n<\/tr>\n<tr>\n<td width=\"148\">\u00a0RHU0010<\/td>\n<td width=\"159\">\u00a07 mm<\/td>\n<td width=\"173\">\u00a012 \/ 120 Adet<\/td>\n<\/tr>\n<tr>\n<td width=\"148\">\u00a0RHU0020<\/td>\n<td width=\"159\">\u00a09 mm<\/td>\n<td width=\"173\">\u00a012 \/ 120 Adet<\/td>\n<\/tr>\n<tr>\n<td width=\"148\">\u00a0RHU0030<\/td>\n<td width=\"159\">\u00a011 mm<\/td>\n<td width=\"173\">\u00a012 \/ 120 Adet<\/td>\n<\/tr>\n<\/tbody>\n<\/table>\n","protected":false},"excerpt":{"rendered":"<p>\u00c7al\u0131\u015fma bas\u0131nc\u0131 1 &#8211; 16 bar. \u00a0\u00dcr\u00fcn Kodu \u00a0\u00d6l\u00e7\u00fc \u00a0Paket \/ Koli \u00a0RHU0010 \u00a07 mm \u00a012 \/ 120 Adet \u00a0RHU0020 \u00a09 mm \u00a012 \/ 120 Adet \u00a0RHU0030 \u00a011 mm \u00a012 \/ 120 Adet<\/p>\n","protected":false},"featured_media":14559,"comment_status":"open","ping_status":"closed","template":"","meta":[],"product_brand":[],"product_cat":[15,90,112],"product_tag":[],"class_list":{"0":"post-14558","1":"product","2":"type-product","3":"status-publish","4":"has-post-thumbnail","6":"product_cat-genel","7":"product_cat-havali-aletler","8":"product_cat-yedek-parcalar","10":"first","11":"instock","12":"shipping-taxable","13":"product-type-simple"},"_links":{"self":[{"href":"http:\/\/basakcilastik.com.tr\/index.php?rest_route=\/wp\/v2\/product\/14558","targetHints":{"allow":["GET"]}}],"collection":[{"href":"http:\/\/basakcilastik.com.tr\/index.php?rest_route=\/wp\/v2\/product"}],"about":[{"href":"http:\/\/basakcilastik.com.tr\/index.php?rest_route=\/wp\/v2\/types\/product"}],"replies":[{"embeddable":true,"href":"http:\/\/basakcilastik.com.tr\/index.php?rest_route=%2Fwp%2Fv2%2Fcomments&post=14558"}],"wp:featuredmedia":[{"embeddable":true,"href":"http:\/\/basakcilastik.com.tr\/index.php?rest_route=\/wp\/v2\/media\/14559"}],"wp:attachment":[{"href":"http:\/\/basakcilastik.com.tr\/index.php?rest_route=%2Fwp%2Fv2%2Fmedia&parent=14558"}],"wp:term":[{"taxonomy":"product_brand","embeddable":true,"href":"http:\/\/basakcilastik.com.tr\/index.php?rest_route=%2Fwp%2Fv2%2Fproduct_brand&post=14558"},{"taxonomy":"product_cat","embeddable":true,"href":"http:\/\/basakcilastik.com.tr\/index.php?rest_route=%2Fwp%2Fv2%2Fproduct_cat&post=14558"},{"taxonomy":"product_tag","embeddable":true,"href":"http:\/\/basakcilastik.com.tr\/index.php?rest_route=%2Fwp%2Fv2%2Fproduct_tag&post=14558"}],"curies":[{"name":"wp","href":"https:\/\/api.w.org\/{rel}","templated":true}]}}