{"id":14520,"date":"2020-07-25T21:02:18","date_gmt":"2020-07-25T21:02:18","guid":{"rendered":"https:\/\/basakcilastik.com.tr\/?post_type=product&#038;p=14520"},"modified":"2020-07-25T21:02:21","modified_gmt":"2020-07-25T21:02:21","slug":"opt-e-ktb417my-programsiz-orta-tork-mandalli","status":"publish","type":"product","link":"http:\/\/basakcilastik.com.tr\/?product=opt-e-ktb417my-programsiz-orta-tork-mandalli","title":{"rendered":"OPT-E KTB417MY Programs\u0131z &#8211; Orta Tork &#8211; Mandall\u0131"},"content":{"rendered":"<p>OPT-E KTB417MY<\/p>\n<p><strong>Tork Aral\u0131\u011f\u0131: 0,29-1,67 Nm<\/strong><br \/>\n<strong>H\u0131z: 2000-1400 RPM<\/strong><br \/>\n<strong>Vida \u00c7ap\u0131: Machine Screw 1,6-3 mm &#8211; Tapping Screw 1,6-2,6 mm<\/strong><br \/>\n<strong>G\u00fc\u00e7 Kayna\u011f\u0131: DC 24\/32 V<\/strong><br \/>\n<strong>G\u00fc\u00e7 T\u00fcketimi: 55 W<\/strong><br \/>\n<strong>A\u011f\u0131rl\u0131k: 540 g<\/strong><\/p>\n<p>&nbsp;<\/p>\n","protected":false},"excerpt":{"rendered":"<p>OPT-E KTB417MY Tork Aral\u0131\u011f\u0131: 0,29-1,67 Nm H\u0131z: 2000-1400 RPM Vida \u00c7ap\u0131: Machine Screw 1,6-3 mm &#8211; Tapping Screw 1,6-2,6 mm G\u00fc\u00e7 Kayna\u011f\u0131: DC 24\/32 V G\u00fc\u00e7 T\u00fcketimi: 55 W A\u011f\u0131rl\u0131k: 540 g &nbsp;<\/p>\n","protected":false},"featured_media":14527,"comment_status":"open","ping_status":"closed","template":"","meta":[],"product_brand":[],"product_cat":[15,90,111],"product_tag":[],"class_list":{"0":"post-14520","1":"product","2":"type-product","3":"status-publish","4":"has-post-thumbnail","6":"product_cat-genel","7":"product_cat-havali-aletler","8":"product_cat-tornavidalar-havali-aletler","10":"first","11":"instock","12":"shipping-taxable","13":"product-type-simple"},"_links":{"self":[{"href":"http:\/\/basakcilastik.com.tr\/index.php?rest_route=\/wp\/v2\/product\/14520","targetHints":{"allow":["GET"]}}],"collection":[{"href":"http:\/\/basakcilastik.com.tr\/index.php?rest_route=\/wp\/v2\/product"}],"about":[{"href":"http:\/\/basakcilastik.com.tr\/index.php?rest_route=\/wp\/v2\/types\/product"}],"replies":[{"embeddable":true,"href":"http:\/\/basakcilastik.com.tr\/index.php?rest_route=%2Fwp%2Fv2%2Fcomments&post=14520"}],"wp:featuredmedia":[{"embeddable":true,"href":"http:\/\/basakcilastik.com.tr\/index.php?rest_route=\/wp\/v2\/media\/14527"}],"wp:attachment":[{"href":"http:\/\/basakcilastik.com.tr\/index.php?rest_route=%2Fwp%2Fv2%2Fmedia&parent=14520"}],"wp:term":[{"taxonomy":"product_brand","embeddable":true,"href":"http:\/\/basakcilastik.com.tr\/index.php?rest_route=%2Fwp%2Fv2%2Fproduct_brand&post=14520"},{"taxonomy":"product_cat","embeddable":true,"href":"http:\/\/basakcilastik.com.tr\/index.php?rest_route=%2Fwp%2Fv2%2Fproduct_cat&post=14520"},{"taxonomy":"product_tag","embeddable":true,"href":"http:\/\/basakcilastik.com.tr\/index.php?rest_route=%2Fwp%2Fv2%2Fproduct_tag&post=14520"}],"curies":[{"name":"wp","href":"https:\/\/api.w.org\/{rel}","templated":true}]}}