{"id":14482,"date":"2020-07-25T20:51:45","date_gmt":"2020-07-25T20:51:45","guid":{"rendered":"https:\/\/basakcilastik.com.tr\/?post_type=product&#038;p=14482"},"modified":"2020-07-25T20:51:46","modified_gmt":"2020-07-25T20:51:46","slug":"osa-psm14-polisaj-sungeri-sari","status":"publish","type":"product","link":"http:\/\/basakcilastik.com.tr\/?product=osa-psm14-polisaj-sungeri-sari","title":{"rendered":"OSA-PSM14 POL\u0130SAJ S\u00dcNGER\u0130 SARI"},"content":{"rendered":"<p>OSA-PSM14 POL\u0130SAJ S\u00dcNGER\u0130 SARI<\/p>\n<p><strong>14 mm Polisaj S\u00fcngeri Sar\u0131<\/strong><\/p>\n","protected":false},"excerpt":{"rendered":"<p>OSA-PSM14 POL\u0130SAJ S\u00dcNGER\u0130 SARI 14 mm Polisaj S\u00fcngeri Sar\u0131<\/p>\n","protected":false},"featured_media":14484,"comment_status":"open","ping_status":"closed","template":"","meta":[],"product_brand":[],"product_cat":[15,90,112],"product_tag":[],"class_list":{"0":"post-14482","1":"product","2":"type-product","3":"status-publish","4":"has-post-thumbnail","6":"product_cat-genel","7":"product_cat-havali-aletler","8":"product_cat-yedek-parcalar","10":"first","11":"instock","12":"shipping-taxable","13":"product-type-simple"},"_links":{"self":[{"href":"http:\/\/basakcilastik.com.tr\/index.php?rest_route=\/wp\/v2\/product\/14482","targetHints":{"allow":["GET"]}}],"collection":[{"href":"http:\/\/basakcilastik.com.tr\/index.php?rest_route=\/wp\/v2\/product"}],"about":[{"href":"http:\/\/basakcilastik.com.tr\/index.php?rest_route=\/wp\/v2\/types\/product"}],"replies":[{"embeddable":true,"href":"http:\/\/basakcilastik.com.tr\/index.php?rest_route=%2Fwp%2Fv2%2Fcomments&post=14482"}],"wp:featuredmedia":[{"embeddable":true,"href":"http:\/\/basakcilastik.com.tr\/index.php?rest_route=\/wp\/v2\/media\/14484"}],"wp:attachment":[{"href":"http:\/\/basakcilastik.com.tr\/index.php?rest_route=%2Fwp%2Fv2%2Fmedia&parent=14482"}],"wp:term":[{"taxonomy":"product_brand","embeddable":true,"href":"http:\/\/basakcilastik.com.tr\/index.php?rest_route=%2Fwp%2Fv2%2Fproduct_brand&post=14482"},{"taxonomy":"product_cat","embeddable":true,"href":"http:\/\/basakcilastik.com.tr\/index.php?rest_route=%2Fwp%2Fv2%2Fproduct_cat&post=14482"},{"taxonomy":"product_tag","embeddable":true,"href":"http:\/\/basakcilastik.com.tr\/index.php?rest_route=%2Fwp%2Fv2%2Fproduct_tag&post=14482"}],"curies":[{"name":"wp","href":"https:\/\/api.w.org\/{rel}","templated":true}]}}