{"id":14202,"date":"2020-07-25T19:00:02","date_gmt":"2020-07-25T19:00:02","guid":{"rendered":"https:\/\/basakcilastik.com.tr\/?post_type=product&#038;p=14202"},"modified":"2020-07-25T19:00:02","modified_gmt":"2020-07-25T19:00:02","slug":"opc-44007-endustriyel-tornavida","status":"publish","type":"product","link":"http:\/\/basakcilastik.com.tr\/?product=opc-44007-endustriyel-tornavida","title":{"rendered":"OPC 44007 END\u00dcSTR\u0130YEL TORNAV\u0130DA"},"content":{"rendered":"<p>OPC 44007<\/p>\n<p><strong>Civata \u00c7ap\u0131: M3-M4<\/strong><br \/>\n<strong>Soket Karesi: 1\/4&#8243;<\/strong><br \/>\n<strong>Tork Aral\u0131\u011f\u0131: 1-4,5 Nm<\/strong><br \/>\n<strong>Bo\u015fta Devir: 700 RPM<\/strong><br \/>\n<strong>Hava T\u00fcketimi: 470 lt\/dk<\/strong><br \/>\n<strong>Hava Giri\u015f Nipeli: 1\/4&#8243;<\/strong><br \/>\n<strong>Hortum \u00c7ap\u0131: 6.50 mm<\/strong><br \/>\n<strong>\u00c7al\u0131\u015fma Bas\u0131nc\u0131: 6.3 bar<\/strong><br \/>\n<strong>Ses \u015eiddeti: 78 dB(A)<\/strong><br \/>\n<strong>A\u011f\u0131rl\u0131k: 0.90 kg<\/strong><\/p>\n<p>&nbsp;<\/p>\n","protected":false},"excerpt":{"rendered":"<p>OPC 44007 Civata \u00c7ap\u0131: M3-M4 Soket Karesi: 1\/4&#8243; Tork Aral\u0131\u011f\u0131: 1-4,5 Nm Bo\u015fta Devir: 700 RPM Hava T\u00fcketimi: 470 lt\/dk Hava Giri\u015f Nipeli: 1\/4&#8243; Hortum \u00c7ap\u0131: 6.50 mm \u00c7al\u0131\u015fma Bas\u0131nc\u0131: 6.3 bar Ses \u015eiddeti: 78 dB(A) A\u011f\u0131rl\u0131k: 0.90 kg &nbsp;<\/p>\n","protected":false},"featured_media":14205,"comment_status":"open","ping_status":"closed","template":"","meta":[],"product_brand":[],"product_cat":[15,90,111],"product_tag":[],"class_list":{"0":"post-14202","1":"product","2":"type-product","3":"status-publish","4":"has-post-thumbnail","6":"product_cat-genel","7":"product_cat-havali-aletler","8":"product_cat-tornavidalar-havali-aletler","10":"first","11":"instock","12":"shipping-taxable","13":"product-type-simple"},"_links":{"self":[{"href":"http:\/\/basakcilastik.com.tr\/index.php?rest_route=\/wp\/v2\/product\/14202","targetHints":{"allow":["GET"]}}],"collection":[{"href":"http:\/\/basakcilastik.com.tr\/index.php?rest_route=\/wp\/v2\/product"}],"about":[{"href":"http:\/\/basakcilastik.com.tr\/index.php?rest_route=\/wp\/v2\/types\/product"}],"replies":[{"embeddable":true,"href":"http:\/\/basakcilastik.com.tr\/index.php?rest_route=%2Fwp%2Fv2%2Fcomments&post=14202"}],"wp:featuredmedia":[{"embeddable":true,"href":"http:\/\/basakcilastik.com.tr\/index.php?rest_route=\/wp\/v2\/media\/14205"}],"wp:attachment":[{"href":"http:\/\/basakcilastik.com.tr\/index.php?rest_route=%2Fwp%2Fv2%2Fmedia&parent=14202"}],"wp:term":[{"taxonomy":"product_brand","embeddable":true,"href":"http:\/\/basakcilastik.com.tr\/index.php?rest_route=%2Fwp%2Fv2%2Fproduct_brand&post=14202"},{"taxonomy":"product_cat","embeddable":true,"href":"http:\/\/basakcilastik.com.tr\/index.php?rest_route=%2Fwp%2Fv2%2Fproduct_cat&post=14202"},{"taxonomy":"product_tag","embeddable":true,"href":"http:\/\/basakcilastik.com.tr\/index.php?rest_route=%2Fwp%2Fv2%2Fproduct_tag&post=14202"}],"curies":[{"name":"wp","href":"https:\/\/api.w.org\/{rel}","templated":true}]}}